{"id":1089,"date":"2025-05-19T08:40:16","date_gmt":"2025-05-19T08:40:16","guid":{"rendered":"https:\/\/archivesdusenegal.gouv.sn\/?page_id=1089"},"modified":"2025-11-16T23:10:38","modified_gmt":"2025-11-16T23:10:38","slug":"publications-scientifiques","status":"publish","type":"page","link":"https:\/\/archivesdusenegal.gouv.sn\/?page_id=1089","title":{"rendered":"Publications Scientifiques"},"content":{"rendered":"[et_pb_section admin_label=\u00a0\u00bbsection\u00a0\u00bb]\n\t\t\t[et_pb_row admin_label=\u00a0\u00bbrow\u00a0\u00bb]\n\t\t\t\t[et_pb_column type=\u00a0\u00bb4_4&Prime;][et_pb_text admin_label=\u00a0\u00bbText\u00a0\u00bb]\n<table id=\"tablepress-6\" class=\"tablepress tablepress-id-6\">\n<thead>\n<tr class=\"row-1\">\n\t<th class=\"column-1\"> <span style=\"color:#FFFFFF;\"><strong>Collection<\/strong><\/span><\/th><th class=\"column-2\"><span style=\"color:#FFFFFF;\"><strong>Types de Collection<\/strong><\/span><\/th><th class=\"column-3\"><span style=\"color:#FFFFFF;\"><strong>Ressources documentaires correspondantes<\/strong><\/span><\/th>\n<\/tr>\n<\/thead>\n<tbody class=\"row-striping row-hover\">\n<tr class=\"row-2\">\n\t<td class=\"column-1\">Publications Scientifiques<\/td><td class=\"column-2\">_Th\u00e8se<br \/>\n_M\u00e9moire<br \/>\n_Revue Scientifique<br \/>\n_Rapport de stage<br \/>\n_Acte de colloque<\/td><td class=\"column-3\">_Bibliographie nationale <br \/>\n_R\u00e9pertoire des th\u00e8ses et m\u00e9moires conserv\u00e9s \u00e0 la biblioth\u00e8que des archives du S\u00e9n\u00e9gal depuis 1903 jusqu'en 2009<br \/>\n_R\u00e9pertoire des publications en s\u00e9rie s\u00e9n\u00e9galaises ayant re\u00e7u un num\u00e9ro ISSN<br \/>\n_R\u00e9pertoire du fichier d'autorit\u00e9 des collectivit\u00e9s auteurs<br \/>\n_R\u00e9pertoire du fichier d'autorit\u00e9-mati\u00e8re<\/td>\n<\/tr>\n<\/tbody>\n<\/table>\n<!-- #tablepress-6 from cache -->\n[\/et_pb_text][\/et_pb_column]\n\t\t\t[\/et_pb_row]\n\t\t[\/et_pb_section]","protected":false},"excerpt":{"rendered":"\n<table id=\"tablepress-6-no-2\" class=\"tablepress tablepress-id-6\">\n<thead>\n<tr class=\"row-1\">\n\t<th class=\"column-1\"> <span style=\"color:#FFFFFF;\"><strong>Collection<\/strong><\/span><\/th><th class=\"column-2\"><span style=\"color:#FFFFFF;\"><strong>Types de Collection<\/strong><\/span><\/th><th class=\"column-3\"><span style=\"color:#FFFFFF;\"><strong>Ressources documentaires correspondantes<\/strong><\/span><\/th>\n<\/tr>\n<\/thead>\n<tbody class=\"row-striping row-hover\">\n<tr class=\"row-2\">\n\t<td class=\"column-1\">Publications Scientifiques<\/td><td class=\"column-2\">_Th\u00e8se<br \/>\n_M\u00e9moire<br \/>\n_Revue Scientifique<br \/>\n_Rapport de stage<br \/>\n_Acte de colloque<\/td><td class=\"column-3\">_Bibliographie nationale <br \/>\n_R\u00e9pertoire des th\u00e8ses et m\u00e9moires conserv\u00e9s \u00e0 la biblioth\u00e8que des archives du S\u00e9n\u00e9gal depuis 1903 jusqu'en 2009<br \/>\n_R\u00e9pertoire des publications en s\u00e9rie s\u00e9n\u00e9galaises ayant re\u00e7u un num\u00e9ro ISSN<br \/>\n_R\u00e9pertoire du fichier d'autorit\u00e9 des collectivit\u00e9s auteurs<br \/>\n_R\u00e9pertoire du fichier d'autorit\u00e9-mati\u00e8re<\/td>\n<\/tr>\n<\/tbody>\n<\/table>\n\n","protected":false},"author":3,"featured_media":0,"parent":0,"menu_order":0,"comment_status":"closed","ping_status":"closed","template":"","meta":{"_et_pb_use_builder":"on","_et_pb_old_content":"<!-- wp:shortcode -->\n[table id=6 \/]\n<!-- \/wp:shortcode -->","_et_gb_content_width":"","footnotes":""},"class_list":["post-1089","page","type-page","status-publish","hentry"],"_links":{"self":[{"href":"https:\/\/archivesdusenegal.gouv.sn\/index.php?rest_route=\/wp\/v2\/pages\/1089","targetHints":{"allow":["GET"]}}],"collection":[{"href":"https:\/\/archivesdusenegal.gouv.sn\/index.php?rest_route=\/wp\/v2\/pages"}],"about":[{"href":"https:\/\/archivesdusenegal.gouv.sn\/index.php?rest_route=\/wp\/v2\/types\/page"}],"author":[{"embeddable":true,"href":"https:\/\/archivesdusenegal.gouv.sn\/index.php?rest_route=\/wp\/v2\/users\/3"}],"replies":[{"embeddable":true,"href":"https:\/\/archivesdusenegal.gouv.sn\/index.php?rest_route=%2Fwp%2Fv2%2Fcomments&post=1089"}],"version-history":[{"count":5,"href":"https:\/\/archivesdusenegal.gouv.sn\/index.php?rest_route=\/wp\/v2\/pages\/1089\/revisions"}],"predecessor-version":[{"id":2636,"href":"https:\/\/archivesdusenegal.gouv.sn\/index.php?rest_route=\/wp\/v2\/pages\/1089\/revisions\/2636"}],"wp:attachment":[{"href":"https:\/\/archivesdusenegal.gouv.sn\/index.php?rest_route=%2Fwp%2Fv2%2Fmedia&parent=1089"}],"curies":[{"name":"wp","href":"https:\/\/api.w.org\/{rel}","templated":true}]}}