{"id":1091,"date":"2025-05-19T08:40:40","date_gmt":"2025-05-19T08:40:40","guid":{"rendered":"https:\/\/archivesdusenegal.gouv.sn\/?page_id=1091"},"modified":"2025-11-16T23:11:34","modified_gmt":"2025-11-16T23:11:34","slug":"periodiques","status":"publish","type":"page","link":"https:\/\/archivesdusenegal.gouv.sn\/?page_id=1091","title":{"rendered":"P\u00e9riodiques"},"content":{"rendered":"[et_pb_section admin_label=\u00a0\u00bbsection\u00a0\u00bb]\n\t\t\t[et_pb_row admin_label=\u00a0\u00bbrow\u00a0\u00bb]\n\t\t\t\t[et_pb_column type=\u00a0\u00bb4_4&Prime;][et_pb_text admin_label=\u00a0\u00bbText\u00a0\u00bb]\n<table id=\"tablepress-7\" class=\"tablepress tablepress-id-7\">\n<thead>\n<tr class=\"row-1\">\n\t<th class=\"column-1\"><span style=\"color:#FFFFFF;\"><strong>Type de Collection<\/strong><\/span><\/th><th class=\"column-2\"><span style=\"color:#FFFFFF;\"><strong>Sous- Collection<\/strong><\/span><\/th><th class=\"column-3\"><span style=\"color:#FFFFFF;\"><strong>Ressources documentaires correspondantes<\/strong><\/span><\/th>\n<\/tr>\n<\/thead>\n<tbody class=\"row-striping row-hover\">\n<tr class=\"row-2\">\n\t<td class=\"column-1\">P\u00e9riodiques<\/td><td class=\"column-2\">_Revue<br \/>\n_Magazine<br \/>\n_Bulletin<br \/>\n_Presse ou Journal etc...<\/td><td class=\"column-3\">_R\u00e9pertoire des publications en s\u00e9rie s\u00e9n\u00e9galaises ayant re\u00e7u un num\u00e9ro ISSN<\/td>\n<\/tr>\n<\/tbody>\n<\/table>\n<!-- #tablepress-7 from cache -->\n[\/et_pb_text][\/et_pb_column]\n\t\t\t[\/et_pb_row]\n\t\t[\/et_pb_section]","protected":false},"excerpt":{"rendered":"\n<table id=\"tablepress-7-no-2\" class=\"tablepress tablepress-id-7\">\n<thead>\n<tr class=\"row-1\">\n\t<th class=\"column-1\"><span style=\"color:#FFFFFF;\"><strong>Type de Collection<\/strong><\/span><\/th><th class=\"column-2\"><span style=\"color:#FFFFFF;\"><strong>Sous- Collection<\/strong><\/span><\/th><th class=\"column-3\"><span style=\"color:#FFFFFF;\"><strong>Ressources documentaires correspondantes<\/strong><\/span><\/th>\n<\/tr>\n<\/thead>\n<tbody class=\"row-striping row-hover\">\n<tr class=\"row-2\">\n\t<td class=\"column-1\">P\u00e9riodiques<\/td><td class=\"column-2\">_Revue<br \/>\n_Magazine<br \/>\n_Bulletin<br \/>\n_Presse ou Journal etc...<\/td><td class=\"column-3\">_R\u00e9pertoire des publications en s\u00e9rie s\u00e9n\u00e9galaises ayant re\u00e7u un num\u00e9ro ISSN<\/td>\n<\/tr>\n<\/tbody>\n<\/table>\n\n","protected":false},"author":3,"featured_media":0,"parent":0,"menu_order":0,"comment_status":"closed","ping_status":"closed","template":"","meta":{"_et_pb_use_builder":"on","_et_pb_old_content":"<!-- wp:shortcode -->\n[table id=7 \/]\n<!-- \/wp:shortcode -->","_et_gb_content_width":"","footnotes":""},"class_list":["post-1091","page","type-page","status-publish","hentry"],"_links":{"self":[{"href":"https:\/\/archivesdusenegal.gouv.sn\/index.php?rest_route=\/wp\/v2\/pages\/1091","targetHints":{"allow":["GET"]}}],"collection":[{"href":"https:\/\/archivesdusenegal.gouv.sn\/index.php?rest_route=\/wp\/v2\/pages"}],"about":[{"href":"https:\/\/archivesdusenegal.gouv.sn\/index.php?rest_route=\/wp\/v2\/types\/page"}],"author":[{"embeddable":true,"href":"https:\/\/archivesdusenegal.gouv.sn\/index.php?rest_route=\/wp\/v2\/users\/3"}],"replies":[{"embeddable":true,"href":"https:\/\/archivesdusenegal.gouv.sn\/index.php?rest_route=%2Fwp%2Fv2%2Fcomments&post=1091"}],"version-history":[{"count":4,"href":"https:\/\/archivesdusenegal.gouv.sn\/index.php?rest_route=\/wp\/v2\/pages\/1091\/revisions"}],"predecessor-version":[{"id":2637,"href":"https:\/\/archivesdusenegal.gouv.sn\/index.php?rest_route=\/wp\/v2\/pages\/1091\/revisions\/2637"}],"wp:attachment":[{"href":"https:\/\/archivesdusenegal.gouv.sn\/index.php?rest_route=%2Fwp%2Fv2%2Fmedia&parent=1091"}],"curies":[{"name":"wp","href":"https:\/\/api.w.org\/{rel}","templated":true}]}}