{"id":1211,"date":"2025-07-10T11:58:47","date_gmt":"2025-07-10T11:58:47","guid":{"rendered":"https:\/\/archivesdusenegal.gouv.sn\/?page_id=1211"},"modified":"2025-11-17T13:20:56","modified_gmt":"2025-11-17T13:20:56","slug":"appui-technique","status":"publish","type":"page","link":"https:\/\/archivesdusenegal.gouv.sn\/?page_id=1211","title":{"rendered":"Appui Technique"},"content":{"rendered":"<p>[et_pb_section fb_built=\u00a0\u00bb1&Prime; custom_padding_last_edited=\u00a0\u00bbon|phone\u00a0\u00bb admin_label=\u00a0\u00bbHeader\u00a0\u00bb _builder_version=\u00a0\u00bb4.22.0&Prime; _module_preset=\u00a0\u00bb9f97f4d0-146a-4c3c-8d74-084854d5c783&Prime; background_color=\u00a0\u00bb#000000&Prime; use_background_color_gradient=\u00a0\u00bboff\u00a0\u00bb background_enable_image=\u00a0\u00bboff\u00a0\u00bb custom_padding=\u00a0\u00bb1vw||3px||false|false\u00a0\u00bb custom_padding_tablet=\u00a0\u00bb20vw||0px||false|false\u00a0\u00bb custom_padding_phone=\u00a0\u00bb20vw||0px||false|false\u00a0\u00bb global_colors_info=\u00a0\u00bb{}\u00a0\u00bb][et_pb_row _builder_version=\u00a0\u00bb4.25.2&Prime; _module_preset=\u00a0\u00bb711e1c36-a54e-423c-be1b-b2dd447201f1&Prime; custom_margin=\u00a0\u00bb14px|auto|13px|auto||\u00a0\u00bb custom_padding=\u00a0\u00bb||32px|||\u00a0\u00bb global_colors_info=\u00a0\u00bb{}\u00a0\u00bb][et_pb_column type=\u00a0\u00bb4_4&Prime; _builder_version=\u00a0\u00bb4.25.2&Prime; _module_preset=\u00a0\u00bbdefault\u00a0\u00bb global_colors_info=\u00a0\u00bb{}\u00a0\u00bb][et_pb_heading title=\u00a0\u00bb          SERVICE DES APPUIS TECHNIQUES\u00a0\u00bb _builder_version=\u00a0\u00bb4.22.0&Prime; _module_preset=\u00a0\u00bbe1f419ce-7e16-4bc7-bdea-2e894a7f2a77&Prime; title_font=\u00a0\u00bb||||||||\u00a0\u00bb title_text_align=\u00a0\u00bbcenter\u00a0\u00bb title_text_color=\u00a0\u00bb#FFFFFF\u00a0\u00bb title_font_size=\u00a0\u00bb24px\u00a0\u00bb max_width=\u00a0\u00bb1080px\u00a0\u00bb module_alignment=\u00a0\u00bbcenter\u00a0\u00bb global_colors_info=\u00a0\u00bb{}\u00a0\u00bb][\/et_pb_heading][\/et_pb_column][\/et_pb_row][\/et_pb_section][et_pb_section fb_built=\u00a0\u00bb1&Prime; _builder_version=\u00a0\u00bb4.22.0&Prime; _module_preset=\u00a0\u00bbdefault\u00a0\u00bb background_image=\u00a0\u00bbhttp:\/\/archivesdusenegal.gouv.sn\/wp-content\/uploads\/2024\/05\/seafood-restaurant-22.png\u00a0\u00bb background_size=\u00a0\u00bbinitial\u00a0\u00bb background_position=\u00a0\u00bbbottom_left\u00a0\u00bb background_horizontal_offset=\u00a0\u00bb-43%\u00a0\u00bb global_colors_info=\u00a0\u00bb{}\u00a0\u00bb][et_pb_row _builder_version=\u00a0\u00bb4.22.0&Prime; _module_preset=\u00a0\u00bbdefault\u00a0\u00bb custom_margin=\u00a0\u00bb-43px|auto||auto||\u00a0\u00bb global_colors_info=\u00a0\u00bb{}\u00a0\u00bb][et_pb_column type=\u00a0\u00bb4_4&Prime; _builder_version=\u00a0\u00bb4.22.0&Prime; _module_preset=\u00a0\u00bbdefault\u00a0\u00bb global_colors_info=\u00a0\u00bb{}\u00a0\u00bb][et_pb_text _builder_version=\u00a0\u00bb4.22.0&Prime; _module_preset=\u00a0\u00bbdefault\u00a0\u00bb text_font=\u00a0\u00bb|300|||||||\u00a0\u00bb text_font_size=\u00a0\u00bb16px\u00a0\u00bb text_line_height=\u00a0\u00bb2.1em\u00a0\u00bb text_orientation=\u00a0\u00bbright\u00a0\u00bb background_layout=\u00a0\u00bbdark\u00a0\u00bb hover_enabled=\u00a0\u00bb0&Prime; global_colors_info=\u00a0\u00bb{}\u00a0\u00bb text_text_color=\u00a0\u00bb#FFFFFF\u00a0\u00bb sticky_enabled=\u00a0\u00bb0&Prime;]<\/p>\n<p style=\"text-align: justify;\"><span style=\"font-weight: 400; color: #000000;\">Le Service des appuis techniques est constitu\u00e9 :<\/span><\/p>\n<ul style=\"text-align: justify;\">\n<li><span style=\"font-weight: 400; color: #000000;\">&#8211;\u00a0 d\u2019une division informatique,<\/span><\/li>\n<li><span style=\"font-weight: 400; color: #000000;\">&#8211; d\u2019une division de la conservation pr\u00e9ventive, des moyens audiovisuels et de la reprographie.<\/span><\/li>\n<\/ul>\n<h4 style=\"text-align: justify;\"><span style=\"color: #008000;\"><b>La division informatique est charg\u00e9e :<\/b><\/span><\/h4>\n<ul style=\"text-align: justify;\"><\/ul>\n<ul style=\"text-align: justify;\">\n<li><span style=\"font-weight: 400; color: #000000;\">&#8211; de la mise en \u0153uvre de la politique de traitement automatique de l\u2019information,<\/span><\/li>\n<li><span style=\"font-weight: 400; color: #000000;\">&#8211; de la gestion automatis\u00e9e et de l\u2019\u00e9dition des instruments de recherche,<\/span><\/li>\n<li><span style=\"font-weight: 400; color: #000000;\">&#8211; de la gestion des outils informatiques,<\/span><\/li>\n<li><span style=\"font-weight: 400; color: #000000;\">&#8211; de la proposition sur les choix des syst\u00e8mes, logiciels et des mat\u00e9riels informatiques,<\/span><\/li>\n<li><span style=\"font-weight: 400; color: #000000;\">&#8211; de la gestion et de l\u2019\u00e9dition des Tables du Journal officiel de la R\u00e9publique du S\u00e9n\u00e9gal,<\/span><\/li>\n<li><span style=\"font-weight: 400; color: #000000;\">&#8211; de la num\u00e9risation des documents,<\/span><\/li>\n<li><span style=\"font-weight: 400; color: #000000;\">&#8211; de la formation et du perfectionnement du personnel aux nouvelles technologies de l\u2019information,\u00a0<\/span><\/li>\n<li>de la communication et de l\u2019\u00e9dition des instruments de recherche.<\/li>\n<\/ul>\n<p>[\/et_pb_text][et_pb_text _builder_version=\u00a0\u00bb4.22.0&Prime; _module_preset=\u00a0\u00bbdefault\u00a0\u00bb text_font=\u00a0\u00bb|300|||||||\u00a0\u00bb text_font_size=\u00a0\u00bb16px\u00a0\u00bb text_line_height=\u00a0\u00bb2em\u00a0\u00bb background_layout=\u00a0\u00bbdark\u00a0\u00bb global_colors_info=\u00a0\u00bb{}\u00a0\u00bb]<\/p>\n<h4><span style=\"color: #008000;\"><b>La division de la conservation pr\u00e9ventive, des moyens audiovisuels et de la reprographie<\/b><\/span><\/h4>\n<h5><span style=\"color: #000000;\">Elle est charg\u00e9e de la mise en \u0153uvre de la politique de pr\u00e9servation des documents. Elle est constitu\u00e9e:<\/span><\/h5>\n<ul>\n<li><span style=\"font-weight: 400; color: #000000;\">&#8211; d\u2019un atelier de reliure et de restauration,<\/span><\/li>\n<li><span style=\"font-weight: 400; color: #000000;\">&#8211; d\u2019un atelier de reprographie,<\/span><\/li>\n<li><span style=\"font-weight: 400; color: #000000;\">&#8211; d\u2019un atelier d\u2019audiovisuel.<\/span><\/li>\n<\/ul>\n<p>[\/et_pb_text][\/et_pb_column][\/et_pb_row][\/et_pb_section]<\/p>\n","protected":false},"excerpt":{"rendered":"<p>Le Service des appuis techniques est constitu\u00e9 : &#8211;\u00a0 d\u2019une division informatique, &#8211; d\u2019une division de la conservation pr\u00e9ventive, des moyens audiovisuels et de la reprographie. La division informatique est charg\u00e9e : &#8211; de la mise en \u0153uvre de la politique de traitement automatique de l\u2019information, &#8211; de la gestion automatis\u00e9e et de l\u2019\u00e9dition des [&hellip;]<\/p>\n","protected":false},"author":3,"featured_media":0,"parent":0,"menu_order":0,"comment_status":"closed","ping_status":"closed","template":"","meta":{"_et_pb_use_builder":"on","_et_pb_old_content":"","_et_gb_content_width":"","footnotes":""},"class_list":["post-1211","page","type-page","status-publish","hentry"],"_links":{"self":[{"href":"https:\/\/archivesdusenegal.gouv.sn\/index.php?rest_route=\/wp\/v2\/pages\/1211","targetHints":{"allow":["GET"]}}],"collection":[{"href":"https:\/\/archivesdusenegal.gouv.sn\/index.php?rest_route=\/wp\/v2\/pages"}],"about":[{"href":"https:\/\/archivesdusenegal.gouv.sn\/index.php?rest_route=\/wp\/v2\/types\/page"}],"author":[{"embeddable":true,"href":"https:\/\/archivesdusenegal.gouv.sn\/index.php?rest_route=\/wp\/v2\/users\/3"}],"replies":[{"embeddable":true,"href":"https:\/\/archivesdusenegal.gouv.sn\/index.php?rest_route=%2Fwp%2Fv2%2Fcomments&post=1211"}],"version-history":[{"count":13,"href":"https:\/\/archivesdusenegal.gouv.sn\/index.php?rest_route=\/wp\/v2\/pages\/1211\/revisions"}],"predecessor-version":[{"id":2703,"href":"https:\/\/archivesdusenegal.gouv.sn\/index.php?rest_route=\/wp\/v2\/pages\/1211\/revisions\/2703"}],"wp:attachment":[{"href":"https:\/\/archivesdusenegal.gouv.sn\/index.php?rest_route=%2Fwp%2Fv2%2Fmedia&parent=1211"}],"curies":[{"name":"wp","href":"https:\/\/api.w.org\/{rel}","templated":true}]}}