{"id":1567,"date":"2025-07-23T23:46:04","date_gmt":"2025-07-23T23:46:04","guid":{"rendered":"https:\/\/archivesdusenegal.gouv.sn\/?page_id=1567"},"modified":"2026-03-13T16:04:20","modified_gmt":"2026-03-13T16:04:20","slug":"animations","status":"publish","type":"page","link":"https:\/\/archivesdusenegal.gouv.sn\/?page_id=1567","title":{"rendered":"Volet Educatif"},"content":{"rendered":"<p>[et_pb_section fb_built=\u00a0\u00bb1&Prime; _builder_version=\u00a0\u00bb4.16&Prime; global_colors_info=\u00a0\u00bb{}\u00a0\u00bb][et_pb_row _builder_version=\u00a0\u00bb4.22.0&Prime; _module_preset=\u00a0\u00bbdefault\u00a0\u00bb][et_pb_column _builder_version=\u00a0\u00bb4.22.0&Prime; _module_preset=\u00a0\u00bbdefault\u00a0\u00bb type=\u00a0\u00bb4_4&Prime;][et_pb_code _builder_version=\u00a0\u00bb4.22.0&Prime; _module_preset=\u00a0\u00bbdefault\u00a0\u00bb hover_enabled=\u00a0\u00bb0&Prime; sticky_enabled=\u00a0\u00bb0&Prime;]<div id=\"metaslider-id-3239\" style=\"width: 100%;\" class=\"ml-slider-3-108-0 metaslider metaslider-flex metaslider-3239 ml-slider has-carousel-mode ms-theme-default nav-hidden\" role=\"region\" aria-label=\"Galeries\" data-height=\"300\" data-width=\"300\">\n    <div id=\"metaslider_container_3239\">\n        <div id=\"metaslider_3239\">\n            <ul class='slides'>\n                <li style=\"display: none; width: 100%;\" class=\"slide-3241 ms-image \" aria-roledescription=\"slide\" data-date=\"2026-03-13 15:50:46\" data-filename=\"madamefall11-300x300.jpeg\" data-slide-type=\"image\"><img fetchpriority=\"high\" fetchpriority=\"high\" decoding=\"async\" src=\"https:\/\/archivesdusenegal.gouv.sn\/wp-content\/uploads\/2026\/03\/madamefall11-300x300.jpeg\" height=\"300\" width=\"300\" alt=\"\" class=\"slider-3239 slide-3241 msDefaultImage\" title=\"madamefall11\" \/><\/li>\n                <li style=\"display: none; width: 100%;\" class=\"slide-3242 ms-image \" aria-roledescription=\"slide\" data-date=\"2026-03-13 15:50:46\" data-filename=\"madamefall13-1-300x300.jpeg\" data-slide-type=\"image\"><img decoding=\"async\" src=\"https:\/\/archivesdusenegal.gouv.sn\/wp-content\/uploads\/2026\/03\/madamefall13-1-300x300.jpeg\" height=\"300\" width=\"300\" alt=\"\" class=\"slider-3239 slide-3242 msDefaultImage\" title=\"madamefall13\" \/><\/li>\n                <li style=\"display: none; width: 100%;\" class=\"slide-3243 ms-image \" aria-roledescription=\"slide\" data-date=\"2026-03-13 15:50:46\" data-filename=\"madamefall3-300x300.jpeg\" data-slide-type=\"image\"><img decoding=\"async\" src=\"https:\/\/archivesdusenegal.gouv.sn\/wp-content\/uploads\/2026\/03\/madamefall3-300x300.jpeg\" height=\"300\" width=\"300\" alt=\"\" class=\"slider-3239 slide-3243 msDefaultImage\" title=\"madamefall3\" \/><\/li>\n                <li style=\"display: none; width: 100%;\" class=\"slide-3244 ms-image \" aria-roledescription=\"slide\" data-date=\"2026-03-13 15:50:47\" data-filename=\"madamefall7-300x300.jpeg\" data-slide-type=\"image\"><img loading=\"lazy\" loading=\"lazy\" decoding=\"async\" src=\"https:\/\/archivesdusenegal.gouv.sn\/wp-content\/uploads\/2026\/03\/madamefall7-300x300.jpeg\" height=\"300\" width=\"300\" alt=\"\" class=\"slider-3239 slide-3244 msDefaultImage\" title=\"madamefall7\" \/><\/li>\n                <li style=\"display: none; width: 100%;\" class=\"slide-3245 ms-image \" aria-roledescription=\"slide\" data-date=\"2026-03-13 15:50:47\" data-filename=\"madamefall18-300x300.jpeg\" data-slide-type=\"image\"><img loading=\"lazy\" loading=\"lazy\" decoding=\"async\" src=\"https:\/\/archivesdusenegal.gouv.sn\/wp-content\/uploads\/2026\/03\/madamefall18-300x300.jpeg\" height=\"300\" width=\"300\" alt=\"\" class=\"slider-3239 slide-3245 msDefaultImage\" title=\"madamefall18\" \/><\/li>\n                <li style=\"display: none; width: 100%;\" class=\"slide-3246 ms-image \" aria-roledescription=\"slide\" data-date=\"2026-03-13 15:50:47\" data-filename=\"madamefall5-300x300.jpeg\" data-slide-type=\"image\"><img loading=\"lazy\" loading=\"lazy\" decoding=\"async\" src=\"https:\/\/archivesdusenegal.gouv.sn\/wp-content\/uploads\/2026\/03\/madamefall5-300x300.jpeg\" height=\"300\" width=\"300\" alt=\"\" class=\"slider-3239 slide-3246 msDefaultImage\" title=\"madamefall5\" \/><\/li>\n                <li style=\"display: none; width: 100%;\" class=\"slide-3247 ms-image \" aria-roledescription=\"slide\" data-date=\"2026-03-13 15:50:47\" data-filename=\"madamefall6-300x300.jpeg\" data-slide-type=\"image\"><img loading=\"lazy\" loading=\"lazy\" decoding=\"async\" src=\"https:\/\/archivesdusenegal.gouv.sn\/wp-content\/uploads\/2026\/03\/madamefall6-300x300.jpeg\" height=\"300\" width=\"300\" alt=\"\" class=\"slider-3239 slide-3247 msDefaultImage\" title=\"madamefall6\" \/><\/li>\n                <li style=\"display: none; width: 100%;\" class=\"slide-3248 ms-image \" aria-roledescription=\"slide\" data-date=\"2026-03-13 15:50:47\" data-filename=\"madamefall18-1-300x300.jpeg\" data-slide-type=\"image\"><img loading=\"lazy\" loading=\"lazy\" decoding=\"async\" src=\"https:\/\/archivesdusenegal.gouv.sn\/wp-content\/uploads\/2026\/03\/madamefall18-1-300x300.jpeg\" height=\"300\" width=\"300\" alt=\"\" class=\"slider-3239 slide-3248 msDefaultImage\" title=\"madamefall18\" \/><\/li>\n                <li style=\"display: none; width: 100%;\" class=\"slide-3249 ms-image \" aria-roledescription=\"slide\" data-date=\"2026-03-13 15:50:47\" data-filename=\"madamefall2-1-300x300.jpeg\" data-slide-type=\"image\"><img loading=\"lazy\" loading=\"lazy\" decoding=\"async\" src=\"https:\/\/archivesdusenegal.gouv.sn\/wp-content\/uploads\/2026\/03\/madamefall2-1-300x300.jpeg\" height=\"300\" width=\"300\" alt=\"\" class=\"slider-3239 slide-3249 msDefaultImage\" title=\"madamefall2\" \/><\/li>\n                <li style=\"display: none; width: 100%;\" class=\"slide-3250 ms-image \" aria-roledescription=\"slide\" data-date=\"2026-03-13 15:50:47\" data-filename=\"madamefall13-1-300x300.jpeg\" data-slide-type=\"image\"><img loading=\"lazy\" loading=\"lazy\" decoding=\"async\" src=\"https:\/\/archivesdusenegal.gouv.sn\/wp-content\/uploads\/2026\/03\/madamefall13-1-300x300.jpeg\" height=\"300\" width=\"300\" alt=\"\" class=\"slider-3239 slide-3250 msDefaultImage\" title=\"madamefall13\" \/><\/li>\n                <li style=\"display: none; width: 100%;\" class=\"slide-3251 ms-image \" aria-roledescription=\"slide\" data-date=\"2026-03-13 15:50:47\" data-filename=\"madalefall4-300x300.jpeg\" data-slide-type=\"image\"><img loading=\"lazy\" loading=\"lazy\" decoding=\"async\" src=\"https:\/\/archivesdusenegal.gouv.sn\/wp-content\/uploads\/2026\/03\/madalefall4-300x300.jpeg\" height=\"300\" width=\"300\" alt=\"\" class=\"slider-3239 slide-3251 msDefaultImage\" title=\"madalefall4\" \/><\/li>\n                <li style=\"display: none; width: 100%;\" class=\"slide-3252 ms-image \" aria-roledescription=\"slide\" data-date=\"2026-03-13 15:50:47\" data-filename=\"madamefall3-300x300.jpeg\" data-slide-type=\"image\"><img loading=\"lazy\" loading=\"lazy\" decoding=\"async\" src=\"https:\/\/archivesdusenegal.gouv.sn\/wp-content\/uploads\/2026\/03\/madamefall3-300x300.jpeg\" height=\"300\" width=\"300\" alt=\"\" class=\"slider-3239 slide-3252 msDefaultImage\" title=\"madamefall3\" \/><\/li>\n                <li style=\"display: none; width: 100%;\" class=\"slide-3253 ms-image \" aria-roledescription=\"slide\" data-date=\"2026-03-13 15:50:47\" data-filename=\"madamefall3-300x300.jpeg\" data-slide-type=\"image\"><img loading=\"lazy\" loading=\"lazy\" decoding=\"async\" src=\"https:\/\/archivesdusenegal.gouv.sn\/wp-content\/uploads\/2026\/03\/madamefall3-300x300.jpeg\" height=\"300\" width=\"300\" alt=\"\" class=\"slider-3239 slide-3253 msDefaultImage\" title=\"madamefall3\" \/><\/li>\n            <\/ul>\n        <\/div>\n        \n    <\/div>\n<\/div>[\/et_pb_code][\/et_pb_column][\/et_pb_row][et_pb_row _builder_version=\u00a0\u00bb4.22.0&Prime; _module_preset=\u00a0\u00bbdefault\u00a0\u00bb global_colors_info=\u00a0\u00bb{}\u00a0\u00bb][et_pb_column type=\u00a0\u00bb4_4&Prime; _builder_version=\u00a0\u00bb4.22.0&Prime; _module_preset=\u00a0\u00bbdefault\u00a0\u00bb global_colors_info=\u00a0\u00bb{}\u00a0\u00bb][et_pb_accordion open_toggle_text_color=\u00a0\u00bb#00853F\u00a0\u00bb _builder_version=\u00a0\u00bb4.22.0&Prime; _module_preset=\u00a0\u00bbdefault\u00a0\u00bb toggle_text_color=\u00a0\u00bb#00853F\u00a0\u00bb toggle_font=\u00a0\u00bb|600|||||||\u00a0\u00bb global_colors_info=\u00a0\u00bb{}\u00a0\u00bb][et_pb_accordion_item title=\u00a0\u00bbVOLET EDUCATIF\u00a0\u00bb open=\u00a0\u00bbon\u00a0\u00bb open_toggle_text_color=\u00a0\u00bb#00853F\u00a0\u00bb _builder_version=\u00a0\u00bb4.22.0&Prime; _module_preset=\u00a0\u00bbdefault\u00a0\u00bb body_font=\u00a0\u00bb|300|||||||\u00a0\u00bb body_text_color=\u00a0\u00bb#000000&Prime; body_font_size=\u00a0\u00bb16px\u00a0\u00bb body_line_height=\u00a0\u00bb1.8em\u00a0\u00bb global_colors_info=\u00a0\u00bb{}\u00a0\u00bb toggle_level=\u00a0\u00bbh3&Prime; toggle_font=\u00a0\u00bb|700|||||||\u00a0\u00bb toggle_text_align=\u00a0\u00bbcenter\u00a0\u00bb closed_toggle_font_size=\u00a0\u00bb17px\u00a0\u00bb]<\/p>\n<h3><strong>\u00a0<\/strong>\ud83d\udcda La Direction des Archives du S\u00e9n\u00e9gal : un espace \u00e9ducatif ouvert aux \u00e9l\u00e8ves et \u00e9tudiants<\/h3>\n<p>&nbsp;<\/p>\n<ul>\n<li>\n<h3><strong>Visites guid\u00e9es des \u00e9tudiants et scolaires<\/strong><\/h3>\n<\/li>\n<\/ul>\n<p>Dans le cadre de sa mission de valorisation du patrimoine documentaire national, la Direction des Archives du S\u00e9n\u00e9gal (DAS) ouvre ses portes aux \u00e9l\u00e8ves et \u00e9tudiants, leur offrant un cadre propice \u00e0 la d\u00e9couverte, \u00e0 l\u2019apprentissage et \u00e0 la recherche.<\/p>\n<p>\u00c0 travers son volet \u00e9ducatif, le service organise r\u00e9guli\u00e8rement des portes ouvertes et visites guid\u00e9es pour les \u00e9l\u00e8ves des \u00e9tablissements scolaires publics ou priv\u00e9s, du primaire au secondaire, ainsi que pour les \u00e9tudiants universitaires d\u00e9sireux d\u2019en apprendre davantage sur l\u2019histoire administrative, politique, sociale et culturelle du S\u00e9n\u00e9gal. Ces visites permettent aux jeunes apprenants de se familiariser avec le r\u00f4le essentiel des archives dans la pr\u00e9servation de la m\u00e9moire nationale.<\/p>\n<p>Encadr\u00e9s par des archivistes professionnels, les visiteurs b\u00e9n\u00e9ficient de pr\u00e9sentations interactives sur :<\/p>\n<ul>\n<li>les missions de la DAS ;<\/li>\n<li>les techniques de conservation des documents ;<\/li>\n<li>les diff\u00e9rentes typologies d\u2019archives.<\/li>\n<\/ul>\n<p>Des ateliers p\u00e9dagogiques et des s\u00e9ances de consultation de documents anciens peuvent \u00e9galement \u00eatre organis\u00e9s, selon les niveaux et les besoins sp\u00e9cifiques des \u00e9tablissements.<\/p>\n<p>En recevant ces publics scolaires et universitaires, la DAS r\u00e9affirme sa volont\u00e9 de participer activement \u00e0 l\u2019\u00e9ducation citoyenne, de promouvoir la culture historique et de sensibiliser les jeunes \u00e0 l\u2019importance de la m\u00e9moire collective.<\/p>\n<p>Le service a organis\u00e9 plusieurs visites guid\u00e9es au profit des apprenants des \u00e9coles et universit\u00e9s suivantes\u00a0:<\/p>\n<ul>\n<li>Universit\u00e9 virtuelle du S\u00e9n\u00e9gal\u00a0;<\/li>\n<li>\u00c9cole Polytechnique de Thi\u00e8s\u00a0;<\/li>\n<li>\u00c9cole d\u2019Application et d\u2019Infanterie de Thi\u00e8s\u00a0;<\/li>\n<li>Universit\u00e9 Assane Seck de Ziguinchor\u00a0;<\/li>\n<li>\u00c9cole des Biblioth\u00e9caires, Archivistes et Documentalistes (EBAD) de l\u2019UCAD.<\/li>\n<\/ul>\n<ul>\n<li>\n<h3><strong>Stages et formation pratique<\/strong><\/h3>\n<\/li>\n<\/ul>\n<p>Apr\u00e8s des acquis th\u00e9oriques \u00e0 l\u2019universit\u00e9 ou dans toute autre \u00e9cole de formation, les \u00e9tudiants effectuent souvent des stages en milieu professionnel pour se perfectionner.<\/p>\n<p>La DAS accueille r\u00e9guli\u00e8rement des \u00e9tudiants de :<\/p>\n<ul>\n<li>EBAD \u2013 UCAD\u00a0:<\/li>\n<li>Universit\u00e9 Gaston Berger (UGB)\u00a0;<\/li>\n<li>\u00c9cole des Chartes\u00a0;<\/li>\n<li>Universit\u00e9 d\u2019Alexandrie.<\/li>\n<\/ul>\n<p>Les stages portent sur :<\/p>\n<ul>\n<li>Gestion des archives\u00a0;<\/li>\n<li>Collecte et traitement des documents\u00a0;<\/li>\n<li>Conservation et pr\u00e9servation des archives\u00a0;<\/li>\n<li>Communication et valorisation des archives.<\/li>\n<\/ul>\n<p>Ces exp\u00e9riences permettent aux \u00e9tudiants de mettre en pratique leurs connaissances tout en contribuant aux missions de la DAS.<\/p>\n<ul>\n<li>\n<h3><strong>P\u00e9dagogie et initiatives \u00e9ducatives<\/strong><\/h3>\n<\/li>\n<\/ul>\n<p>Par des initiatives participatives permettant de sensibiliser le public de l\u2019importance des archives et des collections, le bureau des activit\u00e9s \u00e9ducatives propose aux \u00e9tablissements scolaires des rencontres autour de plusieurs th\u00e9matiques, en collaboration avec la direction.<\/p>\n<p>Par le pass\u00e9, le bureau \u00e9ducatif a organis\u00e9 plusieurs concours du jeune historien :<\/p>\n<ul>\n<li>\u00a006 janvier 1988 : concours du jeune historien aux Archives nationales avec comme th\u00e8me : Urbanisation de la ville de Dakar \u00e0 partir de 1887 ; Evolution administrative de la commune de Dakar \u00e0 partir de 1887\u00a0;<\/li>\n<li>\u00a010 janvier 1996 : concours du jeune historien aux Archives nationales avec comme th\u00e8me : Le bombardement de Dakar, 23, 24, 25 septembre 1940\u00a0;<\/li>\n<li>\u00a016 janvier 1991 : concours du jeune historien aux Archives nationales avec comme th\u00e8me : La peste \u00e0 Dakar en 1914.<\/li>\n<\/ul>\n<p>Ces \u00e9v\u00e9nements renforcent l\u2019apprentissage actif, la culture historique et la sensibilisation \u00e0 la m\u00e9moire collective aupr\u00e8s des jeunes g\u00e9n\u00e9rations.<\/p>\n<ul>\n<li>\n<h3><strong>Impact des activit\u00e9s \u00e9ducatives<\/strong><\/h3>\n<\/li>\n<\/ul>\n<p>En accueillant ces publics scolaires et universitaires, la DAS contribue activement \u00e0 :<\/p>\n<ul>\n<li>L\u2019\u00e9ducation citoyenne\u00a0;<\/li>\n<li>La promotion de la culture historique\u00a0;<\/li>\n<li>La sensibilisation \u00e0 la m\u00e9moire collective.<\/li>\n<\/ul>\n<p>&nbsp;<\/p>\n<p>[\/et_pb_accordion_item][\/et_pb_accordion][\/et_pb_column][\/et_pb_row][\/et_pb_section]<\/p>\n","protected":false},"excerpt":{"rendered":"<p><div id=\"metaslider-id-3239\" style=\"width: 100%;\" class=\"ml-slider-3-108-0 metaslider metaslider-flex metaslider-3239 ml-slider has-carousel-mode ms-theme-default nav-hidden nav-hidden\" role=\"region\" aria-label=\"Galeries\" data-height=\"300\" data-width=\"300\">\n    <div id=\"metaslider_container_3239\">\n        <div id=\"metaslider_3239\">\n            <ul class='slides'>\n                <li style=\"display: none; width: 100%;\" class=\"slide-3241 ms-image \" aria-roledescription=\"slide\" data-date=\"2026-03-13 15:50:46\" data-filename=\"madamefall11-300x300.jpeg\" data-slide-type=\"image\"><img fetchpriority=\"high\" decoding=\"async\" src=\"https:\/\/archivesdusenegal.gouv.sn\/wp-content\/uploads\/2026\/03\/madamefall11-300x300.jpeg\" height=\"300\" width=\"300\" alt=\"\" class=\"slider-3239 slide-3241 msDefaultImage\" title=\"madamefall11\" \/><\/li>\n                <li style=\"display: none; width: 100%;\" class=\"slide-3242 ms-image \" aria-roledescription=\"slide\" data-date=\"2026-03-13 15:50:46\" data-filename=\"madamefall13-1-300x300.jpeg\" data-slide-type=\"image\"><img decoding=\"async\" src=\"https:\/\/archivesdusenegal.gouv.sn\/wp-content\/uploads\/2026\/03\/madamefall13-1-300x300.jpeg\" height=\"300\" width=\"300\" alt=\"\" class=\"slider-3239 slide-3242 msDefaultImage\" title=\"madamefall13\" \/><\/li>\n                <li style=\"display: none; width: 100%;\" class=\"slide-3243 ms-image \" aria-roledescription=\"slide\" data-date=\"2026-03-13 15:50:46\" data-filename=\"madamefall3-300x300.jpeg\" data-slide-type=\"image\"><img decoding=\"async\" src=\"https:\/\/archivesdusenegal.gouv.sn\/wp-content\/uploads\/2026\/03\/madamefall3-300x300.jpeg\" height=\"300\" width=\"300\" alt=\"\" class=\"slider-3239 slide-3243 msDefaultImage\" title=\"madamefall3\" \/><\/li>\n                <li style=\"display: none; width: 100%;\" class=\"slide-3244 ms-image \" aria-roledescription=\"slide\" data-date=\"2026-03-13 15:50:47\" data-filename=\"madamefall7-300x300.jpeg\" data-slide-type=\"image\"><img loading=\"lazy\" decoding=\"async\" src=\"https:\/\/archivesdusenegal.gouv.sn\/wp-content\/uploads\/2026\/03\/madamefall7-300x300.jpeg\" height=\"300\" width=\"300\" alt=\"\" class=\"slider-3239 slide-3244 msDefaultImage\" title=\"madamefall7\" \/><\/li>\n                <li style=\"display: none; width: 100%;\" class=\"slide-3245 ms-image \" aria-roledescription=\"slide\" data-date=\"2026-03-13 15:50:47\" data-filename=\"madamefall18-300x300.jpeg\" data-slide-type=\"image\"><img loading=\"lazy\" decoding=\"async\" src=\"https:\/\/archivesdusenegal.gouv.sn\/wp-content\/uploads\/2026\/03\/madamefall18-300x300.jpeg\" height=\"300\" width=\"300\" alt=\"\" class=\"slider-3239 slide-3245 msDefaultImage\" title=\"madamefall18\" \/><\/li>\n                <li style=\"display: none; width: 100%;\" class=\"slide-3246 ms-image \" aria-roledescription=\"slide\" data-date=\"2026-03-13 15:50:47\" data-filename=\"madamefall5-300x300.jpeg\" data-slide-type=\"image\"><img loading=\"lazy\" decoding=\"async\" src=\"https:\/\/archivesdusenegal.gouv.sn\/wp-content\/uploads\/2026\/03\/madamefall5-300x300.jpeg\" height=\"300\" width=\"300\" alt=\"\" class=\"slider-3239 slide-3246 msDefaultImage\" title=\"madamefall5\" \/><\/li>\n                <li style=\"display: none; width: 100%;\" class=\"slide-3247 ms-image \" aria-roledescription=\"slide\" data-date=\"2026-03-13 15:50:47\" data-filename=\"madamefall6-300x300.jpeg\" data-slide-type=\"image\"><img loading=\"lazy\" decoding=\"async\" src=\"https:\/\/archivesdusenegal.gouv.sn\/wp-content\/uploads\/2026\/03\/madamefall6-300x300.jpeg\" height=\"300\" width=\"300\" alt=\"\" class=\"slider-3239 slide-3247 msDefaultImage\" title=\"madamefall6\" \/><\/li>\n                <li style=\"display: none; width: 100%;\" class=\"slide-3248 ms-image \" aria-roledescription=\"slide\" data-date=\"2026-03-13 15:50:47\" data-filename=\"madamefall18-1-300x300.jpeg\" data-slide-type=\"image\"><img loading=\"lazy\" decoding=\"async\" src=\"https:\/\/archivesdusenegal.gouv.sn\/wp-content\/uploads\/2026\/03\/madamefall18-1-300x300.jpeg\" height=\"300\" width=\"300\" alt=\"\" class=\"slider-3239 slide-3248 msDefaultImage\" title=\"madamefall18\" \/><\/li>\n                <li style=\"display: none; width: 100%;\" class=\"slide-3249 ms-image \" aria-roledescription=\"slide\" data-date=\"2026-03-13 15:50:47\" data-filename=\"madamefall2-1-300x300.jpeg\" data-slide-type=\"image\"><img loading=\"lazy\" decoding=\"async\" src=\"https:\/\/archivesdusenegal.gouv.sn\/wp-content\/uploads\/2026\/03\/madamefall2-1-300x300.jpeg\" height=\"300\" width=\"300\" alt=\"\" class=\"slider-3239 slide-3249 msDefaultImage\" title=\"madamefall2\" \/><\/li>\n                <li style=\"display: none; width: 100%;\" class=\"slide-3250 ms-image \" aria-roledescription=\"slide\" data-date=\"2026-03-13 15:50:47\" data-filename=\"madamefall13-1-300x300.jpeg\" data-slide-type=\"image\"><img loading=\"lazy\" decoding=\"async\" src=\"https:\/\/archivesdusenegal.gouv.sn\/wp-content\/uploads\/2026\/03\/madamefall13-1-300x300.jpeg\" height=\"300\" width=\"300\" alt=\"\" class=\"slider-3239 slide-3250 msDefaultImage\" title=\"madamefall13\" \/><\/li>\n                <li style=\"display: none; width: 100%;\" class=\"slide-3251 ms-image \" aria-roledescription=\"slide\" data-date=\"2026-03-13 15:50:47\" data-filename=\"madalefall4-300x300.jpeg\" data-slide-type=\"image\"><img loading=\"lazy\" decoding=\"async\" src=\"https:\/\/archivesdusenegal.gouv.sn\/wp-content\/uploads\/2026\/03\/madalefall4-300x300.jpeg\" height=\"300\" width=\"300\" alt=\"\" class=\"slider-3239 slide-3251 msDefaultImage\" title=\"madalefall4\" \/><\/li>\n                <li style=\"display: none; width: 100%;\" class=\"slide-3252 ms-image \" aria-roledescription=\"slide\" data-date=\"2026-03-13 15:50:47\" data-filename=\"madamefall3-300x300.jpeg\" data-slide-type=\"image\"><img loading=\"lazy\" decoding=\"async\" src=\"https:\/\/archivesdusenegal.gouv.sn\/wp-content\/uploads\/2026\/03\/madamefall3-300x300.jpeg\" height=\"300\" width=\"300\" alt=\"\" class=\"slider-3239 slide-3252 msDefaultImage\" title=\"madamefall3\" \/><\/li>\n                <li style=\"display: none; width: 100%;\" class=\"slide-3253 ms-image \" aria-roledescription=\"slide\" data-date=\"2026-03-13 15:50:47\" data-filename=\"madamefall3-300x300.jpeg\" data-slide-type=\"image\"><img loading=\"lazy\" decoding=\"async\" src=\"https:\/\/archivesdusenegal.gouv.sn\/wp-content\/uploads\/2026\/03\/madamefall3-300x300.jpeg\" height=\"300\" width=\"300\" alt=\"\" class=\"slider-3239 slide-3253 msDefaultImage\" title=\"madamefall3\" \/><\/li>\n            <\/ul>\n        <\/div>\n        \n    <\/div>\n<\/div>\u00a0\ud83d\udcda La Direction des Archives du S\u00e9n\u00e9gal : un espace \u00e9ducatif ouvert aux \u00e9l\u00e8ves et \u00e9tudiants &nbsp; Visites guid\u00e9es des \u00e9tudiants et scolaires Dans le cadre de sa mission de valorisation du patrimoine documentaire national, la Direction des Archives du S\u00e9n\u00e9gal (DAS) ouvre ses portes aux \u00e9l\u00e8ves et \u00e9tudiants, leur offrant un cadre propice [&hellip;]<\/p>\n","protected":false},"author":3,"featured_media":0,"parent":0,"menu_order":0,"comment_status":"closed","ping_status":"closed","template":"","meta":{"_et_pb_use_builder":"on","_et_pb_old_content":"<!-- wp:columns -->\n<div class=\"wp-block-columns\"><!-- wp:column -->\n<div class=\"wp-block-column\"><\/div>\n<!-- \/wp:column -->\n\n<!-- wp:column -->\n<div class=\"wp-block-column\"><\/div>\n<!-- \/wp:column --><\/div>\n<!-- \/wp:columns -->\n\n<!-- wp:columns -->\n<div class=\"wp-block-columns\"><!-- wp:column -->\n<div class=\"wp-block-column\"><!-- wp:columns -->\n<div class=\"wp-block-columns\"><!-- wp:column -->\n<div class=\"wp-block-column\"><!-- wp:media-text {\"mediaId\":1684,\"mediaLink\":\"https:\/\/archivesdusenegal.gouv.sn\/?attachment_id=1684\",\"mediaType\":\"image\",\"mediaWidth\":60} -->\n<div class=\"wp-block-media-text is-stacked-on-mobile\" style=\"grid-template-columns:60% auto\"><figure class=\"wp-block-media-text__media\"><img src=\"http:\/\/archivesdusenegal.gouv.sn\/wp-content\/uploads\/2025\/07\/499665527_122101261958917518_6876311327649054264_n-1-1024x765.jpg\" alt=\"\" class=\"wp-image-1684 size-full\"\/><\/figure><div class=\"wp-block-media-text__content\"><!-- wp:paragraph {\"placeholder\":\"Contenu\u2026\"} -->\n<p><strong>La Direction des Archives du S\u00e9n\u00e9gal : un espace \u00e9ducatif ouvert aux \u00e9l\u00e8ves et \u00e9tudiants<\/strong><\/p>\n<!-- \/wp:paragraph -->\n\n<!-- wp:paragraph -->\n<p>Dans le cadre de sa mission de valorisation du patrimoine documentaire national, la Direction des Archives du S\u00e9n\u00e9gal (DAS) ouvre ses portes aux \u00e9l\u00e8ves et \u00e9tudiants, leur offrant un cadre propice \u00e0 la d\u00e9couverte, \u00e0 l\u2019apprentissage et \u00e0 la recherche.<\/p>\n<!-- \/wp:paragraph -->\n\n<!-- wp:paragraph -->\n<p>\u00c0 travers son <strong>volet \u00e9ducatif<\/strong>, la DAS accueille r\u00e9guli\u00e8rement des groupes scolaires et universitaires d\u00e9sireux d'en apprendre davantage sur l'histoire administrative, politique, sociale et culturelle du S\u00e9n\u00e9gal. Ces visites sont l\u2019occasion pour les jeunes apprenants de se familiariser avec le r\u00f4le essentiel des archives dans la pr\u00e9servation de la m\u00e9moire nationale.<\/p>\n<!-- \/wp:paragraph -->\n\n<!-- wp:paragraph -->\n<p>Encadr\u00e9s par des archivistes professionnels, les visiteurs b\u00e9n\u00e9ficient de pr\u00e9sentations interactives sur les missions de la DAS, les techniques de conservation des documents, ainsi que sur les diff\u00e9rentes typologies d\u2019archives. Des ateliers p\u00e9dagogiques et des s\u00e9ances de consultation de documents anciens peuvent \u00e9galement \u00eatre organis\u00e9s, en fonction des niveaux et des besoins sp\u00e9cifiques des \u00e9tablissements.<\/p>\n<!-- \/wp:paragraph -->\n\n<!-- wp:paragraph {\"placeholder\":\"Contenu\u2026\"} -->\n<p>En recevant ces publics scolaires et universitaires, la Direction des Archives du S\u00e9n\u00e9gal r\u00e9affirme sa volont\u00e9 de participer activement \u00e0 l\u2019\u00e9ducation citoyenne, \u00e0 la promotion de la culture historique, et \u00e0 la sensibilisation des jeunes \u00e0 l\u2019importance de la m\u00e9moire collective.<\/p>\n<!-- \/wp:paragraph --><\/div><\/div>\n<!-- \/wp:media-text --><\/div>\n<!-- \/wp:column --><\/div>\n<!-- \/wp:columns --><\/div>\n<!-- \/wp:column --><\/div>\n<!-- \/wp:columns -->\n\n<!-- wp:paragraph -->\n<p><\/p>\n<!-- \/wp:paragraph -->","_et_gb_content_width":"","footnotes":""},"class_list":["post-1567","page","type-page","status-publish","hentry"],"_links":{"self":[{"href":"https:\/\/archivesdusenegal.gouv.sn\/index.php?rest_route=\/wp\/v2\/pages\/1567","targetHints":{"allow":["GET"]}}],"collection":[{"href":"https:\/\/archivesdusenegal.gouv.sn\/index.php?rest_route=\/wp\/v2\/pages"}],"about":[{"href":"https:\/\/archivesdusenegal.gouv.sn\/index.php?rest_route=\/wp\/v2\/types\/page"}],"author":[{"embeddable":true,"href":"https:\/\/archivesdusenegal.gouv.sn\/index.php?rest_route=\/wp\/v2\/users\/3"}],"replies":[{"embeddable":true,"href":"https:\/\/archivesdusenegal.gouv.sn\/index.php?rest_route=%2Fwp%2Fv2%2Fcomments&post=1567"}],"version-history":[{"count":24,"href":"https:\/\/archivesdusenegal.gouv.sn\/index.php?rest_route=\/wp\/v2\/pages\/1567\/revisions"}],"predecessor-version":[{"id":3256,"href":"https:\/\/archivesdusenegal.gouv.sn\/index.php?rest_route=\/wp\/v2\/pages\/1567\/revisions\/3256"}],"wp:attachment":[{"href":"https:\/\/archivesdusenegal.gouv.sn\/index.php?rest_route=%2Fwp%2Fv2%2Fmedia&parent=1567"}],"curies":[{"name":"wp","href":"https:\/\/api.w.org\/{rel}","templated":true}]}}