{"id":1624,"date":"2025-07-24T14:05:58","date_gmt":"2025-07-24T14:05:58","guid":{"rendered":"https:\/\/archivesdusenegal.gouv.sn\/?page_id=1624"},"modified":"2025-08-28T10:38:56","modified_gmt":"2025-08-28T10:38:56","slug":"circulaires","status":"publish","type":"page","link":"https:\/\/archivesdusenegal.gouv.sn\/?page_id=1624","title":{"rendered":"Circulaires"},"content":{"rendered":"<p>[et_pb_section fb_built=\u00a0\u00bb1&Prime; _builder_version=\u00a0\u00bb4.22.0&Prime; _module_preset=\u00a0\u00bbdefault\u00a0\u00bb global_colors_info=\u00a0\u00bb{}\u00a0\u00bb][et_pb_row _builder_version=\u00a0\u00bb4.22.0&Prime; _module_preset=\u00a0\u00bbdefault\u00a0\u00bb global_colors_info=\u00a0\u00bb{}\u00a0\u00bb][et_pb_column type=\u00a0\u00bb4_4&Prime; _builder_version=\u00a0\u00bb4.22.0&Prime; _module_preset=\u00a0\u00bbdefault\u00a0\u00bb global_colors_info=\u00a0\u00bb{}\u00a0\u00bb][et_pb_accordion _builder_version=\u00a0\u00bb4.22.0&Prime; _module_preset=\u00a0\u00bbdefault\u00a0\u00bb hover_enabled=\u00a0\u00bb0&Prime; global_colors_info=\u00a0\u00bb{}\u00a0\u00bb sticky_enabled=\u00a0\u00bb0&Prime;][et_pb_accordion_item title=\u00a0\u00bbCirculaires\u00a0\u00bb open=\u00a0\u00bbon\u00a0\u00bb _builder_version=\u00a0\u00bb4.22.0&Prime; _module_preset=\u00a0\u00bbdefault\u00a0\u00bb hover_enabled=\u00a0\u00bb0&Prime; global_colors_info=\u00a0\u00bb{}\u00a0\u00bb body_text_color=\u00a0\u00bb#000000&Prime; sticky_enabled=\u00a0\u00bb0&Prime; open_toggle_text_color=\u00a0\u00bb#000000&Prime;]<\/p>\n<p style=\"text-align: justify;\">Le Centre de documentation administrative et juridique g\u00e8re une collection de circulaires (1936 \u00e0 2025) \u00e9manant de l\u2019administration publique s\u00e9n\u00e9galaise et qui fait l\u2019objet d\u2019une impl\u00e9mentation en base de donn\u00e9es sous Access d\u00e9nombrant quatre mille deux cent quarante-six (4246) entr\u00e9es au 20 ao\u00fbt 2025.<br \/>Pour information, une circulaire est un acte \u00e0 caract\u00e8re unilat\u00e9ral, interne \u00e0 l&rsquo;administration et ne modifiant pas le principe l&rsquo;ordonnancement juridique, adress\u00e9 par une autorit\u00e9 administrative \u00e0 ses services pour leur indiquer la mani\u00e8re d&rsquo;appliquer certaines dispositions l\u00e9gislatives ou r\u00e9glementaires.<br \/>Elle vise \u00e0 assurer une interpr\u00e9tation et une application uniforme des textes r\u00e9glementaires par l&rsquo;ensemble des agents concern\u00e9s.<br \/>Cependant, il y a lieu de noter que le d\u00e9p\u00f4t des circulaires n\u2019est plus r\u00e9gulier depuis 2000, occasionnant ainsi un ralentissement voire un arr\u00eat de l\u2019accroissement de ladite collection.<\/p>\n<p>[\/et_pb_accordion_item][\/et_pb_accordion][\/et_pb_column][\/et_pb_row][\/et_pb_section]<\/p>\n","protected":false},"excerpt":{"rendered":"<p>Le Centre de documentation administrative et juridique g\u00e8re une collection de circulaires (1936 \u00e0 2025) \u00e9manant de l\u2019administration publique s\u00e9n\u00e9galaise et qui fait l\u2019objet d\u2019une impl\u00e9mentation en base de donn\u00e9es sous Access d\u00e9nombrant quatre mille deux cent quarante-six (4246) entr\u00e9es au 20 ao\u00fbt 2025.Pour information, une circulaire est un acte \u00e0 caract\u00e8re unilat\u00e9ral, interne \u00e0 [&hellip;]<\/p>\n","protected":false},"author":3,"featured_media":0,"parent":0,"menu_order":0,"comment_status":"closed","ping_status":"closed","template":"","meta":{"_et_pb_use_builder":"on","_et_pb_old_content":"","_et_gb_content_width":"","footnotes":""},"class_list":["post-1624","page","type-page","status-publish","hentry"],"_links":{"self":[{"href":"https:\/\/archivesdusenegal.gouv.sn\/index.php?rest_route=\/wp\/v2\/pages\/1624","targetHints":{"allow":["GET"]}}],"collection":[{"href":"https:\/\/archivesdusenegal.gouv.sn\/index.php?rest_route=\/wp\/v2\/pages"}],"about":[{"href":"https:\/\/archivesdusenegal.gouv.sn\/index.php?rest_route=\/wp\/v2\/types\/page"}],"author":[{"embeddable":true,"href":"https:\/\/archivesdusenegal.gouv.sn\/index.php?rest_route=\/wp\/v2\/users\/3"}],"replies":[{"embeddable":true,"href":"https:\/\/archivesdusenegal.gouv.sn\/index.php?rest_route=%2Fwp%2Fv2%2Fcomments&post=1624"}],"version-history":[{"count":4,"href":"https:\/\/archivesdusenegal.gouv.sn\/index.php?rest_route=\/wp\/v2\/pages\/1624\/revisions"}],"predecessor-version":[{"id":1992,"href":"https:\/\/archivesdusenegal.gouv.sn\/index.php?rest_route=\/wp\/v2\/pages\/1624\/revisions\/1992"}],"wp:attachment":[{"href":"https:\/\/archivesdusenegal.gouv.sn\/index.php?rest_route=%2Fwp%2Fv2%2Fmedia&parent=1624"}],"curies":[{"name":"wp","href":"https:\/\/api.w.org\/{rel}","templated":true}]}}