{"id":1776,"date":"2025-07-30T10:57:58","date_gmt":"2025-07-30T10:57:58","guid":{"rendered":"https:\/\/archivesdusenegal.gouv.sn\/?page_id=1776"},"modified":"2025-10-23T08:32:01","modified_gmt":"2025-10-23T08:32:01","slug":"nos-formations-et-stages","status":"publish","type":"page","link":"https:\/\/archivesdusenegal.gouv.sn\/?page_id=1776","title":{"rendered":"Nos formations et stages"},"content":{"rendered":"<p>[et_pb_section fb_built=\u00a0\u00bb1&Prime; _builder_version=\u00a0\u00bb4.22.0&Prime; _module_preset=\u00a0\u00bbdefault\u00a0\u00bb custom_padding=\u00a0\u00bb57px|||||\u00a0\u00bb global_colors_info=\u00a0\u00bb{}\u00a0\u00bb][et_pb_row _builder_version=\u00a0\u00bb4.22.0&Prime; _module_preset=\u00a0\u00bbdefault\u00a0\u00bb global_colors_info=\u00a0\u00bb{}\u00a0\u00bb][et_pb_column type=\u00a0\u00bb4_4&Prime; _builder_version=\u00a0\u00bb4.22.0&Prime; _module_preset=\u00a0\u00bbdefault\u00a0\u00bb global_colors_info=\u00a0\u00bb{}\u00a0\u00bb][et_pb_accordion _builder_version=\u00a0\u00bb4.22.0&Prime; _module_preset=\u00a0\u00bbdefault\u00a0\u00bb hover_enabled=\u00a0\u00bb0&Prime; global_colors_info=\u00a0\u00bb{}\u00a0\u00bb sticky_enabled=\u00a0\u00bb0&Prime;][et_pb_accordion_item title=\u00a0\u00bbStages\u00a0\u00bb open=\u00a0\u00bbon\u00a0\u00bb open_toggle_text_color=\u00a0\u00bb#000000&Prime; _builder_version=\u00a0\u00bb4.22.0&Prime; _module_preset=\u00a0\u00bbdefault\u00a0\u00bb body_text_color=\u00a0\u00bb#000000&Prime; hover_enabled=\u00a0\u00bb0&Prime; global_colors_info=\u00a0\u00bb{}\u00a0\u00bb sticky_enabled=\u00a0\u00bb0&Prime;]<\/p>\n<p>Apr\u00e8s acquisition de connaissances\u00a0 th\u00e9oriques \u00e0 l\u2019universit\u00e9 ou toute autre \u00e9cole de formation, les \u00e9tudiants sont souvent envoy\u00e9s en stage dans le milieu professionnel. Le stage est une p\u00e9riode de formation pratique, de perfectionnement dans l \u2018entreprise. C\u2019est dans ce contexte que la DAS re\u00e7oit des \u00e9tudiants de l\u2019EBAD, de L\u2019UGB, de l\u2019Ecole des chartes, de l\u2019universit\u00e9 d\u2019Alexandrie\u2026 De mani\u00e8re g\u00e9n\u00e9rale, le stage pratique s\u2019articule \u00a0autour de la gestion des archives, de la collecte des archives, du traitement des archives, de la conservation des archives, de la communication et de la valorisation des archives.<\/p>\n<p>[\/et_pb_accordion_item][\/et_pb_accordion][\/et_pb_column][\/et_pb_row][\/et_pb_section][et_pb_section fb_built=\u00a0\u00bb1&Prime; _builder_version=\u00a0\u00bb4.22.0&Prime; _module_preset=\u00a0\u00bbdefault\u00a0\u00bb global_colors_info=\u00a0\u00bb{}\u00a0\u00bb][\/et_pb_section]<\/p>\n","protected":false},"excerpt":{"rendered":"<p>Apr\u00e8s acquisition de connaissances\u00a0 th\u00e9oriques \u00e0 l\u2019universit\u00e9 ou toute autre \u00e9cole de formation, les \u00e9tudiants sont souvent envoy\u00e9s en stage dans le milieu professionnel. Le stage est une p\u00e9riode de formation pratique, de perfectionnement dans l \u2018entreprise. C\u2019est dans ce contexte que la DAS re\u00e7oit des \u00e9tudiants de l\u2019EBAD, de L\u2019UGB, de l\u2019Ecole des chartes, [&hellip;]<\/p>\n","protected":false},"author":3,"featured_media":0,"parent":0,"menu_order":0,"comment_status":"closed","ping_status":"closed","template":"","meta":{"_et_pb_use_builder":"on","_et_pb_old_content":"","_et_gb_content_width":"","footnotes":""},"class_list":["post-1776","page","type-page","status-publish","hentry"],"_links":{"self":[{"href":"https:\/\/archivesdusenegal.gouv.sn\/index.php?rest_route=\/wp\/v2\/pages\/1776","targetHints":{"allow":["GET"]}}],"collection":[{"href":"https:\/\/archivesdusenegal.gouv.sn\/index.php?rest_route=\/wp\/v2\/pages"}],"about":[{"href":"https:\/\/archivesdusenegal.gouv.sn\/index.php?rest_route=\/wp\/v2\/types\/page"}],"author":[{"embeddable":true,"href":"https:\/\/archivesdusenegal.gouv.sn\/index.php?rest_route=\/wp\/v2\/users\/3"}],"replies":[{"embeddable":true,"href":"https:\/\/archivesdusenegal.gouv.sn\/index.php?rest_route=%2Fwp%2Fv2%2Fcomments&post=1776"}],"version-history":[{"count":7,"href":"https:\/\/archivesdusenegal.gouv.sn\/index.php?rest_route=\/wp\/v2\/pages\/1776\/revisions"}],"predecessor-version":[{"id":2317,"href":"https:\/\/archivesdusenegal.gouv.sn\/index.php?rest_route=\/wp\/v2\/pages\/1776\/revisions\/2317"}],"wp:attachment":[{"href":"https:\/\/archivesdusenegal.gouv.sn\/index.php?rest_route=%2Fwp%2Fv2%2Fmedia&parent=1776"}],"curies":[{"name":"wp","href":"https:\/\/api.w.org\/{rel}","templated":true}]}}