{"id":18,"date":"2024-05-24T11:20:59","date_gmt":"2024-05-24T11:20:59","guid":{"rendered":"https:\/\/archivesdusenegal.gouv.sn\/?page_id=18"},"modified":"2026-03-04T14:17:44","modified_gmt":"2026-03-04T14:17:44","slug":"bibliotheques","status":"publish","type":"page","link":"https:\/\/archivesdusenegal.gouv.sn\/?page_id=18","title":{"rendered":"Biblioth\u00e8ques"},"content":{"rendered":"<p>[et_pb_section fb_built=\u00a0\u00bb1&Prime; disabled_on=\u00a0\u00bboff|off|off\u00a0\u00bb admin_label=\u00a0\u00bbHeader\u00a0\u00bb _builder_version=\u00a0\u00bb4.22.0&Prime; background_color=\u00a0\u00bbrgba(0,0,0,0.55)\u00a0\u00bb background_image=\u00a0\u00bbhttp:\/\/archivesdusenegal.gouv.sn\/wp-content\/uploads\/2025\/10\/f0186400-scaled.jpg\u00a0\u00bb background_blend=\u00a0\u00bboverlay\u00a0\u00bb custom_padding=\u00a0\u00bb14px|||||\u00a0\u00bb bottom_divider_color=\u00a0\u00bb#ffffff\u00a0\u00bb bottom_divider_height=\u00a0\u00bb160px\u00a0\u00bb hover_enabled=\u00a0\u00bb0&Prime; locked=\u00a0\u00bboff\u00a0\u00bb global_colors_info=\u00a0\u00bb{}\u00a0\u00bb link_option_url=\u00a0\u00bbhttp:\/\/10.7.153.184:8080\/pmb\/opac_css\/\u00a0\u00bb sticky_enabled=\u00a0\u00bb0&Prime;][et_pb_row _builder_version=\u00a0\u00bb4.22.0&Prime; global_colors_info=\u00a0\u00bb{}\u00a0\u00bb][et_pb_column type=\u00a0\u00bb4_4&Prime; _builder_version=\u00a0\u00bb4.16&Prime; custom_padding=\u00a0\u00bb50px||||false|false\u00a0\u00bb global_colors_info=\u00a0\u00bb{}\u00a0\u00bb][et_pb_text _builder_version=\u00a0\u00bb4.22.0&Prime; text_font=\u00a0\u00bbPoppins||||||||\u00a0\u00bb text_text_color=\u00a0\u00bb#FFFFFF\u00a0\u00bb text_font_size=\u00a0\u00bb16px\u00a0\u00bb text_line_height=\u00a0\u00bb1.8em\u00a0\u00bb header_font=\u00a0\u00bbPlayfair Display|700|||||||\u00a0\u00bb header_text_color=\u00a0\u00bb#FFFFFF\u00a0\u00bb header_font_size=\u00a0\u00bb60px\u00a0\u00bb header_line_height=\u00a0\u00bb1.1em\u00a0\u00bb header_font_size_tablet=\u00a0\u00bb40px\u00a0\u00bb header_font_size_phone=\u00a0\u00bb30px\u00a0\u00bb header_font_size_last_edited=\u00a0\u00bbon|phone\u00a0\u00bb locked=\u00a0\u00bboff\u00a0\u00bb global_colors_info=\u00a0\u00bb{}\u00a0\u00bb]<\/p>\n<h2 style=\"text-align: center;\"><span style=\"color: #ffffff;\"><strong>LA BIBLIOTH\u00c8QUE DES ARCHIVES DU SENEGAL<\/strong><\/span><\/h2>\n<p style=\"text-align: center;\">[\/et_pb_text][\/et_pb_column][\/et_pb_row][\/et_pb_section][et_pb_section fb_built=\u00a0\u00bb1&Prime; _builder_version=\u00a0\u00bb4.22.0&Prime; _module_preset=\u00a0\u00bbdefault\u00a0\u00bb custom_padding=\u00a0\u00bb34px|||||\u00a0\u00bb locked=\u00a0\u00bboff\u00a0\u00bb global_colors_info=\u00a0\u00bb{}\u00a0\u00bb][et_pb_row column_structure=\u00a0\u00bb1_2,1_2&Prime; _builder_version=\u00a0\u00bb4.22.0&Prime; _module_preset=\u00a0\u00bbdefault\u00a0\u00bb max_width=\u00a0\u00bb1200px\u00a0\u00bb custom_padding=\u00a0\u00bb||13px|||\u00a0\u00bb global_colors_info=\u00a0\u00bb{}\u00a0\u00bb][et_pb_column type=\u00a0\u00bb1_2&Prime; _builder_version=\u00a0\u00bb4.22.0&Prime; _module_preset=\u00a0\u00bbdefault\u00a0\u00bb global_colors_info=\u00a0\u00bb{}\u00a0\u00bb][et_pb_text _builder_version=\u00a0\u00bb4.22.0&Prime; _module_preset=\u00a0\u00bbdefault\u00a0\u00bb text_font=\u00a0\u00bb|300|||||||\u00a0\u00bb text_text_color=\u00a0\u00bb#000000&Prime; text_font_size=\u00a0\u00bb16px\u00a0\u00bb text_line_height=\u00a0\u00bb1.8em\u00a0\u00bb custom_margin=\u00a0\u00bb|-37px||||\u00a0\u00bb global_colors_info=\u00a0\u00bb{}\u00a0\u00bb]<\/p>\n<p style=\"text-align: justify;\">La <span style=\"color: #339966;\"><strong>Biblioth\u00e8que de la Direction des Archives du S\u00e9n\u00e9gal<\/strong><\/span> tire ses origines de la biblioth\u00e8que du Gouvernement g\u00e9n\u00e9ral de l\u2019Afrique Occidentale Fran\u00e7aise cr\u00e9\u00e9e en m\u00eame temps que le d\u00e9p\u00f4t d\u2019archives en <span style=\"color: #339966;\"><strong>1913<\/strong>.<\/span><\/p>\n<p style=\"text-align: justify;\">Ainsi, poursuit-elle la mission de celle-ci qui \u00e9tait de collecter tout ce qui concerne l\u2019Afrique, en g\u00e9n\u00e9ral, et l\u2019Afrique de l\u2019Ouest, en particulier, dans le domaine des sciences humaines et sociales.<\/p>\n<p style=\"text-align: justify;\">A l\u2019av\u00e8nement de l\u2019ind\u00e9pendance du S\u00e9n\u00e9gal, sa mission a \u00e9volu\u00e9 vers la collecte de document relatif \u00e0 l\u2019Afrique de l\u2019Ouest en g\u00e9n\u00e9ral et le S\u00e9n\u00e9gal en particulier, dans le domaine des sciences humaines et sociales.<\/p>\n<p style=\"text-align: justify;\">La biblioth\u00e8que a une triple vocation : <span style=\"color: #339966;\"><strong>administrative<\/strong>, <strong>historique<\/strong><\/span> et <span style=\"color: #339966;\"><strong>juridique<\/strong>.<\/span><\/p>\n<p style=\"text-align: justify;\">Ses utilisateurs sont constitu\u00e9s d\u2019agents de l\u2019administration, d\u2019universitaires, d\u2019enseignants, d\u2019\u00e9tudiants, de chercheurs nationaux et \u00e9trangers, de lyc\u00e9ens et coll\u00e9giens et d\u2019acteurs de la presse.<\/p>\n<p style=\"text-align: justify;\">[\/et_pb_text][\/et_pb_column][et_pb_column type=\u00a0\u00bb1_2&Prime; _builder_version=\u00a0\u00bb4.22.0&Prime; _module_preset=\u00a0\u00bbdefault\u00a0\u00bb global_colors_info=\u00a0\u00bb{}\u00a0\u00bb][et_pb_image src=\u00a0\u00bbhttp:\/\/archivesdusenegal.gouv.sn\/wp-content\/uploads\/2025\/10\/DSC_6841-Copie-scaled.jpg\u00a0\u00bb title_text=\u00a0\u00bbDSC_6841 &#8211; Copie\u00a0\u00bb align=\u00a0\u00bbcenter\u00a0\u00bb _builder_version=\u00a0\u00bb4.22.0&Prime; _module_preset=\u00a0\u00bbdefault\u00a0\u00bb height=\u00a0\u00bb467px\u00a0\u00bb custom_margin=\u00a0\u00bb-15px|-24px|||false|false\u00a0\u00bb global_colors_info=\u00a0\u00bb{}\u00a0\u00bb][\/et_pb_image][\/et_pb_column][\/et_pb_row][et_pb_row column_structure=\u00a0\u00bb1_2,1_2&Prime; _builder_version=\u00a0\u00bb4.22.0&Prime; _module_preset=\u00a0\u00bbdefault\u00a0\u00bb max_width=\u00a0\u00bb1200px\u00a0\u00bb custom_padding=\u00a0\u00bb||13px|||\u00a0\u00bb global_colors_info=\u00a0\u00bb{}\u00a0\u00bb][et_pb_column type=\u00a0\u00bb1_2&Prime; _builder_version=\u00a0\u00bb4.22.0&Prime; _module_preset=\u00a0\u00bbdefault\u00a0\u00bb global_colors_info=\u00a0\u00bb{}\u00a0\u00bb][et_pb_image src=\u00a0\u00bbhttp:\/\/archivesdusenegal.gouv.sn\/wp-content\/uploads\/2025\/10\/DSC_0648-scaled.jpg\u00a0\u00bb title_text=\u00a0\u00bbDSC_0648&Prime; _builder_version=\u00a0\u00bb4.22.0&Prime; _module_preset=\u00a0\u00bbdefault\u00a0\u00bb height=\u00a0\u00bb485px\u00a0\u00bb max_height=\u00a0\u00bb1000px\u00a0\u00bb custom_margin=\u00a0\u00bb31px|-17px|||false|false\u00a0\u00bb global_colors_info=\u00a0\u00bb{}\u00a0\u00bb][\/et_pb_image][\/et_pb_column][et_pb_column type=\u00a0\u00bb1_2&Prime; _builder_version=\u00a0\u00bb4.22.0&Prime; _module_preset=\u00a0\u00bbdefault\u00a0\u00bb global_colors_info=\u00a0\u00bb{}\u00a0\u00bb][et_pb_text _builder_version=\u00a0\u00bb4.22.0&Prime; _module_preset=\u00a0\u00bbdefault\u00a0\u00bb text_font=\u00a0\u00bb|300|||||||\u00a0\u00bb text_text_color=\u00a0\u00bb#000000&Prime; text_font_size=\u00a0\u00bb16px\u00a0\u00bb text_line_height=\u00a0\u00bb1.8em\u00a0\u00bb custom_margin=\u00a0\u00bb|-37px||||\u00a0\u00bb global_colors_info=\u00a0\u00bb{}\u00a0\u00bb]<\/p>\n<p style=\"text-align: justify;\">Depuis <span style=\"color: #339966;\"><strong>1979<\/strong><\/span>, la Biblioth\u00e8que des Archives du S\u00e9n\u00e9gal assume toutes les missions d\u00e9volues \u00e0 la Biblioth\u00e8que nationale par le <span style=\"color: #339966;\"><strong>d\u00e9cret n\u00b0 76-493 du 5 mai 1976<\/strong><\/span> portant cr\u00e9ation de la Biblioth\u00e8que nationale au sein du Minist\u00e8re de la Culture.<\/p>\n<p style=\"text-align: justify;\">Bien qu\u2019un nouveau texte, la loi n\u00b0 2002-17 du 3 avril 2002, vienne cr\u00e9er la Biblioth\u00e8que nationale du S\u00e9n\u00e9gal toujours rattach\u00e9e au Minist\u00e8re de la Culture et pendant que la Direction du Livre et de la Lecture pilote le projet de construction de cette biblioth\u00e8que, la BDAS continue d\u2019abriter l\u2019Agence bibliographique nationale. Elle re\u00e7oit le d\u00e9p\u00f4t l\u00e9gal, r\u00e9dige et diffuse la bibliographie nationale, g\u00e8re les fichiers d\u2019autorit\u00e9, identifie les p\u00e9riodiques \u00e9dit\u00e9s au S\u00e9n\u00e9gal et leur attribue des num\u00e9ros ISSN.<\/p>\n<p style=\"text-align: justify;\">Le <span style=\"color: #339966;\"><strong>Centre national ISSN<\/strong><\/span> est op\u00e9rationnel depuis 1982. Il assure le contr\u00f4le bibliographique des p\u00e9riodiques \u00e9dit\u00e9s au S\u00e9n\u00e9gal. La structure travaille \u00e9galement avec le CIEPS anciennement appel\u00e9 l\u2019ABES qui envoyait \u00e0 l\u2019\u00e9poque r\u00e9guli\u00e8rement des notices \u00e0 corriger et \u00e0 compl\u00e9ter, mais aujourd\u2019hui, une nouvelle plateforme est mise \u00e0 disposition des centres nationaux pour le traitement des notices. La Biblioth\u00e8que des Archives du S\u00e9n\u00e9gal compte au total quatre (4) agents, dont deux (2) conservateurs, une biblioth\u00e9caire, et un agent administratif. Elle est \u00e9rig\u00e9e en service, r\u00e9partie en deux divisions qui ont pour mission :<\/p>\n<ul>\n<li style=\"list-style-type: none;\">\n<ul>\n<li style=\"list-style-type: none;\">\n<ul>\n<li style=\"text-align: justify;\">Gestion des bases de donn\u00e9es et recherche bibliographique ;<\/li>\n<li style=\"text-align: justify;\">Gestion et d\u00e9veloppement des collections.<\/li>\n<\/ul>\n<\/li>\n<\/ul>\n<\/li>\n<\/ul>\n<p>[\/et_pb_text][\/et_pb_column][\/et_pb_row][\/et_pb_section]<\/p>\n","protected":false},"excerpt":{"rendered":"<p>LA BIBLIOTH\u00c8QUE DES ARCHIVES DU SENEGAL La Biblioth\u00e8que de la Direction des Archives du S\u00e9n\u00e9gal tire ses origines de la biblioth\u00e8que du Gouvernement g\u00e9n\u00e9ral de l\u2019Afrique Occidentale Fran\u00e7aise cr\u00e9\u00e9e en m\u00eame temps que le d\u00e9p\u00f4t d\u2019archives en 1913. Ainsi, poursuit-elle la mission de celle-ci qui \u00e9tait de collecter tout ce qui concerne l\u2019Afrique, en g\u00e9n\u00e9ral, [&hellip;]<\/p>\n","protected":false},"author":3,"featured_media":0,"parent":0,"menu_order":0,"comment_status":"closed","ping_status":"closed","template":"","meta":{"_et_pb_use_builder":"on","_et_pb_old_content":"","_et_gb_content_width":"","footnotes":""},"class_list":["post-18","page","type-page","status-publish","hentry"],"_links":{"self":[{"href":"https:\/\/archivesdusenegal.gouv.sn\/index.php?rest_route=\/wp\/v2\/pages\/18","targetHints":{"allow":["GET"]}}],"collection":[{"href":"https:\/\/archivesdusenegal.gouv.sn\/index.php?rest_route=\/wp\/v2\/pages"}],"about":[{"href":"https:\/\/archivesdusenegal.gouv.sn\/index.php?rest_route=\/wp\/v2\/types\/page"}],"author":[{"embeddable":true,"href":"https:\/\/archivesdusenegal.gouv.sn\/index.php?rest_route=\/wp\/v2\/users\/3"}],"replies":[{"embeddable":true,"href":"https:\/\/archivesdusenegal.gouv.sn\/index.php?rest_route=%2Fwp%2Fv2%2Fcomments&post=18"}],"version-history":[{"count":32,"href":"https:\/\/archivesdusenegal.gouv.sn\/index.php?rest_route=\/wp\/v2\/pages\/18\/revisions"}],"predecessor-version":[{"id":3104,"href":"https:\/\/archivesdusenegal.gouv.sn\/index.php?rest_route=\/wp\/v2\/pages\/18\/revisions\/3104"}],"wp:attachment":[{"href":"https:\/\/archivesdusenegal.gouv.sn\/index.php?rest_route=%2Fwp%2Fv2%2Fmedia&parent=18"}],"curies":[{"name":"wp","href":"https:\/\/api.w.org\/{rel}","templated":true}]}}