{"id":1827,"date":"2025-08-06T14:04:52","date_gmt":"2025-08-06T14:04:52","guid":{"rendered":"https:\/\/archivesdusenegal.gouv.sn\/?page_id=1827"},"modified":"2025-09-22T12:00:05","modified_gmt":"2025-09-22T12:00:05","slug":"decrets","status":"publish","type":"page","link":"https:\/\/archivesdusenegal.gouv.sn\/?page_id=1827","title":{"rendered":"D\u00e9crets"},"content":{"rendered":"<p>[et_pb_section fb_built=\u00a0\u00bb1&Prime; _builder_version=\u00a0\u00bb4.22.0&Prime; _module_preset=\u00a0\u00bbdefault\u00a0\u00bb global_colors_info=\u00a0\u00bb{}\u00a0\u00bb][et_pb_row _builder_version=\u00a0\u00bb4.22.0&Prime; _module_preset=\u00a0\u00bbdefault\u00a0\u00bb global_colors_info=\u00a0\u00bb{}\u00a0\u00bb][et_pb_column type=\u00a0\u00bb4_4&Prime; _builder_version=\u00a0\u00bb4.22.0&Prime; _module_preset=\u00a0\u00bbdefault\u00a0\u00bb global_colors_info=\u00a0\u00bb{}\u00a0\u00bb][et_pb_accordion _builder_version=\u00a0\u00bb4.22.0&Prime; _module_preset=\u00a0\u00bbdefault\u00a0\u00bb hover_enabled=\u00a0\u00bb0&Prime; global_colors_info=\u00a0\u00bb{}\u00a0\u00bb sticky_enabled=\u00a0\u00bb0&Prime;][et_pb_accordion_item title=\u00a0\u00bbLES ARRETES ET DECISIONS\u00a0\u00bb open=\u00a0\u00bbon\u00a0\u00bb open_toggle_text_color=\u00a0\u00bb#000000&Prime; _builder_version=\u00a0\u00bb4.22.0&Prime; _module_preset=\u00a0\u00bbdefault\u00a0\u00bb body_text_color=\u00a0\u00bb#000000&Prime; hover_enabled=\u00a0\u00bb0&Prime; global_colors_info=\u00a0\u00bb{}\u00a0\u00bb sticky_enabled=\u00a0\u00bb0&Prime;]<\/p>\n<ul>\n<li style=\"text-align: justify;\">Un <strong>arr\u00eat\u00e9<\/strong> est un acte r\u00e8glementaire pris par une autorit\u00e9 (ministre ou autre autorit\u00e9 administrative, selon le niveau de comp\u00e9tence). Il peut \u00eatre minist\u00e9riel, interminist\u00e9riel, pr\u00e9fectoral, etc., en fonction du domaine et de la juridiction concern\u00e9e. Bien que sa port\u00e9e soit moins \u00e9lev\u00e9e qu\u2019un d\u00e9cret, un arr\u00eat\u00e9 peut r\u00e9glementer l\u2019application de lois, fixer les modalit\u00e9s d\u2019organisation d\u2019un service ou d\u00e9finir les d\u00e9tails d\u2019ex\u00e9cution.<\/li>\n<li>Une <strong>d\u00e9cision administrative<\/strong> est un acte pris par une autorit\u00e9 administrative (ministre, pr\u00e9fet, directeur d\u2019\u00e9tablissement public, etc.) dans le cadre de ses comp\u00e9tences. Elle vise \u00e0 r\u00e9gler une situation particuli\u00e8re ou \u00e0 prendre une mesure concr\u00e8te affectant une personne ou un service. Cela peut concerner des nominations, autorisations, sanctions, attributions, etc.<\/li>\n<\/ul>\n<p><strong>P\u00e9riodes conserv\u00e9es :<\/strong> de <strong>1960 \u00e0 2018.<\/strong><\/p>\n<p>[\/et_pb_accordion_item][\/et_pb_accordion][\/et_pb_column][\/et_pb_row][\/et_pb_section]<\/p>\n","protected":false},"excerpt":{"rendered":"<p>Un arr\u00eat\u00e9 est un acte r\u00e8glementaire pris par une autorit\u00e9 (ministre ou autre autorit\u00e9 administrative, selon le niveau de comp\u00e9tence). Il peut \u00eatre minist\u00e9riel, interminist\u00e9riel, pr\u00e9fectoral, etc., en fonction du domaine et de la juridiction concern\u00e9e. Bien que sa port\u00e9e soit moins \u00e9lev\u00e9e qu\u2019un d\u00e9cret, un arr\u00eat\u00e9 peut r\u00e9glementer l\u2019application de lois, fixer les modalit\u00e9s [&hellip;]<\/p>\n","protected":false},"author":3,"featured_media":0,"parent":0,"menu_order":0,"comment_status":"closed","ping_status":"closed","template":"","meta":{"_et_pb_use_builder":"on","_et_pb_old_content":"","_et_gb_content_width":"","footnotes":""},"class_list":["post-1827","page","type-page","status-publish","hentry"],"_links":{"self":[{"href":"https:\/\/archivesdusenegal.gouv.sn\/index.php?rest_route=\/wp\/v2\/pages\/1827","targetHints":{"allow":["GET"]}}],"collection":[{"href":"https:\/\/archivesdusenegal.gouv.sn\/index.php?rest_route=\/wp\/v2\/pages"}],"about":[{"href":"https:\/\/archivesdusenegal.gouv.sn\/index.php?rest_route=\/wp\/v2\/types\/page"}],"author":[{"embeddable":true,"href":"https:\/\/archivesdusenegal.gouv.sn\/index.php?rest_route=\/wp\/v2\/users\/3"}],"replies":[{"embeddable":true,"href":"https:\/\/archivesdusenegal.gouv.sn\/index.php?rest_route=%2Fwp%2Fv2%2Fcomments&post=1827"}],"version-history":[{"count":7,"href":"https:\/\/archivesdusenegal.gouv.sn\/index.php?rest_route=\/wp\/v2\/pages\/1827\/revisions"}],"predecessor-version":[{"id":2078,"href":"https:\/\/archivesdusenegal.gouv.sn\/index.php?rest_route=\/wp\/v2\/pages\/1827\/revisions\/2078"}],"wp:attachment":[{"href":"https:\/\/archivesdusenegal.gouv.sn\/index.php?rest_route=%2Fwp%2Fv2%2Fmedia&parent=1827"}],"curies":[{"name":"wp","href":"https:\/\/api.w.org\/{rel}","templated":true}]}}