{"id":1926,"date":"2025-08-20T12:32:20","date_gmt":"2025-08-20T12:32:20","guid":{"rendered":"https:\/\/archivesdusenegal.gouv.sn\/?page_id=1926"},"modified":"2025-11-17T13:40:56","modified_gmt":"2025-11-17T13:40:56","slug":"dossiers-de-personnalites","status":"publish","type":"page","link":"https:\/\/archivesdusenegal.gouv.sn\/?page_id=1926","title":{"rendered":"Dossiers de personnalit\u00e9s"},"content":{"rendered":"<p>[et_pb_section fb_built=\u00a0\u00bb1&Prime; _builder_version=\u00a0\u00bb4.22.0&Prime; _module_preset=\u00a0\u00bbdefault\u00a0\u00bb global_colors_info=\u00a0\u00bb{}\u00a0\u00bb][et_pb_row _builder_version=\u00a0\u00bb4.22.0&Prime; _module_preset=\u00a0\u00bbdefault\u00a0\u00bb global_colors_info=\u00a0\u00bb{}\u00a0\u00bb][et_pb_column type=\u00a0\u00bb4_4&Prime; _builder_version=\u00a0\u00bb4.22.0&Prime; _module_preset=\u00a0\u00bbdefault\u00a0\u00bb global_colors_info=\u00a0\u00bb{}\u00a0\u00bb][et_pb_accordion _builder_version=\u00a0\u00bb4.22.0&Prime; _module_preset=\u00a0\u00bbdefault\u00a0\u00bb hover_enabled=\u00a0\u00bb0&Prime; global_colors_info=\u00a0\u00bb{}\u00a0\u00bb sticky_enabled=\u00a0\u00bb0&Prime;][et_pb_accordion_item title=\u00a0\u00bbDOSSIERS DE PERSONNALITES\u00a0\u00bb open=\u00a0\u00bbon\u00a0\u00bb open_toggle_text_color=\u00a0\u00bb#00853F\u00a0\u00bb _builder_version=\u00a0\u00bb4.22.0&Prime; _module_preset=\u00a0\u00bbdefault\u00a0\u00bb body_font=\u00a0\u00bb|300|||||||\u00a0\u00bb body_text_color=\u00a0\u00bb#000000&Prime; body_font_size=\u00a0\u00bb18px\u00a0\u00bb body_line_height=\u00a0\u00bb2em\u00a0\u00bb hover_enabled=\u00a0\u00bb0&Prime; global_colors_info=\u00a0\u00bb{}\u00a0\u00bb toggle_font=\u00a0\u00bb|600|||||||\u00a0\u00bb toggle_text_align=\u00a0\u00bbcenter\u00a0\u00bb toggle_font_size=\u00a0\u00bb27px\u00a0\u00bb toggle_line_height=\u00a0\u00bb1.2em\u00a0\u00bb body_text_align=\u00a0\u00bbright\u00a0\u00bb sticky_enabled=\u00a0\u00bb0&Prime;]<\/p>\n<p style=\"text-align: justify;\">Les dossiers de personnalit\u00e9 \u00ab ELITES \u00bb, mille (1000) environ, int\u00e9ressent ces hommes et femmes qui ont eu \u00e0 marquer l\u2019histoire du S\u00e9n\u00e9gal en particulier et du monde en g\u00e9n\u00e9ral sur les plans politique, administratif, religieux, sportif, social etc.<br \/>Ces dossiers regroupant principalement des coupures de presse, renferment tr\u00e8s souvent des discours, de la biographie et des interviews du concern\u00e9.<\/p>\n<p>[\/et_pb_accordion_item][\/et_pb_accordion][\/et_pb_column][\/et_pb_row][et_pb_row column_structure=\u00a0\u00bb1_4,1_4,1_4,1_4&Prime; _builder_version=\u00a0\u00bb4.22.0&Prime; _module_preset=\u00a0\u00bbdefault\u00a0\u00bb global_colors_info=\u00a0\u00bb{}\u00a0\u00bb][et_pb_column type=\u00a0\u00bb1_4&Prime; _builder_version=\u00a0\u00bb4.22.0&Prime; _module_preset=\u00a0\u00bbdefault\u00a0\u00bb global_colors_info=\u00a0\u00bb{}\u00a0\u00bb][et_pb_button button_url=\u00a0\u00bbhttp:\/\/archivesdusenegal.gouv.sn\/wp-content\/uploads\/2025\/11\/CDAJ_-ELITES-A-D.pdf\u00a0\u00bb button_text=\u00a0\u00bbA-D\u00a0\u00bb _builder_version=\u00a0\u00bb4.22.0&Prime; _module_preset=\u00a0\u00bbdefault\u00a0\u00bb button_text_size=\u00a0\u00bb41px\u00a0\u00bb button_text_color=\u00a0\u00bb#00853F\u00a0\u00bb button_bg_color=\u00a0\u00bbgcid-a4870473-0ec3-40e3-b68b-386afbb8d1b5&Prime; button_border_width=\u00a0\u00bb5px\u00a0\u00bb button_border_color=\u00a0\u00bb#FFFFFF\u00a0\u00bb button_border_radius=\u00a0\u00bb25px\u00a0\u00bb button_icon=\u00a0\u00bb&#xf1c1;||fa||900&Prime; hover_enabled=\u00a0\u00bb0&Prime; global_colors_info=\u00a0\u00bb{%22gcid-a4870473-0ec3-40e3-b68b-386afbb8d1b5%22:%91%22button_bg_color%22%93}\u00a0\u00bb sticky_enabled=\u00a0\u00bb0&Prime;][\/et_pb_button][\/et_pb_column][et_pb_column type=\u00a0\u00bb1_4&Prime; _builder_version=\u00a0\u00bb4.22.0&Prime; _module_preset=\u00a0\u00bbdefault\u00a0\u00bb global_colors_info=\u00a0\u00bb{}\u00a0\u00bb][et_pb_button button_url=\u00a0\u00bbhttp:\/\/archivesdusenegal.gouv.sn\/wp-content\/uploads\/2025\/11\/CDAJ_-ELITES-E-K.pdf\u00a0\u00bb button_text=\u00a0\u00bbE-K\u00a0\u00bb _builder_version=\u00a0\u00bb4.22.0&Prime; _module_preset=\u00a0\u00bbdefault\u00a0\u00bb button_text_size=\u00a0\u00bb41px\u00a0\u00bb button_text_color=\u00a0\u00bb#00853F\u00a0\u00bb button_bg_color=\u00a0\u00bbgcid-a4870473-0ec3-40e3-b68b-386afbb8d1b5&Prime; button_border_width=\u00a0\u00bb5px\u00a0\u00bb button_border_color=\u00a0\u00bb#FFFFFF\u00a0\u00bb button_border_radius=\u00a0\u00bb25px\u00a0\u00bb button_letter_spacing=\u00a0\u00bb6px\u00a0\u00bb button_icon=\u00a0\u00bb&#xf1c1;||fa||900&Prime; global_colors_info=\u00a0\u00bb{%22gcid-a4870473-0ec3-40e3-b68b-386afbb8d1b5%22:%91%22button_bg_color%22%93}\u00a0\u00bb][\/et_pb_button][\/et_pb_column][et_pb_column type=\u00a0\u00bb1_4&Prime; _builder_version=\u00a0\u00bb4.22.0&Prime; _module_preset=\u00a0\u00bbdefault\u00a0\u00bb global_colors_info=\u00a0\u00bb{}\u00a0\u00bb][et_pb_button button_url=\u00a0\u00bbhttp:\/\/archivesdusenegal.gouv.sn\/wp-content\/uploads\/2025\/11\/CDAJ_-ELITES-L-P.pdf\u00a0\u00bb button_text=\u00a0\u00bbL-P\u00a0\u00bb _builder_version=\u00a0\u00bb4.22.0&Prime; _module_preset=\u00a0\u00bbdefault\u00a0\u00bb button_text_size=\u00a0\u00bb41px\u00a0\u00bb button_text_color=\u00a0\u00bb#00853F\u00a0\u00bb button_bg_color=\u00a0\u00bbgcid-a4870473-0ec3-40e3-b68b-386afbb8d1b5&Prime; button_border_width=\u00a0\u00bb5px\u00a0\u00bb button_border_color=\u00a0\u00bb#FFFFFF\u00a0\u00bb button_border_radius=\u00a0\u00bb25px\u00a0\u00bb button_letter_spacing=\u00a0\u00bb5px\u00a0\u00bb button_icon=\u00a0\u00bb&#xf1c1;||fa||900&Prime; global_colors_info=\u00a0\u00bb{%22gcid-a4870473-0ec3-40e3-b68b-386afbb8d1b5%22:%91%22button_bg_color%22%93}\u00a0\u00bb][\/et_pb_button][\/et_pb_column][et_pb_column type=\u00a0\u00bb1_4&Prime; _builder_version=\u00a0\u00bb4.22.0&Prime; _module_preset=\u00a0\u00bbdefault\u00a0\u00bb global_colors_info=\u00a0\u00bb{}\u00a0\u00bb][et_pb_button button_url=\u00a0\u00bbhttp:\/\/archivesdusenegal.gouv.sn\/wp-content\/uploads\/2025\/11\/CDAJ_ELITES-R-Z.pdf\u00a0\u00bb button_text=\u00a0\u00bbR-Z\u00a0\u00bb _builder_version=\u00a0\u00bb4.22.0&Prime; _module_preset=\u00a0\u00bbdefault\u00a0\u00bb button_text_size=\u00a0\u00bb41px\u00a0\u00bb button_text_color=\u00a0\u00bb#00853F\u00a0\u00bb button_bg_color=\u00a0\u00bbgcid-a4870473-0ec3-40e3-b68b-386afbb8d1b5&Prime; button_border_width=\u00a0\u00bb5px\u00a0\u00bb button_border_color=\u00a0\u00bb#FFFFFF\u00a0\u00bb button_border_radius=\u00a0\u00bb25px\u00a0\u00bb button_letter_spacing=\u00a0\u00bb5px\u00a0\u00bb button_icon=\u00a0\u00bb&#xf1c1;||fa||900&Prime; global_colors_info=\u00a0\u00bb{%22gcid-a4870473-0ec3-40e3-b68b-386afbb8d1b5%22:%91%22button_bg_color%22%93}\u00a0\u00bb][\/et_pb_button][\/et_pb_column][\/et_pb_row][\/et_pb_section]<\/p>\n","protected":false},"excerpt":{"rendered":"<p>Les dossiers de personnalit\u00e9 \u00ab ELITES \u00bb, mille (1000) environ, int\u00e9ressent ces hommes et femmes qui ont eu \u00e0 marquer l\u2019histoire du S\u00e9n\u00e9gal en particulier et du monde en g\u00e9n\u00e9ral sur les plans politique, administratif, religieux, sportif, social etc.Ces dossiers regroupant principalement des coupures de presse, renferment tr\u00e8s souvent des discours, de la biographie et [&hellip;]<\/p>\n","protected":false},"author":3,"featured_media":0,"parent":0,"menu_order":0,"comment_status":"closed","ping_status":"closed","template":"","meta":{"_et_pb_use_builder":"on","_et_pb_old_content":"<!-- wp:divi\/placeholder \/-->","_et_gb_content_width":"","footnotes":""},"class_list":["post-1926","page","type-page","status-publish","hentry"],"_links":{"self":[{"href":"https:\/\/archivesdusenegal.gouv.sn\/index.php?rest_route=\/wp\/v2\/pages\/1926","targetHints":{"allow":["GET"]}}],"collection":[{"href":"https:\/\/archivesdusenegal.gouv.sn\/index.php?rest_route=\/wp\/v2\/pages"}],"about":[{"href":"https:\/\/archivesdusenegal.gouv.sn\/index.php?rest_route=\/wp\/v2\/types\/page"}],"author":[{"embeddable":true,"href":"https:\/\/archivesdusenegal.gouv.sn\/index.php?rest_route=\/wp\/v2\/users\/3"}],"replies":[{"embeddable":true,"href":"https:\/\/archivesdusenegal.gouv.sn\/index.php?rest_route=%2Fwp%2Fv2%2Fcomments&post=1926"}],"version-history":[{"count":12,"href":"https:\/\/archivesdusenegal.gouv.sn\/index.php?rest_route=\/wp\/v2\/pages\/1926\/revisions"}],"predecessor-version":[{"id":2708,"href":"https:\/\/archivesdusenegal.gouv.sn\/index.php?rest_route=\/wp\/v2\/pages\/1926\/revisions\/2708"}],"wp:attachment":[{"href":"https:\/\/archivesdusenegal.gouv.sn\/index.php?rest_route=%2Fwp%2Fv2%2Fmedia&parent=1926"}],"curies":[{"name":"wp","href":"https:\/\/api.w.org\/{rel}","templated":true}]}}