{"id":2011,"date":"2025-09-08T11:43:44","date_gmt":"2025-09-08T11:43:44","guid":{"rendered":"https:\/\/archivesdusenegal.gouv.sn\/?page_id=2011"},"modified":"2025-11-17T15:24:58","modified_gmt":"2025-11-17T15:24:58","slug":"exposition","status":"publish","type":"page","link":"https:\/\/archivesdusenegal.gouv.sn\/?page_id=2011","title":{"rendered":"Exposition"},"content":{"rendered":"<p>[et_pb_section fb_built=\u00a0\u00bb1&Prime; _builder_version=\u00a0\u00bb4.22.0&Prime; _module_preset=\u00a0\u00bbdefault\u00a0\u00bb global_colors_info=\u00a0\u00bb{}\u00a0\u00bb][et_pb_row _builder_version=\u00a0\u00bb4.22.0&Prime; _module_preset=\u00a0\u00bbdefault\u00a0\u00bb global_colors_info=\u00a0\u00bb{}\u00a0\u00bb][et_pb_column type=\u00a0\u00bb4_4&Prime; _builder_version=\u00a0\u00bb4.22.0&Prime; _module_preset=\u00a0\u00bbdefault\u00a0\u00bb global_colors_info=\u00a0\u00bb{}\u00a0\u00bb][et_pb_accordion _builder_version=\u00a0\u00bb4.22.0&Prime; _module_preset=\u00a0\u00bbdefault\u00a0\u00bb toggle_level=\u00a0\u00bbh3&Prime; body_font_size=\u00a0\u00bb16px\u00a0\u00bb body_line_height=\u00a0\u00bb1.8em\u00a0\u00bb hover_enabled=\u00a0\u00bb0&Prime; global_colors_info=\u00a0\u00bb{}\u00a0\u00bb sticky_enabled=\u00a0\u00bb0&Prime;][et_pb_accordion_item title=\u00a0\u00bb  EXPOSITIONS\u00a0\u00bb open=\u00a0\u00bbon\u00a0\u00bb open_toggle_text_color=\u00a0\u00bb#00853F\u00a0\u00bb _builder_version=\u00a0\u00bb4.22.0&Prime; _module_preset=\u00a0\u00bbdefault\u00a0\u00bb body_font=\u00a0\u00bb|300|||||||\u00a0\u00bb body_text_color=\u00a0\u00bb#000000&Prime; body_font_size=\u00a0\u00bb18px\u00a0\u00bb body_line_height=\u00a0\u00bb1.8em\u00a0\u00bb hover_enabled=\u00a0\u00bb0&Prime; global_colors_info=\u00a0\u00bb{}\u00a0\u00bb toggle_level=\u00a0\u00bbh2&Prime; toggle_text_align=\u00a0\u00bbcenter\u00a0\u00bb toggle_font_size=\u00a0\u00bb27px\u00a0\u00bb toggle_line_height=\u00a0\u00bb1.2em\u00a0\u00bb toggle_font=\u00a0\u00bb|700|||||||\u00a0\u00bb body_text_align=\u00a0\u00bbleft\u00a0\u00bb sticky_enabled=\u00a0\u00bb0&Prime;]<\/p>\n<p style=\"text-align: justify;\">La Direction des Archives du S\u00e9n\u00e9gal organise des expositions temporaires ou itin\u00e9raires dans le but de valoriser et de partager le patrimoine documentaire conserv\u00e9.<\/p>\n<p>Depuis quelques ann\u00e9es, les Archives nationales du S\u00e9n\u00e9gal ont propos\u00e9 aux usagers des expositions temporaires pour renouveler le regard sur la richesse des fonds d\u2019archives.<\/p>\n<p>Les expositions organis\u00e9es \u00a0par la DAS sont les suivantes\u00a0:<\/p>\n<ul>\n<li>1987\u00a0: Exposition itin\u00e9rante sur la \u00ab\u00a0vie et l\u2019\u0153uvre de Ma\u00eetre Lamine GUEYE, 1891 \u2013 1968\u00a0\u00bb du 26 avril au 8 mai 1987 au Lyc\u00e9e Lamine Gueye., en juin 2003 au Lyc\u00e9e Lamine Gueye avec l\u2019appui de l\u2019Association des Amis de Lamine Gueye,<\/li>\n<li>1990\u00a0: Exposition sur \u00ab\u00a0les archives sources de l\u2019histoire nationale\u00a0\u00bb en f\u00e9vrier 1990 \u00e0 la Galerie d\u2019art de Dakar,<\/li>\n<li>1991\u00a0: Exposition sur \u00ab\u00a0les Grandes figures de l\u2019Islam au S\u00e9n\u00e9gal\u00a0\u00bb \u00e0 l\u2019Institut Islamique de Dakar en collaboration avec l\u2019IFAN,<\/li>\n<li>1995\u00a0: Exposition itin\u00e9rante d\u2019archives sur \u00ab\u00a0l\u2019AOF, de la cr\u00e9ation \u00e0 la balkanisation (1895 \u2013 1960) du 16 au 30 juin 1995 au Mus\u00e9e d\u2019art africain, place Soweto, du 02 au 15 f\u00e9vrier 1996 au Centre culturel Abdel Kader Fall de Saint- Louis, du 16 au 28 f\u00e9vrier 1996 \u00e0 l\u2019H\u00f4tel de ville de Thi\u00e8s,<\/li>\n<li>2004\u00a0: Exposition sur les \u00ab\u00a0archives judiciaires, science sociale et d\u00e9mocratie\u00a0\u00bb en d\u00e9cembre 2004 \u00e0 la Galerie nationale d\u2019art de Dakar,<\/li>\n<li>2005\u00a0: Exposition sur \u00ab\u00a0le Royaume du Sine \u00e0 la r\u00e9gion de Fatick\u00a0\u00bb en avril 2005 dans la salle des f\u00eates de Fatick,<\/li>\n<li>2013\u00a0: Exposition itin\u00e9rante du centenaire des archives sur \u00ab\u00a0l\u2019histoire du S\u00e9n\u00e9gal \u00e0 travers les archives\u00a0\u00bb du 13 au 15 juillet 2013 au Mus\u00e9e Th\u00e9odore Monod,<\/li>\n<li>2018\u00a0: Exposition sur \u00ab\u00a0les tirailleurs\u00a0\u00bb en collaboration avec le COVART du\u00a018 d\u00e9cembre 2018 au\u00a0Mus\u00e9e Th\u00e9odore Monod d\u2019art africain,<\/li>\n<\/ul>\n<p>2021\u00a0: Exposition itin\u00e9rante du 9 au 12 Juin 2021 au CRDS de Saint-Louis, du 13 au 15 juin 2021 \u00e0 la Gouvernance de Thi\u00e8s.<\/p>\n<p>[\/et_pb_accordion_item][\/et_pb_accordion][\/et_pb_column][\/et_pb_row][\/et_pb_section]<\/p>\n","protected":false},"excerpt":{"rendered":"<p>La Direction des Archives du S\u00e9n\u00e9gal organise des expositions temporaires ou itin\u00e9raires dans le but de valoriser et de partager le patrimoine documentaire conserv\u00e9. Depuis quelques ann\u00e9es, les Archives nationales du S\u00e9n\u00e9gal ont propos\u00e9 aux usagers des expositions temporaires pour renouveler le regard sur la richesse des fonds d\u2019archives. Les expositions organis\u00e9es \u00a0par la DAS [&hellip;]<\/p>\n","protected":false},"author":3,"featured_media":0,"parent":0,"menu_order":0,"comment_status":"closed","ping_status":"closed","template":"","meta":{"_et_pb_use_builder":"on","_et_pb_old_content":"<!-- wp:divi\/placeholder \/-->","_et_gb_content_width":"","footnotes":""},"class_list":["post-2011","page","type-page","status-publish","hentry"],"_links":{"self":[{"href":"https:\/\/archivesdusenegal.gouv.sn\/index.php?rest_route=\/wp\/v2\/pages\/2011","targetHints":{"allow":["GET"]}}],"collection":[{"href":"https:\/\/archivesdusenegal.gouv.sn\/index.php?rest_route=\/wp\/v2\/pages"}],"about":[{"href":"https:\/\/archivesdusenegal.gouv.sn\/index.php?rest_route=\/wp\/v2\/types\/page"}],"author":[{"embeddable":true,"href":"https:\/\/archivesdusenegal.gouv.sn\/index.php?rest_route=\/wp\/v2\/users\/3"}],"replies":[{"embeddable":true,"href":"https:\/\/archivesdusenegal.gouv.sn\/index.php?rest_route=%2Fwp%2Fv2%2Fcomments&post=2011"}],"version-history":[{"count":8,"href":"https:\/\/archivesdusenegal.gouv.sn\/index.php?rest_route=\/wp\/v2\/pages\/2011\/revisions"}],"predecessor-version":[{"id":2714,"href":"https:\/\/archivesdusenegal.gouv.sn\/index.php?rest_route=\/wp\/v2\/pages\/2011\/revisions\/2714"}],"wp:attachment":[{"href":"https:\/\/archivesdusenegal.gouv.sn\/index.php?rest_route=%2Fwp%2Fv2%2Fmedia&parent=2011"}],"curies":[{"name":"wp","href":"https:\/\/api.w.org\/{rel}","templated":true}]}}