{"id":2025,"date":"2025-09-08T13:03:05","date_gmt":"2025-09-08T13:03:05","guid":{"rendered":"https:\/\/archivesdusenegal.gouv.sn\/?page_id=2025"},"modified":"2025-11-17T12:22:40","modified_gmt":"2025-11-17T12:22:40","slug":"fonds-des-differents-gouvernements-depuis-1960-a-nos-jours","status":"publish","type":"page","link":"https:\/\/archivesdusenegal.gouv.sn\/?page_id=2025","title":{"rendered":"Fonds des diff\u00e9rents gouvernements ( d\u00e8puis 1960 \u00e0 nos jours)"},"content":{"rendered":"<p>[et_pb_section fb_built=\u00a0\u00bb1&Prime; _builder_version=\u00a0\u00bb4.22.0&Prime; _module_preset=\u00a0\u00bbdefault\u00a0\u00bb global_colors_info=\u00a0\u00bb{}\u00a0\u00bb][et_pb_row _builder_version=\u00a0\u00bb4.22.0&Prime; _module_preset=\u00a0\u00bbdefault\u00a0\u00bb global_colors_info=\u00a0\u00bb{}\u00a0\u00bb][et_pb_column type=\u00a0\u00bb4_4&Prime; _builder_version=\u00a0\u00bb4.22.0&Prime; _module_preset=\u00a0\u00bbdefault\u00a0\u00bb global_colors_info=\u00a0\u00bb{}\u00a0\u00bb][et_pb_text _builder_version=\u00a0\u00bb4.22.0&Prime; _module_preset=\u00a0\u00bbdefault\u00a0\u00bb text_text_color=\u00a0\u00bb#00853F\u00a0\u00bb text_font_size=\u00a0\u00bb27px\u00a0\u00bb text_orientation=\u00a0\u00bbcenter\u00a0\u00bb hover_enabled=\u00a0\u00bb0&Prime; global_colors_info=\u00a0\u00bb{}\u00a0\u00bb background_layout=\u00a0\u00bbdark\u00a0\u00bb sticky_enabled=\u00a0\u00bb0&Prime;]<\/p>\n<p style=\"text-align: center;\"><strong>FONDS DES DIFFERENTS GOUVERNEMENTS DEPUIS 1960<\/strong><\/p>\n<p>[\/et_pb_text][\/et_pb_column][\/et_pb_row][et_pb_row column_structure=\u00a0\u00bb1_2,1_2&Prime; _builder_version=\u00a0\u00bb4.22.0&Prime; _module_preset=\u00a0\u00bbdefault\u00a0\u00bb width=\u00a0\u00bb89.5%\u00a0\u00bb global_colors_info=\u00a0\u00bb{}\u00a0\u00bb][et_pb_column type=\u00a0\u00bb1_2&Prime; _builder_version=\u00a0\u00bb4.22.0&Prime; _module_preset=\u00a0\u00bbdefault\u00a0\u00bb global_colors_info=\u00a0\u00bb{}\u00a0\u00bb][et_pb_accordion _builder_version=\u00a0\u00bb4.22.0&Prime; _module_preset=\u00a0\u00bbdefault\u00a0\u00bb toggle_font=\u00a0\u00bb|600|||||||\u00a0\u00bb hover_enabled=\u00a0\u00bb0&Prime; global_colors_info=\u00a0\u00bb{}\u00a0\u00bb sticky_enabled=\u00a0\u00bb0&Prime;][et_pb_accordion_item title=\u00a0\u00bbARCHIVES DE LA VICE PRESIDENCE (1956-1962)\u00a0\u00bb open=\u00a0\u00bbon\u00a0\u00bb open_toggle_text_color=\u00a0\u00bb#000000&Prime; _builder_version=\u00a0\u00bb4.22.0&Prime; _module_preset=\u00a0\u00bbdefault\u00a0\u00bb body_font=\u00a0\u00bb|300|||||||\u00a0\u00bb body_text_color=\u00a0\u00bb#000000&Prime; body_font_size=\u00a0\u00bb17px\u00a0\u00bb body_line_height=\u00a0\u00bb1.8em\u00a0\u00bb hover_enabled=\u00a0\u00bb0&Prime; global_colors_info=\u00a0\u00bb{}\u00a0\u00bb toggle_text_align=\u00a0\u00bbcenter\u00a0\u00bb toggle_font_size=\u00a0\u00bb25px\u00a0\u00bb toggle_line_height=\u00a0\u00bb1.2em\u00a0\u00bb sticky_enabled=\u00a0\u00bb0&Prime;]<\/p>\n<p style=\"text-align: justify;\">Ce fonds provient de la Vice Pr\u00e9sidence et de la Pr\u00e9sidence du Conseil du Gouvernement du S\u00e9n\u00e9gal.<\/p>\n<p style=\"text-align: justify;\">R\u00e9cup\u00e9r\u00e9 \u00e0 la suite de graves crises politiques, ce fonds est une source incontournable pour la recherche de l\u2019\u00e9volution politique et institutionnelle avant et apr\u00e8s les ind\u00e9pendances. A ce titre, il contient des informations de la premi\u00e8re importance sur les faits politiques et sur l\u2019organisation institutionnelle du S\u00e9n\u00e9gal durant cette p\u00e9riode. Ce fonds,enti\u00e8rement class\u00e9,a b\u00e9n\u00e9fici\u00e9 d\u2019un instrument de recherche de type imprim\u00e9.<\/p>\n<p>[\/et_pb_accordion_item][\/et_pb_accordion][\/et_pb_column][et_pb_column type=\u00a0\u00bb1_2&Prime; _builder_version=\u00a0\u00bb4.22.0&Prime; _module_preset=\u00a0\u00bbdefault\u00a0\u00bb global_colors_info=\u00a0\u00bb{}\u00a0\u00bb][et_pb_accordion _builder_version=\u00a0\u00bb4.22.0&Prime; _module_preset=\u00a0\u00bbdefault\u00a0\u00bb width=\u00a0\u00bb100%\u00a0\u00bb custom_margin=\u00a0\u00bb-2px|43px|-18px|13px|false|false\u00a0\u00bb custom_padding=\u00a0\u00bb0px|0px|0px|0px|false|false\u00a0\u00bb hover_enabled=\u00a0\u00bb0&Prime; global_colors_info=\u00a0\u00bb{}\u00a0\u00bb sticky_enabled=\u00a0\u00bb0&Prime; body_font=\u00a0\u00bb|300|||||||\u00a0\u00bb body_font_size=\u00a0\u00bb16px\u00a0\u00bb body_line_height=\u00a0\u00bb1.8em\u00a0\u00bb][et_pb_accordion_item title=\u00a0\u00bbArchives de la F\u00e9d\u00e9ration du Mali (1959-1963)\u00a0\u00bb open=\u00a0\u00bbon\u00a0\u00bb open_toggle_text_color=\u00a0\u00bb#000000&Prime; _builder_version=\u00a0\u00bb4.22.0&Prime; _module_preset=\u00a0\u00bbdefault\u00a0\u00bb body_font=\u00a0\u00bb|300|||||||\u00a0\u00bb body_text_color=\u00a0\u00bb#000000&Prime; body_font_size=\u00a0\u00bb17px\u00a0\u00bb body_line_height=\u00a0\u00bb1.8em\u00a0\u00bb hover_enabled=\u00a0\u00bb0&Prime; global_colors_info=\u00a0\u00bb{}\u00a0\u00bb toggle_font=\u00a0\u00bb|600|||||||\u00a0\u00bb toggle_font_size=\u00a0\u00bb25px\u00a0\u00bb toggle_line_height=\u00a0\u00bb1.3em\u00a0\u00bb sticky_enabled=\u00a0\u00bb0&Prime; toggle_text_align=\u00a0\u00bbcenter\u00a0\u00bb]<\/p>\n<p style=\"text-align: left;\">\n<p style=\"text-align: justify;\">Face au refus de Houphouet BOIGNY de cautionner toute tentative de regroupement des Etats allant vers l\u2019ind\u00e9pendance, et pour \u00e9viter la \u00ab\u00a0balkanisation de l\u2019Afrique\u00a0\u00bb, SENGHOR, Modibo KEITA et d\u2019autres chefs politiques africains se rencontrent \u00e0 Bamako, les 29 et 30 septembre 1958. Ils prennent l\u2019engagement de \u00ab\u00a0former entre les Etats d\u2019Afrique occidentale membres de la communaut\u00e9, une f\u00e9d\u00e9ration primaire\u00a0\u00bb. Ainsi, le S\u00e9n\u00e9gal, le Soudan, la Haute-Volta et le Dahomey se r\u00e9unissent en une assembl\u00e9e constituante f\u00e9d\u00e9rale du 14 au 17 janvier 1959, et d\u00e9cident de cr\u00e9er la F\u00e9d\u00e9ration du Mali. Finalement, le Dahomey et la Haute-Volta se retirent avant d\u2019avoir commenc\u00e9, laissant ainsi le S\u00e9n\u00e9gal et le Soudan constituer une f\u00e9d\u00e9ration \u00e0 deux. Cette f\u00e9d\u00e9ration fut de courte dur\u00e9e. Elle \u00e9clate le 20 ao\u00fbt 1960.<\/p>\n<p style=\"text-align: justify;\">Les Archives de la F\u00e9d\u00e9ration sont r\u00e9cup\u00e9r\u00e9es \u00e0 l\u2019\u00e9clatement de celle-ci. Elles ont \u00e9t\u00e9 trait\u00e9es, class\u00e9es et r\u00e9pertori\u00e9es<\/p>\n<p>[\/et_pb_accordion_item][\/et_pb_accordion][\/et_pb_column][\/et_pb_row][et_pb_row column_structure=\u00a0\u00bb1_2,1_2&Prime; _builder_version=\u00a0\u00bb4.22.0&Prime; _module_preset=\u00a0\u00bbdefault\u00a0\u00bb global_colors_info=\u00a0\u00bb{}\u00a0\u00bb][et_pb_column type=\u00a0\u00bb1_2&Prime; _builder_version=\u00a0\u00bb4.22.0&Prime; _module_preset=\u00a0\u00bbdefault\u00a0\u00bb global_colors_info=\u00a0\u00bb{}\u00a0\u00bb][et_pb_button button_text=\u00a0\u00bbVice Pr\u00e9sidence\u00a0\u00bb _builder_version=\u00a0\u00bb4.22.0&Prime; _module_preset=\u00a0\u00bbdefault\u00a0\u00bb button_text_size=\u00a0\u00bb46px\u00a0\u00bb button_text_color=\u00a0\u00bb#00853F\u00a0\u00bb button_border_radius=\u00a0\u00bb25px\u00a0\u00bb button_icon=\u00a0\u00bb&#xf1c1;||fa||400&Prime; button_icon_color=\u00a0\u00bb#000000&Prime; button_text_shadow_style=\u00a0\u00bbpreset4&Prime; button_text_shadow_color=\u00a0\u00bb#000000&Prime; box_shadow_style=\u00a0\u00bbpreset6&Prime; box_shadow_horizontal=\u00a0\u00bb17px\u00a0\u00bb box_shadow_blur=\u00a0\u00bb46px\u00a0\u00bb global_colors_info=\u00a0\u00bb{}\u00a0\u00bb][\/et_pb_button][\/et_pb_column][et_pb_column type=\u00a0\u00bb1_2&Prime; _builder_version=\u00a0\u00bb4.22.0&Prime; _module_preset=\u00a0\u00bbdefault\u00a0\u00bb global_colors_info=\u00a0\u00bb{}\u00a0\u00bb][et_pb_button button_text=\u00a0\u00bbF\u00e9d\u00e9ration du Mali\u00a0\u00bb _builder_version=\u00a0\u00bb4.22.0&Prime; _module_preset=\u00a0\u00bbdefault\u00a0\u00bb button_text_size=\u00a0\u00bb44px\u00a0\u00bb button_text_color=\u00a0\u00bb#00853F\u00a0\u00bb button_border_radius=\u00a0\u00bb25px\u00a0\u00bb button_icon=\u00a0\u00bb&#xf1c1;||fa||400&Prime; button_text_shadow_style=\u00a0\u00bbpreset4&Prime; button_text_shadow_color=\u00a0\u00bb#000000&Prime; box_shadow_style=\u00a0\u00bbpreset6&Prime; box_shadow_blur=\u00a0\u00bb43px\u00a0\u00bb global_colors_info=\u00a0\u00bb{}\u00a0\u00bb][\/et_pb_button][\/et_pb_column][\/et_pb_row][et_pb_row _builder_version=\u00a0\u00bb4.22.0&Prime; _module_preset=\u00a0\u00bbdefault\u00a0\u00bb global_colors_info=\u00a0\u00bb{}\u00a0\u00bb][et_pb_column type=\u00a0\u00bb4_4&Prime; _builder_version=\u00a0\u00bb4.22.0&Prime; _module_preset=\u00a0\u00bbdefault\u00a0\u00bb global_colors_info=\u00a0\u00bb{}\u00a0\u00bb][et_pb_accordion _builder_version=\u00a0\u00bb4.22.0&Prime; _module_preset=\u00a0\u00bbdefault\u00a0\u00bb global_colors_info=\u00a0\u00bb{}\u00a0\u00bb][et_pb_accordion_item title=\u00a0\u00bbArchives du S\u00e9n\u00e9gal ind\u00e9pendant : 1960 \u00e0 nos jours\u00a0\u00bb open=\u00a0\u00bbon\u00a0\u00bb open_toggle_text_color=\u00a0\u00bb#000000&Prime; _builder_version=\u00a0\u00bb4.22.0&Prime; _module_preset=\u00a0\u00bbdefault\u00a0\u00bb body_text_color=\u00a0\u00bb#000000&Prime; global_colors_info=\u00a0\u00bb{}\u00a0\u00bb]<\/p>\n<p style=\"text-align: justify;\">Le fonds du S\u00e9n\u00e9gal ind\u00e9pendant qui commence en 1960, est subdivis\u00e9 d&rsquo;une part, en archives centrales et r\u00e9gionales g\u00e9r\u00e9es par la Direction des Archives du S\u00e9n\u00e9gal et d&rsquo;autre part, en archives des collectivit\u00e9s locales plac\u00e9es sous son contr\u00f4le. A l&rsquo;heure actuelle, cinq r\u00e9gions (Dakar, thi\u00e8s, Saint-Louis, Kaolack et Fatick) sont dot\u00e9es d&rsquo;un service d&rsquo;archives install\u00e9 au sein de la Gouvernance (si\u00e8ge des services du Gouverneur de r\u00e9gion) pour recevoir l\u2019essentiel des publications officielles du pays.<\/p>\n<p>Ce fonds fait r\u00e9f\u00e9rence \u00e0 l\u2019ensemble des documents produits et re\u00e7us par l\u2019administration s\u00e9n\u00e9galaise apr\u00e8s l\u2019ind\u00e9pendance du pays en 1960. Il est compos\u00e9 de correspondances, de dossiers administratifs, de textes r\u00e9glementaires couvrant la p\u00e9riode depuis 1960 \u00e0 nos jours.<\/p>\n<p>Etant en cours de traitement, ce fonds n\u2019est pas pour le moment communicable.<\/p>\n<p>[\/et_pb_accordion_item][\/et_pb_accordion][\/et_pb_column][\/et_pb_row][\/et_pb_section]<\/p>\n","protected":false},"excerpt":{"rendered":"<p>FONDS DES DIFFERENTS GOUVERNEMENTS DEPUIS 1960Ce fonds provient de la Vice Pr\u00e9sidence et de la Pr\u00e9sidence du Conseil du Gouvernement du S\u00e9n\u00e9gal. R\u00e9cup\u00e9r\u00e9 \u00e0 la suite de graves crises politiques, ce fonds est une source incontournable pour la recherche de l\u2019\u00e9volution politique et institutionnelle avant et apr\u00e8s les ind\u00e9pendances. A ce titre, il contient des [&hellip;]<\/p>\n","protected":false},"author":3,"featured_media":0,"parent":0,"menu_order":0,"comment_status":"closed","ping_status":"closed","template":"","meta":{"_et_pb_use_builder":"on","_et_pb_old_content":"<!-- wp:divi\/placeholder \/-->","_et_gb_content_width":"","footnotes":""},"class_list":["post-2025","page","type-page","status-publish","hentry"],"_links":{"self":[{"href":"https:\/\/archivesdusenegal.gouv.sn\/index.php?rest_route=\/wp\/v2\/pages\/2025","targetHints":{"allow":["GET"]}}],"collection":[{"href":"https:\/\/archivesdusenegal.gouv.sn\/index.php?rest_route=\/wp\/v2\/pages"}],"about":[{"href":"https:\/\/archivesdusenegal.gouv.sn\/index.php?rest_route=\/wp\/v2\/types\/page"}],"author":[{"embeddable":true,"href":"https:\/\/archivesdusenegal.gouv.sn\/index.php?rest_route=\/wp\/v2\/users\/3"}],"replies":[{"embeddable":true,"href":"https:\/\/archivesdusenegal.gouv.sn\/index.php?rest_route=%2Fwp%2Fv2%2Fcomments&post=2025"}],"version-history":[{"count":10,"href":"https:\/\/archivesdusenegal.gouv.sn\/index.php?rest_route=\/wp\/v2\/pages\/2025\/revisions"}],"predecessor-version":[{"id":2692,"href":"https:\/\/archivesdusenegal.gouv.sn\/index.php?rest_route=\/wp\/v2\/pages\/2025\/revisions\/2692"}],"wp:attachment":[{"href":"https:\/\/archivesdusenegal.gouv.sn\/index.php?rest_route=%2Fwp%2Fv2%2Fmedia&parent=2025"}],"curies":[{"name":"wp","href":"https:\/\/api.w.org\/{rel}","templated":true}]}}