{"id":2494,"date":"2025-11-17T00:12:05","date_gmt":"2025-11-17T00:12:05","guid":{"rendered":"https:\/\/archivesdusenegal.gouv.sn\/?page_id=2494"},"modified":"2025-11-17T15:58:27","modified_gmt":"2025-11-17T15:58:27","slug":"colection1-iconographique1","status":"publish","type":"page","link":"https:\/\/archivesdusenegal.gouv.sn\/?page_id=2494","title":{"rendered":"Collection Iconographique"},"content":{"rendered":"<p>[et_pb_section fb_built=\u00a0\u00bb1&Prime; _builder_version=\u00a0\u00bb4.22.0&Prime; _module_preset=\u00a0\u00bbdefault\u00a0\u00bb global_colors_info=\u00a0\u00bb{}\u00a0\u00bb][et_pb_row _builder_version=\u00a0\u00bb4.22.0&Prime; _module_preset=\u00a0\u00bbdefault\u00a0\u00bb global_colors_info=\u00a0\u00bb{}\u00a0\u00bb][et_pb_column type=\u00a0\u00bb4_4&Prime; _builder_version=\u00a0\u00bb4.22.0&Prime; _module_preset=\u00a0\u00bbdefault\u00a0\u00bb global_colors_info=\u00a0\u00bb{}\u00a0\u00bb][et_pb_post_title author=\u00a0\u00bboff\u00a0\u00bb date=\u00a0\u00bboff\u00a0\u00bb comments=\u00a0\u00bboff\u00a0\u00bb _builder_version=\u00a0\u00bb4.22.0&Prime; _module_preset=\u00a0\u00bbdefault\u00a0\u00bb title_text_color=\u00a0\u00bb#00853F\u00a0\u00bb hover_enabled=\u00a0\u00bb0&Prime; global_colors_info=\u00a0\u00bb{}\u00a0\u00bb title_text_align=\u00a0\u00bbcenter\u00a0\u00bb title_font_size=\u00a0\u00bb32px\u00a0\u00bb sticky_enabled=\u00a0\u00bb0&Prime;][\/et_pb_post_title][et_pb_text _builder_version=\u00a0\u00bb4.22.0&Prime; _module_preset=\u00a0\u00bbdefault\u00a0\u00bb text_font=\u00a0\u00bb|300|||||||\u00a0\u00bb text_text_color=\u00a0\u00bb#000000&Prime; text_font_size=\u00a0\u00bb18px\u00a0\u00bb text_line_height=\u00a0\u00bb2em\u00a0\u00bb hover_enabled=\u00a0\u00bb0&Prime; global_colors_info=\u00a0\u00bb{}\u00a0\u00bb sticky_enabled=\u00a0\u00bb0&Prime;]<\/p>\n<p style=\"text-align: justify;\">Cr\u00e9\u00e9e en 1980, la division des activit\u00e9s \u00e9ducatives, de l\u2019iconographie et des comm\u00e9morations est charg\u00e9e de la collecte, du traitement, de la conservation et de la communication des documents iconographiques.<\/p>\n<p style=\"text-align: justify;\">Le fonds iconographique est repr\u00e9sent\u00e9 par la s\u00e9rie Fi du cadre de classement des fonds de l\u2019A.O. F et du S\u00e9n\u00e9gal colonial, constitu\u00e9 essentiellement de\u00a0:<\/p>\n<ul style=\"text-align: justify;\">\n<li>Cartes et plans,<\/li>\n<li>Affiches,<\/li>\n<li>Cartes postales (anciennes et modernes),<\/li>\n<li>Photographies,<\/li>\n<li>Une collection philat\u00e9lique.<\/li>\n<\/ul>\n<p style=\"text-align: justify;\">Ce fonds pr\u00e9sente un int\u00e9r\u00eat particulier pour la recherche historique.<\/p>\n<p>[\/et_pb_text][\/et_pb_column][\/et_pb_row][\/et_pb_section]<\/p>\n","protected":false},"excerpt":{"rendered":"<p>Cr\u00e9\u00e9e en 1980, la division des activit\u00e9s \u00e9ducatives, de l\u2019iconographie et des comm\u00e9morations est charg\u00e9e de la collecte, du traitement, de la conservation et de la communication des documents iconographiques. Le fonds iconographique est repr\u00e9sent\u00e9 par la s\u00e9rie Fi du cadre de classement des fonds de l\u2019A.O. F et du S\u00e9n\u00e9gal colonial, constitu\u00e9 essentiellement de\u00a0: [&hellip;]<\/p>\n","protected":false},"author":3,"featured_media":0,"parent":0,"menu_order":0,"comment_status":"closed","ping_status":"closed","template":"","meta":{"_et_pb_use_builder":"on","_et_pb_old_content":"","_et_gb_content_width":"","footnotes":""},"class_list":["post-2494","page","type-page","status-publish","hentry"],"_links":{"self":[{"href":"https:\/\/archivesdusenegal.gouv.sn\/index.php?rest_route=\/wp\/v2\/pages\/2494","targetHints":{"allow":["GET"]}}],"collection":[{"href":"https:\/\/archivesdusenegal.gouv.sn\/index.php?rest_route=\/wp\/v2\/pages"}],"about":[{"href":"https:\/\/archivesdusenegal.gouv.sn\/index.php?rest_route=\/wp\/v2\/types\/page"}],"author":[{"embeddable":true,"href":"https:\/\/archivesdusenegal.gouv.sn\/index.php?rest_route=\/wp\/v2\/users\/3"}],"replies":[{"embeddable":true,"href":"https:\/\/archivesdusenegal.gouv.sn\/index.php?rest_route=%2Fwp%2Fv2%2Fcomments&post=2494"}],"version-history":[{"count":7,"href":"https:\/\/archivesdusenegal.gouv.sn\/index.php?rest_route=\/wp\/v2\/pages\/2494\/revisions"}],"predecessor-version":[{"id":2717,"href":"https:\/\/archivesdusenegal.gouv.sn\/index.php?rest_route=\/wp\/v2\/pages\/2494\/revisions\/2717"}],"wp:attachment":[{"href":"https:\/\/archivesdusenegal.gouv.sn\/index.php?rest_route=%2Fwp%2Fv2%2Fmedia&parent=2494"}],"curies":[{"name":"wp","href":"https:\/\/api.w.org\/{rel}","templated":true}]}}