{"id":2783,"date":"2025-11-25T15:37:35","date_gmt":"2025-11-25T15:37:35","guid":{"rendered":"https:\/\/archivesdusenegal.gouv.sn\/?page_id=2783"},"modified":"2026-02-25T13:46:02","modified_gmt":"2026-02-25T13:46:02","slug":"ceremonie-de-couverturela-ceremonie-de-cloture-de-latelier-regional-de-formation-des-archivistes-francophone","status":"publish","type":"page","link":"https:\/\/archivesdusenegal.gouv.sn\/?page_id=2783","title":{"rendered":"Journ\u00e9e d&rsquo;\u00e9tude du projet FESEL (rendre visible le patrimoine audiovisuel et cin\u00e9matographique du S\u00e9n\u00e9gal)"},"content":{"rendered":"<p>[et_pb_section fb_built=\u00a0\u00bb1&Prime; _builder_version=\u00a0\u00bb4.22.0&Prime; _module_preset=\u00a0\u00bbdefault\u00a0\u00bb global_colors_info=\u00a0\u00bb{}\u00a0\u00bb][et_pb_row _builder_version=\u00a0\u00bb4.22.0&Prime; _module_preset=\u00a0\u00bbdefault\u00a0\u00bb global_colors_info=\u00a0\u00bb{}\u00a0\u00bb][et_pb_column type=\u00a0\u00bb4_4&Prime; _builder_version=\u00a0\u00bb4.22.0&Prime; _module_preset=\u00a0\u00bbdefault\u00a0\u00bb global_colors_info=\u00a0\u00bb{}\u00a0\u00bb][et_pb_post_title meta=\u00a0\u00bboff\u00a0\u00bb _builder_version=\u00a0\u00bb4.22.0&Prime; _module_preset=\u00a0\u00bbdefault\u00a0\u00bb global_colors_info=\u00a0\u00bb{}\u00a0\u00bb][\/et_pb_post_title][et_pb_text _builder_version=\u00a0\u00bb4.22.0&Prime; _module_preset=\u00a0\u00bbdefault\u00a0\u00bb text_font=\u00a0\u00bb|300|||||||\u00a0\u00bb text_text_color=\u00a0\u00bb#000000&Prime; text_font_size=\u00a0\u00bb16px\u00a0\u00bb text_line_height=\u00a0\u00bb1.8em\u00a0\u00bb global_colors_info=\u00a0\u00bb{}\u00a0\u00bb]<\/p>\n<p>Le Directeur des Archives du S\u00e9n\u00e9gal, Monsieur Mohamed Lat Sack Diop a pris part ce lundi 12 janvier 2026 \u00e0 la journ\u00e9e d\u2019\u00e9tude du projet FES\u00cbL (rendre visible le patrimoine audiovisuel et cin\u00e9matographique du S\u00e9n\u00e9gal), plac\u00e9e sous le th\u00e8me \u00ab Archives audiovisuelles : sources, usages et cr\u00e9ations \u00bb, et organis\u00e9e au Mus\u00e9e Th\u00e9odore Monod en marge de l\u2019inauguration de l\u2019exposition \u00ab LAMB, demb ak tay \u00bb ou \u00ab La lutte dans nos archives: des ind\u00e9pendances \u00e0 aujourd\u2019hui \u00bb.<\/p>\n<p>Lors de cette journ\u00e9e de r\u00e9flexions, il a prononc\u00e9 une communication sur le th\u00e8me \u00ab le rapport aux archives au S\u00e9n\u00e9gal \u00bb et a mod\u00e9r\u00e9 les discussions de la matin\u00e9e.<\/p>\n<p>Dans sa communication, Monsieur Mohamed Lat Sack Diop a rappel\u00e9 que les archives constituent une part importante de notre m\u00e9moire collective et des ressources indispensables au bon fonctionnement de l\u2019administration, \u00e0 la reddition des comptes et \u00e0 la transmission de notre histoire aux g\u00e9n\u00e9rations futures. Elles t\u00e9moignent ainsi de l\u2019\u00e9volution de l\u2019\u00c9tat, des dynamiques sociales et des expressions culturelles de notre pays.<\/p>\n<p>Abordant le rapport de la soci\u00e9t\u00e9 s\u00e9n\u00e9galaise aux archives, le Directeur des Archives du S\u00e9n\u00e9gal a regrett\u00e9 une appropriation encore limit\u00e9e et essentiellement utilitariste de ces ressources par les citoyens, et point\u00e9 une faible culture de gestion et de conservation des archives au sein de l\u2019administration, caract\u00e9ris\u00e9e par un manque d\u2019archivistes qualifi\u00e9s, des pratiques archivistiques inad\u00e9quates et hors normes, en plus d\u2019infrastructures adapt\u00e9es.<\/p>\n<p>S\u2019agissant en particulier des archives audiovisuelles, il a not\u00e9 l\u2019absence d\u2019un dispositif juridique instituant le d\u00e9p\u00f4t l\u00e9gal de audiovisuel et d\u2019une structure nationale d\u00e9di\u00e9e \u00e0 leur conservation, tout en soulignant la prise de conscience r\u00e9cente des nouvelles autorit\u00e9s, illustr\u00e9e par les orientations claires en faveur de la construction de la future Maison des archives et de la mise en \u0153uvre d\u2019un programme national de d\u00e9veloppement du secteur.<\/p>\n<p>Pour rappel, l\u2019Exposition \u00ab LAMB: demb ak tay \u00bb, fruit de deux ann\u00e9es de travail collaboratif entre les diff\u00e9rentes parties prenantes, a \u00e9t\u00e9 mont\u00e9e gr\u00e2ce \u00e0 l\u2019appui technique et financier de INA et de l\u2019AFD &#8211; Agence Fran\u00e7aise de D\u00e9veloppement, sur la base des archives audiovisuelles et iconographiques d\u00e9tenues par les institutions suivantes : Direction de la Cin\u00e9matographie, RTS1 S\u00e9n\u00e9gal, Institut Fondamental d&rsquo;Afrique Noire Cheikh Anta DIOP et \u00c9cole de Biblioth\u00e9caires, Archivistes et Documentalistes.<br \/>Elle a \u00e9t\u00e9 inaugur\u00e9e par le Secr\u00e9taire d\u2019Etat \u00e0 la Culture, aux industries cr\u00e9atives et au Patrimoine historique Monsieur Dr Bacary Sarr L&rsquo;officiel, et est ouverte au public jusqu\u2019au 12 f\u00e9vrier 2026 au Mus\u00e9e Th\u00e9odore Monod de l\u2019IFAN.<\/p>\n<p>[\/et_pb_text][\/et_pb_column][\/et_pb_row][et_pb_row _builder_version=\u00a0\u00bb4.22.0&Prime; _module_preset=\u00a0\u00bbdefault\u00a0\u00bb][et_pb_column _builder_version=\u00a0\u00bb4.22.0&Prime; _module_preset=\u00a0\u00bbdefault\u00a0\u00bb type=\u00a0\u00bb4_4&Prime;][et_pb_code _builder_version=\u00a0\u00bb4.22.0&Prime; _module_preset=\u00a0\u00bbdefault\u00a0\u00bb hover_enabled=\u00a0\u00bb0&Prime; sticky_enabled=\u00a0\u00bb0&Prime;]<div id=\"metaslider-id-3042\" style=\"width: 100%;\" class=\"ml-slider-3-107-0 metaslider metaslider-flex metaslider-3042 ml-slider has-carousel-mode ms-theme-default nav-hidden\" role=\"region\" aria-label=\"Galeries\" data-height=\"300\" data-width=\"300\">\n    <div id=\"metaslider_container_3042\">\n        <div id=\"metaslider_3042\">\n            <ul class='slides'>\n                <li style=\"display: none; width: 100%;\" class=\"slide-3043 ms-image \" aria-roledescription=\"slide\" data-date=\"2026-02-25 13:37:17\" data-filename=\"pm5-1-300x300.jpeg\" data-slide-type=\"image\"><img fetchpriority=\"high\" fetchpriority=\"high\" decoding=\"async\" src=\"https:\/\/archivesdusenegal.gouv.sn\/wp-content\/uploads\/2026\/02\/pm5-1-300x300.jpeg\" height=\"300\" width=\"300\" alt=\"\" class=\"slider-3042 slide-3043 msDefaultImage\" title=\"pm5\" \/><\/li>\n                <li style=\"display: none; width: 100%;\" class=\"slide-3048 ms-image \" aria-roledescription=\"slide\" data-date=\"2026-02-25 13:39:00\" data-filename=\"pm11-1-300x300.jpeg\" data-slide-type=\"image\"><img decoding=\"async\" src=\"https:\/\/archivesdusenegal.gouv.sn\/wp-content\/uploads\/2026\/02\/pm11-1-300x300.jpeg\" height=\"300\" width=\"300\" alt=\"\" class=\"slider-3042 slide-3048 msDefaultImage\" title=\"pm11\" \/><\/li>\n                <li style=\"display: none; width: 100%;\" class=\"slide-3049 ms-image \" aria-roledescription=\"slide\" data-date=\"2026-02-25 13:39:13\" data-filename=\"pm8-300x300.jpeg\" data-slide-type=\"image\"><img decoding=\"async\" src=\"https:\/\/archivesdusenegal.gouv.sn\/wp-content\/uploads\/2026\/02\/pm8-300x300.jpeg\" height=\"300\" width=\"300\" alt=\"\" class=\"slider-3042 slide-3049 msDefaultImage\" title=\"pm8\" \/><\/li>\n                <li style=\"display: none; width: 100%;\" class=\"slide-3050 ms-image \" aria-roledescription=\"slide\" data-date=\"2026-02-25 13:39:19\" data-filename=\"pm6-300x300.jpeg\" data-slide-type=\"image\"><img loading=\"lazy\" loading=\"lazy\" decoding=\"async\" src=\"https:\/\/archivesdusenegal.gouv.sn\/wp-content\/uploads\/2026\/02\/pm6-300x300.jpeg\" height=\"300\" width=\"300\" alt=\"\" class=\"slider-3042 slide-3050 msDefaultImage\" title=\"pm6\" \/><\/li>\n                <li style=\"display: none; width: 100%;\" class=\"slide-3051 ms-image \" aria-roledescription=\"slide\" data-date=\"2026-02-25 13:39:30\" data-filename=\"pm4-300x300.jpeg\" data-slide-type=\"image\"><img loading=\"lazy\" loading=\"lazy\" decoding=\"async\" src=\"https:\/\/archivesdusenegal.gouv.sn\/wp-content\/uploads\/2026\/02\/pm4-300x300.jpeg\" height=\"300\" width=\"300\" alt=\"\" class=\"slider-3042 slide-3051 msDefaultImage\" title=\"pm4\" \/><\/li>\n                <li style=\"display: none; width: 100%;\" class=\"slide-3052 ms-image \" aria-roledescription=\"slide\" data-date=\"2026-02-25 13:39:56\" data-filename=\"pm8-300x300.jpeg\" data-slide-type=\"image\"><img loading=\"lazy\" loading=\"lazy\" decoding=\"async\" src=\"https:\/\/archivesdusenegal.gouv.sn\/wp-content\/uploads\/2026\/01\/pm8-300x300.jpeg\" height=\"300\" width=\"300\" alt=\"\" class=\"slider-3042 slide-3052 msDefaultImage\" title=\"pm8\" \/><\/li>\n            <\/ul>\n        <\/div>\n        \n    <\/div>\n<\/div>[\/et_pb_code][\/et_pb_column][\/et_pb_row][\/et_pb_section]<\/p>\n","protected":false},"excerpt":{"rendered":"<p>Le Directeur des Archives du S\u00e9n\u00e9gal, Monsieur Mohamed Lat Sack Diop a pris part ce lundi 12 janvier 2026 \u00e0 la journ\u00e9e d\u2019\u00e9tude du projet FES\u00cbL (rendre visible le patrimoine audiovisuel et cin\u00e9matographique du S\u00e9n\u00e9gal), plac\u00e9e sous le th\u00e8me \u00ab Archives audiovisuelles : sources, usages et cr\u00e9ations \u00bb, et organis\u00e9e au Mus\u00e9e Th\u00e9odore Monod en [&hellip;]<\/p>\n","protected":false},"author":3,"featured_media":0,"parent":0,"menu_order":0,"comment_status":"closed","ping_status":"closed","template":"","meta":{"_et_pb_use_builder":"on","_et_pb_old_content":"","_et_gb_content_width":"","footnotes":""},"class_list":["post-2783","page","type-page","status-publish","hentry"],"_links":{"self":[{"href":"https:\/\/archivesdusenegal.gouv.sn\/index.php?rest_route=\/wp\/v2\/pages\/2783","targetHints":{"allow":["GET"]}}],"collection":[{"href":"https:\/\/archivesdusenegal.gouv.sn\/index.php?rest_route=\/wp\/v2\/pages"}],"about":[{"href":"https:\/\/archivesdusenegal.gouv.sn\/index.php?rest_route=\/wp\/v2\/types\/page"}],"author":[{"embeddable":true,"href":"https:\/\/archivesdusenegal.gouv.sn\/index.php?rest_route=\/wp\/v2\/users\/3"}],"replies":[{"embeddable":true,"href":"https:\/\/archivesdusenegal.gouv.sn\/index.php?rest_route=%2Fwp%2Fv2%2Fcomments&post=2783"}],"version-history":[{"count":14,"href":"https:\/\/archivesdusenegal.gouv.sn\/index.php?rest_route=\/wp\/v2\/pages\/2783\/revisions"}],"predecessor-version":[{"id":3054,"href":"https:\/\/archivesdusenegal.gouv.sn\/index.php?rest_route=\/wp\/v2\/pages\/2783\/revisions\/3054"}],"wp:attachment":[{"href":"https:\/\/archivesdusenegal.gouv.sn\/index.php?rest_route=%2Fwp%2Fv2%2Fmedia&parent=2783"}],"curies":[{"name":"wp","href":"https:\/\/api.w.org\/{rel}","templated":true}]}}