{"id":3107,"date":"2026-03-05T08:31:16","date_gmt":"2026-03-05T08:31:16","guid":{"rendered":"https:\/\/archivesdusenegal.gouv.sn\/?page_id=3107"},"modified":"2026-03-05T11:38:05","modified_gmt":"2026-03-05T11:38:05","slug":"cooperation-internationale","status":"publish","type":"page","link":"https:\/\/archivesdusenegal.gouv.sn\/?page_id=3107","title":{"rendered":"Coop\u00e9ration Internationale"},"content":{"rendered":"<p>[et_pb_section fb_built=\u00a0\u00bb1&Prime; _builder_version=\u00a0\u00bb4.22.0&Prime; _module_preset=\u00a0\u00bbdefault\u00a0\u00bb global_colors_info=\u00a0\u00bb{}\u00a0\u00bb][et_pb_row _builder_version=\u00a0\u00bb4.22.0&Prime; _module_preset=\u00a0\u00bbdefault\u00a0\u00bb custom_padding=\u00a0\u00bb29px|||||\u00a0\u00bb][et_pb_column _builder_version=\u00a0\u00bb4.22.0&Prime; _module_preset=\u00a0\u00bbdefault\u00a0\u00bb type=\u00a0\u00bb4_4&Prime;][et_pb_text _builder_version=\u00a0\u00bb4.22.0&Prime; _module_preset=\u00a0\u00bbdefault\u00a0\u00bb hover_enabled=\u00a0\u00bb0&Prime; sticky_enabled=\u00a0\u00bb0&Prime; text_text_color=\u00a0\u00bb#000000&Prime;]<\/p>\n<p>COOPERATION INTERNATIONALE<\/p>\n<p style=\"text-align: justify;\">Dans le cadre de sa mission de pr\u00e9servation, de modernisation et de valorisation des archives, la Direction des Archives du S\u00e9n\u00e9gal \u00e9tablit des partenariats bilat\u00e9raux et multilat\u00e9raux strat\u00e9giques. Ces coop\u00e9rations s\u2019inscrivent dans la mise en \u0153uvre de la politique nationale des archives et visent le renforcement des capacit\u00e9s techniques, la transformation num\u00e9rique des syst\u00e8mes d\u2019archives, la pr\u00e9servation du patrimoine documentaire et la promotion de la transparence administrative.<\/p>\n<p>[\/et_pb_text][\/et_pb_column][\/et_pb_row][et_pb_row column_structure=\u00a0\u00bb1_2,1_2&Prime; _builder_version=\u00a0\u00bb4.22.0&Prime; _module_preset=\u00a0\u00bbdefault\u00a0\u00bb global_colors_info=\u00a0\u00bb{}\u00a0\u00bb][et_pb_column type=\u00a0\u00bb1_2&Prime; _builder_version=\u00a0\u00bb4.22.0&Prime; _module_preset=\u00a0\u00bbdefault\u00a0\u00bb global_colors_info=\u00a0\u00bb{}\u00a0\u00bb][et_pb_text _builder_version=\u00a0\u00bb4.22.0&Prime; _module_preset=\u00a0\u00bbdefault\u00a0\u00bb text_text_color=\u00a0\u00bb#000000&Prime; global_colors_info=\u00a0\u00bb{}\u00a0\u00bb]<\/p>\n<blockquote>\n<p style=\"text-align: justify;\">Conseil international des archives (CIA \/ ICA)<\/p>\n<\/blockquote>\n<p>La Direction des Archives du S\u00e9n\u00e9gal entretient une coop\u00e9ration active avec le CIA, organisation mondiale de r\u00e9f\u00e9rence en mati\u00e8re d\u2019archivistique, qui f\u00e9d\u00e8re les institutions archivistiques et promeut les normes professionnelles internationales.<\/p>\n<p>Objectifs de la coop\u00e9ration :<\/p>\n<ul>\n<li>\u00a0Renforcement des capacit\u00e9s professionnelles archivistiques,<\/li>\n<li>\u00a0Application des normes archivistiques internationales,<\/li>\n<li>\u00a0Int\u00e9gration dans les r\u00e9seaux archivistiques mondiaux.<\/li>\n<\/ul>\n<blockquote>\n<p>Institut National de l\u2019Audiovisuel (INA)<\/p>\n<\/blockquote>\n<p>La coop\u00e9ration avec l\u2019INA, acteur majeur de la conservation et de la valorisation du patrimoine audiovisuel, constitue un levier structurant pleinement inscrit dans la strat\u00e9gie nationale de sauvegarde et de promotion de ce patrimoine.<\/p>\n<p>Objectifs de la coop\u00e9ration :<\/p>\n<ul>\n<li>\u00a0Sauvegarde et valorisation du patrimoine audiovisuel,<\/li>\n<li>\u00a0Appui technique en conservation et num\u00e9risation,<\/li>\n<li>Renforcement des comp\u00e9tences nationales en archives audiovisuelles.<\/li>\n<\/ul>\n<blockquote>\n<p>\u00a0Service interminist\u00e9riel des Archives de France (SIAF \/ Archives de France)<\/p>\n<\/blockquote>\n<p>La Direction des Archives du S\u00e9n\u00e9gal d\u00e9veloppe une coop\u00e9ration institutionnelle avec le Service interminist\u00e9riel des Archives de France (SIAF), autorit\u00e9 comp\u00e9tente en<\/p>\n<p>mati\u00e8re de politique publique archivistique et partenaire strat\u00e9gique en modernisation du secteur.<\/p>\n<p>Objectifs de la coop\u00e9ration :<\/p>\n<ul>\n<li>\u00a0Partage d\u2019expertises en politiques publiques d\u2019archives,<\/li>\n<li>\u00a0Appui \u00e0 la modernisation des services et syst\u00e8mes archivistiques,<\/li>\n<li>Renforcement des capacit\u00e9s techniques et professionnelles en gestion des archives.<\/li>\n<\/ul>\n<blockquote>\n<p>\u00a0Centre international de l\u2019ISSN (CIEPS)<\/p>\n<\/blockquote>\n<p>Dans le cadre de la structuration et de la valorisation de la production documentaire nationale, la Direction des Archives du S\u00e9n\u00e9gal collabore avec le CIEPS, organisme intergouvernemental charg\u00e9 de la coordination du syst\u00e8me international d\u2019identification des publications en s\u00e9rie. S\u2019inscrivant dans les missions de la Biblioth\u00e8que des Archives du S\u00e9n\u00e9gal, ce partenariat vise les objectifs ci-dessous.<\/p>\n<p>Objectifs de la coop\u00e9ration<\/p>\n<ul>\n<li>\u00a0R\u00e9f\u00e9rencement international des publications nationales,<\/li>\n<li>\u00a0Renforcement de la visibilit\u00e9 des revues et p\u00e9riodiques nationaux,<\/li>\n<li>\u00a0Acc\u00e8s aux outils num\u00e9riques internationaux de publication.<\/li>\n<\/ul>\n<p>&nbsp;<\/p>\n<p>&nbsp;<\/p>\n<p>&nbsp;<\/p>\n<p>[\/et_pb_text][\/et_pb_column][et_pb_column type=\u00a0\u00bb1_2&Prime; _builder_version=\u00a0\u00bb4.22.0&Prime; _module_preset=\u00a0\u00bbdefault\u00a0\u00bb global_colors_info=\u00a0\u00bb{}\u00a0\u00bb][et_pb_text _builder_version=\u00a0\u00bb4.22.0&Prime; _module_preset=\u00a0\u00bbdefault\u00a0\u00bb text_text_color=\u00a0\u00bb#000000&Prime; global_colors_info=\u00a0\u00bb{}\u00a0\u00bb]<\/p>\n<blockquote>\n<p>\u00a0R\u00e9seau Francophone Num\u00e9rique (RFN)<\/p>\n<\/blockquote>\n<p>La Direction des Archives du S\u00e9n\u00e9gal est membre du R\u00e9seau francophone num\u00e9rique, qui accompagne les institutions patrimoniales francophones dans la transformation num\u00e9rique. Ses membres, principalement des biblioth\u00e8ques et archives nationales, collaborent pour pr\u00e9server, valoriser et diffuser le patrimoine documentaire francophone \u00e0 l\u2019\u00e8re du num\u00e9rique.<\/p>\n<ul>\n<li>Objectifs de la coop\u00e9ration :<\/li>\n<\/ul>\n<p>Appui aux projets de num\u00e9risation patrimoniale,<\/p>\n<ul>\n<li>\u00a0Mutualisation des ressources num\u00e9riques,<\/li>\n<li>\u00a0Echange de ressources et de savoir-faire en num\u00e9risation,<\/li>\n<li>\u00a0D\u00e9veloppement de l\u2019interop\u00e9rabilit\u00e9 des syst\u00e8mes d\u2019information.<\/li>\n<\/ul>\n<p>&nbsp;<\/p>\n<blockquote>\n<p>\u00a0Archives des pays de l\u2019ex-AOF<\/p>\n<\/blockquote>\n<p>Le S\u00e9n\u00e9gal conserve une partie majeure des archives produites pour l\u2019ensemble des territoires de l\u2019Afrique Occidentale Fran\u00e7aise (S\u00e9n\u00e9gal, Mali, Guin\u00e9e, C\u00f4te d&rsquo;Ivoire, Niger, Burkina Faso, Mauritanie, B\u00e9nin et Togo). Ce fonds est inscrit au registre M\u00e9moire du monde de l\u2019UNESCO, ce qui renforce son caract\u00e8re universel et partag\u00e9. La coop\u00e9ration avec ces pays repose sur cette r\u00e9alit\u00e9 historique tr\u00e8s particuli\u00e8re.<\/p>\n<p>Objectifs de la coop\u00e9ration :<\/p>\n<ul>\n<li>Faciliter l\u2019acc\u00e8s des \u00c9tats concern\u00e9s aux archives,<\/li>\n<li>\u00a0Soutenir la recherche scientifique et historique r\u00e9gionale,<\/li>\n<li>Pr\u00e9server et valoriser la m\u00e9moire documentaire commune.<\/li>\n<\/ul>\n<blockquote>\n<p>\u00a0Archives nationales de Mauritanie<\/p>\n<\/blockquote>\n<p>La coop\u00e9ration entre la Direction des Archives du S\u00e9n\u00e9gal et les Archives de la Mauritanie s\u2019inscrit dans une dynamique naturelle entre deux pays voisins, h\u00e9ritiers d\u2019une histoire commune et li\u00e9s par une forte proximit\u00e9 g\u00e9ographique. Les deux institutions partagent des trajectoires institutionnelles et administratives \u00e9troitement li\u00e9es et font face \u00e0 des d\u00e9fis similaires en mati\u00e8re de conservation, de modernisation et de valorisation du patrimoine archivistique.<\/p>\n<p>Objectifs de la coop\u00e9ration :<\/p>\n<ul>\n<li>\u00a0Formation de sp\u00e9cialistes en archivistique et conservation,<\/li>\n<li>Coop\u00e9ration en restauration, num\u00e9risation et gestion documentaire,<\/li>\n<li>\u00a0\u00c9changes d\u2019expertises et de technologies archivistiques.<\/li>\n<\/ul>\n<blockquote>\n<p>\u00a0\u00a0Archivistes Leaders International (ALI)<\/p>\n<\/blockquote>\n<p>Le partenariat entre l\u2019organisation Archivistes Leaders et la Direction des Archives du S\u00e9n\u00e9gal constitue une initiative visant \u00e0 renforcer la coop\u00e9ration professionnelle et institutionnelle dans le domaine de l\u2019archivistique et de la gestion de l\u2019information documentaire. Ce r\u00e9seau professionnel africain mobilise les archivistes pour moderniser, valoriser et renforcer la gestion des archives en Afrique<\/p>\n<p>Objectifs de la coop\u00e9ration :<\/p>\n<ul>\n<li>D\u00e9veloppement de projets techniques et scientifiques,<\/li>\n<li>\u00a0Renforcement des capacit\u00e9s des professionnels,<\/li>\n<li>Valorisation et pr\u00e9servation du patrimoine archivistique s\u00e9n\u00e9galais et africain,<\/li>\n<li>\u00a0Promotion des m\u00e9tiers des archives et de l\u2019information documentaire.<\/li>\n<\/ul>\n<p>[\/et_pb_text][\/et_pb_column][\/et_pb_row][et_pb_row _builder_version=\u00a0\u00bb4.22.0&Prime; _module_preset=\u00a0\u00bbdefault\u00a0\u00bb][et_pb_column _builder_version=\u00a0\u00bb4.22.0&Prime; _module_preset=\u00a0\u00bbdefault\u00a0\u00bb type=\u00a0\u00bb4_4&Prime;][et_pb_text _builder_version=\u00a0\u00bb4.22.0&Prime; _module_preset=\u00a0\u00bbdefault\u00a0\u00bb text_text_color=\u00a0\u00bb#000000&Prime; hover_enabled=\u00a0\u00bb0&Prime; sticky_enabled=\u00a0\u00bb0&Prime;]<\/p>\n<p>Instances professionnelles internationales<\/p>\n<ul>\n<li>\u00a0Association internationale des archives francophones (AIAF)<\/li>\n<li>F\u00e9d\u00e9ration internationale des associations et institutions de biblioth\u00e8ques (IFLA)<\/li>\n<li>F\u00e9d\u00e9ration internationale des archives de t\u00e9l\u00e9vision (FIAT \/ IFTA)<\/li>\n<li>Association internationale des archives du son et de l\u2019audiovisuel (IASA)<\/li>\n<li style=\"text-align: justify;\">\u00a0WARBICA<\/li>\n<\/ul>\n<p>[\/et_pb_text][\/et_pb_column][\/et_pb_row][\/et_pb_section]<\/p>\n","protected":false},"excerpt":{"rendered":"<p>COOPERATION INTERNATIONALE Dans le cadre de sa mission de pr\u00e9servation, de modernisation et de valorisation des archives, la Direction des Archives du S\u00e9n\u00e9gal \u00e9tablit des partenariats bilat\u00e9raux et multilat\u00e9raux strat\u00e9giques. Ces coop\u00e9rations s\u2019inscrivent dans la mise en \u0153uvre de la politique nationale des archives et visent le renforcement des capacit\u00e9s techniques, la transformation num\u00e9rique des [&hellip;]<\/p>\n","protected":false},"author":3,"featured_media":0,"parent":0,"menu_order":0,"comment_status":"closed","ping_status":"closed","template":"","meta":{"_et_pb_use_builder":"on","_et_pb_old_content":"<!-- wp:divi\/placeholder \/-->","_et_gb_content_width":"","footnotes":""},"class_list":["post-3107","page","type-page","status-publish","hentry"],"_links":{"self":[{"href":"https:\/\/archivesdusenegal.gouv.sn\/index.php?rest_route=\/wp\/v2\/pages\/3107","targetHints":{"allow":["GET"]}}],"collection":[{"href":"https:\/\/archivesdusenegal.gouv.sn\/index.php?rest_route=\/wp\/v2\/pages"}],"about":[{"href":"https:\/\/archivesdusenegal.gouv.sn\/index.php?rest_route=\/wp\/v2\/types\/page"}],"author":[{"embeddable":true,"href":"https:\/\/archivesdusenegal.gouv.sn\/index.php?rest_route=\/wp\/v2\/users\/3"}],"replies":[{"embeddable":true,"href":"https:\/\/archivesdusenegal.gouv.sn\/index.php?rest_route=%2Fwp%2Fv2%2Fcomments&post=3107"}],"version-history":[{"count":4,"href":"https:\/\/archivesdusenegal.gouv.sn\/index.php?rest_route=\/wp\/v2\/pages\/3107\/revisions"}],"predecessor-version":[{"id":3140,"href":"https:\/\/archivesdusenegal.gouv.sn\/index.php?rest_route=\/wp\/v2\/pages\/3107\/revisions\/3140"}],"wp:attachment":[{"href":"https:\/\/archivesdusenegal.gouv.sn\/index.php?rest_route=%2Fwp%2Fv2%2Fmedia&parent=3107"}],"curies":[{"name":"wp","href":"https:\/\/api.w.org\/{rel}","templated":true}]}}