{"id":3489,"date":"2026-04-17T10:04:03","date_gmt":"2026-04-17T10:04:03","guid":{"rendered":"https:\/\/archivesdusenegal.gouv.sn\/?page_id=3489"},"modified":"2026-04-17T12:28:26","modified_gmt":"2026-04-17T12:28:26","slug":"60%e1%b5%89-anniversaire-de-la-bibliotheque-universitaire-ucad","status":"publish","type":"page","link":"https:\/\/archivesdusenegal.gouv.sn\/?page_id=3489","title":{"rendered":"60\u1d49 anniversaire de la Biblioth\u00e8que Universitaire UCAD"},"content":{"rendered":"<p>[et_pb_section fb_built=\u00a0\u00bb1&Prime; _builder_version=\u00a0\u00bb4.22.0&Prime; _module_preset=\u00a0\u00bbdefault\u00a0\u00bb global_colors_info=\u00a0\u00bb{}\u00a0\u00bb][et_pb_row _builder_version=\u00a0\u00bb4.22.0&Prime; _module_preset=\u00a0\u00bbdefault\u00a0\u00bb global_colors_info=\u00a0\u00bb{}\u00a0\u00bb][et_pb_column type=\u00a0\u00bb4_4&Prime; _builder_version=\u00a0\u00bb4.22.0&Prime; _module_preset=\u00a0\u00bbdefault\u00a0\u00bb global_colors_info=\u00a0\u00bb{}\u00a0\u00bb][et_pb_accordion _builder_version=\u00a0\u00bb4.22.0&Prime; _module_preset=\u00a0\u00bbdefault\u00a0\u00bb border_width_all=\u00a0\u00bb0px\u00a0\u00bb global_colors_info=\u00a0\u00bb{}\u00a0\u00bb][et_pb_accordion_item title=\u00a0\u00bb60\u1d49 anniversaire de la Biblioth\u00e8que Universitaire UCAD  (BU-UCAD)\u00a0\u00bb open=\u00a0\u00bbon\u00a0\u00bb open_toggle_text_color=\u00a0\u00bb#00853F\u00a0\u00bb _builder_version=\u00a0\u00bb4.22.0&Prime; _module_preset=\u00a0\u00bbdefault\u00a0\u00bb body_text_color=\u00a0\u00bb#000000&Prime; global_colors_info=\u00a0\u00bb{}\u00a0\u00bb toggle_font=\u00a0\u00bb|||on|||||\u00a0\u00bb toggle_font_size=\u00a0\u00bb35px\u00a0\u00bb]<\/p>\n<p style=\"text-align: justify;\">Retour sur une journ\u00e9e marquante pour la Direction des Archives du S\u00e9n\u00e9gal<\/p>\n<p>Ce mardi 14 avril 2026, Monsieur Mohamed Lat Sack Diop, Directeur des Archives du S\u00e9n\u00e9gal, accompagn\u00e9 de Madame Ngon\u00e9 Sarr Wade, Cheffe du Service de la Biblioth\u00e8que des Archives, a pris part \u00e0 la c\u00e9r\u00e9monie d\u2019ouverture officielle du 60\u1d49 anniversaire de la Biblioth\u00e8que Universitaire UCAD (BU-UCAD).<\/p>\n<p>Plac\u00e9e sous le th\u00e8me \u00ab IA et Soci\u00e9t\u00e9 \u00bb, cette c\u00e9r\u00e9monie a \u00e9t\u00e9 une occasion privil\u00e9gi\u00e9e de revisiter l\u2019histoire de cette institution embl\u00e9matique du monde universitaire, tout en esquissant les perspectives de son \u00e9volution.<\/p>\n<p>Le moment phare de cette rencontre a \u00e9t\u00e9 la le\u00e7on inaugurale prononc\u00e9e par Madame Ramatoulaye Diagne Mbengue, Professeure de philosophie \u00e0 l\u2019UCAD.<\/p>\n<p>La Direction des Archives du S\u00e9n\u00e9gal remercie chaleureusement la Direction de la BU-UCAD pour son invitation et lui adresse ses vives f\u00e9licitations pour la qualit\u00e9 de l\u2019organisation de cet \u00e9v\u00e9nement, qui confirme le r\u00f4le central de cette institution dans le rayonnement du savoir et de la recherche.<\/p>\n<p>[\/et_pb_accordion_item][\/et_pb_accordion][\/et_pb_column][\/et_pb_row][et_pb_row _builder_version=\u00a0\u00bb4.22.0&Prime; _module_preset=\u00a0\u00bbdefault\u00a0\u00bb][et_pb_column _builder_version=\u00a0\u00bb4.22.0&Prime; _module_preset=\u00a0\u00bbdefault\u00a0\u00bb type=\u00a0\u00bb4_4&Prime;][et_pb_code _builder_version=\u00a0\u00bb4.22.0&Prime; _module_preset=\u00a0\u00bbdefault\u00a0\u00bb hover_enabled=\u00a0\u00bb0&Prime; sticky_enabled=\u00a0\u00bb0&Prime;]<div id=\"metaslider-id-3613\" style=\"width: 100%;\" class=\"ml-slider-3-108-0 metaslider metaslider-flex metaslider-3613 ml-slider has-carousel-mode ms-theme-default nav-hidden\" role=\"region\" aria-label=\"Galeries\" data-height=\"300\" data-width=\"300\">\n    <div id=\"metaslider_container_3613\">\n        <div id=\"metaslider_3613\">\n            <ul class='slides'>\n                <li style=\"display: none; width: 100%;\" class=\"slide-3614 ms-image \" aria-roledescription=\"slide\" data-date=\"2026-04-17 12:03:20\" data-filename=\"Bu2-300x300.jpeg\" data-slide-type=\"image\"><img fetchpriority=\"high\" fetchpriority=\"high\" decoding=\"async\" src=\"https:\/\/archivesdusenegal.gouv.sn\/wp-content\/uploads\/2026\/04\/Bu2-300x300.jpeg\" height=\"300\" width=\"300\" alt=\"\" class=\"slider-3613 slide-3614 msDefaultImage\" title=\"Bu2\" \/><\/li>\n                <li style=\"display: none; width: 100%;\" class=\"slide-3615 ms-image \" aria-roledescription=\"slide\" data-date=\"2026-04-17 12:03:20\" data-filename=\"673191941_122172364172917518_3187049425211414274_n-300x300.jpg\" data-slide-type=\"image\"><img decoding=\"async\" src=\"https:\/\/archivesdusenegal.gouv.sn\/wp-content\/uploads\/2026\/04\/673191941_122172364172917518_3187049425211414274_n-300x300.jpg\" height=\"300\" width=\"300\" alt=\"\" class=\"slider-3613 slide-3615 msDefaultImage\" title=\"673191941_122172364172917518_3187049425211414274_n\" \/><\/li>\n                <li style=\"display: none; width: 100%;\" class=\"slide-3616 ms-image \" aria-roledescription=\"slide\" data-date=\"2026-04-17 12:03:20\" data-filename=\"Copie-de-670402832_122172364238917518_5015257696730775340_n-300x300.jpg\" data-slide-type=\"image\"><img decoding=\"async\" src=\"https:\/\/archivesdusenegal.gouv.sn\/wp-content\/uploads\/2026\/04\/Copie-de-670402832_122172364238917518_5015257696730775340_n-300x300.jpg\" height=\"300\" width=\"300\" alt=\"\" class=\"slider-3613 slide-3616 msDefaultImage\" title=\"Copie de 670402832_122172364238917518_5015257696730775340_n\" \/><\/li>\n                <li style=\"display: none; width: 100%;\" class=\"slide-3617 ms-image \" aria-roledescription=\"slide\" data-date=\"2026-04-17 12:03:20\" data-filename=\"Copie-de-670762164_122172359468917518_2067770926476408791_n-300x300.jpg\" data-slide-type=\"image\"><img loading=\"lazy\" loading=\"lazy\" decoding=\"async\" src=\"https:\/\/archivesdusenegal.gouv.sn\/wp-content\/uploads\/2026\/04\/Copie-de-670762164_122172359468917518_2067770926476408791_n-300x300.jpg\" height=\"300\" width=\"300\" alt=\"\" class=\"slider-3613 slide-3617 msDefaultImage\" title=\"Copie de 670762164_122172359468917518_2067770926476408791_n\" \/><\/li>\n                <li style=\"display: none; width: 100%;\" class=\"slide-3618 ms-image \" aria-roledescription=\"slide\" data-date=\"2026-04-17 12:03:20\" data-filename=\"672475854_122172364364917518_1317587592815162360_n-300x300.jpg\" data-slide-type=\"image\"><img loading=\"lazy\" loading=\"lazy\" decoding=\"async\" src=\"https:\/\/archivesdusenegal.gouv.sn\/wp-content\/uploads\/2026\/04\/672475854_122172364364917518_1317587592815162360_n-300x300.jpg\" height=\"300\" width=\"300\" alt=\"\" class=\"slider-3613 slide-3618 msDefaultImage\" title=\"672475854_122172364364917518_1317587592815162360_n\" \/><\/li>\n                <li style=\"display: none; width: 100%;\" class=\"slide-3619 ms-image \" aria-roledescription=\"slide\" data-date=\"2026-04-17 12:03:20\" data-filename=\"673897807_122172359204917518_5721946631495328208_n-300x300.jpg\" data-slide-type=\"image\"><img loading=\"lazy\" loading=\"lazy\" decoding=\"async\" src=\"https:\/\/archivesdusenegal.gouv.sn\/wp-content\/uploads\/2026\/04\/673897807_122172359204917518_5721946631495328208_n-300x300.jpg\" height=\"300\" width=\"300\" alt=\"\" class=\"slider-3613 slide-3619 msDefaultImage\" title=\"673897807_122172359204917518_5721946631495328208_n\" \/><\/li>\n                <li style=\"display: none; width: 100%;\" class=\"slide-3620 ms-image \" aria-roledescription=\"slide\" data-date=\"2026-04-17 12:03:20\" data-filename=\"672439638_122172364166917518_7223737715657688626_n-300x300.jpg\" data-slide-type=\"image\"><img loading=\"lazy\" loading=\"lazy\" decoding=\"async\" src=\"https:\/\/archivesdusenegal.gouv.sn\/wp-content\/uploads\/2026\/04\/672439638_122172364166917518_7223737715657688626_n-300x300.jpg\" height=\"300\" width=\"300\" alt=\"\" class=\"slider-3613 slide-3620 msDefaultImage\" title=\"672439638_122172364166917518_7223737715657688626_n\" \/><\/li>\n                <li style=\"display: none; width: 100%;\" class=\"slide-3621 ms-image \" aria-roledescription=\"slide\" data-date=\"2026-04-17 12:03:20\" data-filename=\"671876233_122172360386917518_4097980989057431561_n-300x300.jpg\" data-slide-type=\"image\"><img loading=\"lazy\" loading=\"lazy\" decoding=\"async\" src=\"https:\/\/archivesdusenegal.gouv.sn\/wp-content\/uploads\/2026\/04\/671876233_122172360386917518_4097980989057431561_n-300x300.jpg\" height=\"300\" width=\"300\" alt=\"\" class=\"slider-3613 slide-3621 msDefaultImage\" title=\"671876233_122172360386917518_4097980989057431561_n\" \/><\/li>\n            <\/ul>\n        <\/div>\n        \n    <\/div>\n<\/div>[\/et_pb_code][\/et_pb_column][\/et_pb_row][\/et_pb_section]<\/p>\n","protected":false},"excerpt":{"rendered":"<p>Retour sur une journ\u00e9e marquante pour la Direction des Archives du S\u00e9n\u00e9gal Ce mardi 14 avril 2026, Monsieur Mohamed Lat Sack Diop, Directeur des Archives du S\u00e9n\u00e9gal, accompagn\u00e9 de Madame Ngon\u00e9 Sarr Wade, Cheffe du Service de la Biblioth\u00e8que des Archives, a pris part \u00e0 la c\u00e9r\u00e9monie d\u2019ouverture officielle du 60\u1d49 anniversaire de la Biblioth\u00e8que [&hellip;]<\/p>\n","protected":false},"author":3,"featured_media":0,"parent":0,"menu_order":0,"comment_status":"closed","ping_status":"closed","template":"","meta":{"_et_pb_use_builder":"on","_et_pb_old_content":"","_et_gb_content_width":"","footnotes":""},"class_list":["post-3489","page","type-page","status-publish","hentry"],"_links":{"self":[{"href":"https:\/\/archivesdusenegal.gouv.sn\/index.php?rest_route=\/wp\/v2\/pages\/3489","targetHints":{"allow":["GET"]}}],"collection":[{"href":"https:\/\/archivesdusenegal.gouv.sn\/index.php?rest_route=\/wp\/v2\/pages"}],"about":[{"href":"https:\/\/archivesdusenegal.gouv.sn\/index.php?rest_route=\/wp\/v2\/types\/page"}],"author":[{"embeddable":true,"href":"https:\/\/archivesdusenegal.gouv.sn\/index.php?rest_route=\/wp\/v2\/users\/3"}],"replies":[{"embeddable":true,"href":"https:\/\/archivesdusenegal.gouv.sn\/index.php?rest_route=%2Fwp%2Fv2%2Fcomments&post=3489"}],"version-history":[{"count":6,"href":"https:\/\/archivesdusenegal.gouv.sn\/index.php?rest_route=\/wp\/v2\/pages\/3489\/revisions"}],"predecessor-version":[{"id":3632,"href":"https:\/\/archivesdusenegal.gouv.sn\/index.php?rest_route=\/wp\/v2\/pages\/3489\/revisions\/3632"}],"wp:attachment":[{"href":"https:\/\/archivesdusenegal.gouv.sn\/index.php?rest_route=%2Fwp%2Fv2%2Fmedia&parent=3489"}],"curies":[{"name":"wp","href":"https:\/\/api.w.org\/{rel}","templated":true}]}}