{"id":3491,"date":"2026-04-17T10:04:49","date_gmt":"2026-04-17T10:04:49","guid":{"rendered":"https:\/\/archivesdusenegal.gouv.sn\/?page_id=3491"},"modified":"2026-04-20T11:54:50","modified_gmt":"2026-04-20T11:54:50","slug":"participation-de-la-das-aux-premieres-assises-nationales-des-archives-du-maroc_08-avril-2026","status":"publish","type":"page","link":"https:\/\/archivesdusenegal.gouv.sn\/?page_id=3491","title":{"rendered":"Participation de la DAS aux Premi\u00e8res Assises nationales des Archives du Maroc_08 avril 2026"},"content":{"rendered":"<p>[et_pb_section fb_built=\u00a0\u00bb1&Prime; theme_builder_area=\u00a0\u00bbpost_content\u00a0\u00bb _builder_version=\u00a0\u00bb4.22.0&Prime; _module_preset=\u00a0\u00bbdefault\u00a0\u00bb][et_pb_row _builder_version=\u00a0\u00bb4.22.0&Prime; _module_preset=\u00a0\u00bbdefault\u00a0\u00bb theme_builder_area=\u00a0\u00bbpost_content\u00a0\u00bb][et_pb_column _builder_version=\u00a0\u00bb4.22.0&Prime; _module_preset=\u00a0\u00bbdefault\u00a0\u00bb type=\u00a0\u00bb4_4&Prime; theme_builder_area=\u00a0\u00bbpost_content\u00a0\u00bb][et_pb_post_title _builder_version=\u00a0\u00bb4.22.0&Prime; _module_preset=\u00a0\u00bbdefault\u00a0\u00bb theme_builder_area=\u00a0\u00bbpost_content\u00a0\u00bb meta=\u00a0\u00bboff\u00a0\u00bb hover_enabled=\u00a0\u00bb0&Prime; sticky_enabled=\u00a0\u00bb0&Prime; title_text_color=\u00a0\u00bb#00853F\u00a0\u00bb][\/et_pb_post_title][\/et_pb_column][\/et_pb_row][et_pb_row _builder_version=\u00a0\u00bb4.22.0&Prime; _module_preset=\u00a0\u00bbdefault\u00a0\u00bb theme_builder_area=\u00a0\u00bbpost_content\u00a0\u00bb][et_pb_column _builder_version=\u00a0\u00bb4.22.0&Prime; _module_preset=\u00a0\u00bbdefault\u00a0\u00bb type=\u00a0\u00bb4_4&Prime; theme_builder_area=\u00a0\u00bbpost_content\u00a0\u00bb][et_pb_text _builder_version=\u00a0\u00bb4.22.0&Prime; _module_preset=\u00a0\u00bbdefault\u00a0\u00bb theme_builder_area=\u00a0\u00bbpost_content\u00a0\u00bb hover_enabled=\u00a0\u00bb0&Prime; sticky_enabled=\u00a0\u00bb0&Prime; text_text_color=\u00a0\u00bb#000000&Prime; text_line_height=\u00a0\u00bb1.8em\u00a0\u00bb text_font_size=\u00a0\u00bb18px\u00a0\u00bb]<\/p>\n<p>Sur invitation des Archives du Maroc, la Direction des Archives du S\u00e9n\u00e9gal a pris part aux premi\u00e8res Assises nationales des Archives du Royaume Cherifien, tenues le 8 avril 2026 \u00e0 Rabat, sous le th\u00e8me : \u00ab La gouvernance des archives face aux mutations nationales et internationales \u00bb.<\/p>\n<p>Elle y \u00e9tait repr\u00e9sent\u00e9e par M. Cheikhou Oumar Tall, Conservateur des archives.<\/p>\n<p>Cet \u00e9v\u00e9nement, premier du genre au Maroc, a rassembl\u00e9 des archivistes nationaux, des chercheurs et des professionnels des archives, avec pour objectif l\u2019\u00e9laboration d\u2019une strat\u00e9gie nationale couvrant la p\u00e9riode 2026-2036.<\/p>\n<p>Les \u00e9changes ont mis en avant plusieurs enjeux majeurs, notamment le r\u00f4le des archives dans la gouvernance et la prise de d\u00e9cision, la pr\u00e9servation durable de la m\u00e9moire nationale, la transition num\u00e9rique, et le renforcement de la coop\u00e9ration internationale.<\/p>\n<p>La participation s\u00e9n\u00e9galaise a permis d\u2019engager des discussions approfondies avec les homologues marocains, ouvrant ainsi des perspectives de coop\u00e9ration bilat\u00e9rale dans le domaine archivistique.<\/p>\n<p>Ces assises constituent une \u00e9tape importante dans la modernisation du secteur au Maroc et repr\u00e9sentent, pour le S\u00e9n\u00e9gal, une source d\u2019inspiration pour l\u2019\u00e9laboration en cours de la Strat\u00e9gie nationale de Gouvernance des Archives 2026-2030 (SNGA 2026-2030), le d\u00e9veloppement de politiques archivistiques innovantes et le renforcement des partenariats \u00e0 l\u2019\u00e9chelle africaine et internationale.<\/p>\n<p>[\/et_pb_text][\/et_pb_column][\/et_pb_row][et_pb_row _builder_version=\u00a0\u00bb4.22.0&Prime; _module_preset=\u00a0\u00bbdefault\u00a0\u00bb theme_builder_area=\u00a0\u00bbpost_content\u00a0\u00bb][et_pb_column _builder_version=\u00a0\u00bb4.22.0&Prime; _module_preset=\u00a0\u00bbdefault\u00a0\u00bb type=\u00a0\u00bb4_4&Prime; theme_builder_area=\u00a0\u00bbpost_content\u00a0\u00bb][et_pb_code _builder_version=\u00a0\u00bb4.22.0&Prime; _module_preset=\u00a0\u00bbdefault\u00a0\u00bb theme_builder_area=\u00a0\u00bbpost_content\u00a0\u00bb hover_enabled=\u00a0\u00bb0&Prime; sticky_enabled=\u00a0\u00bb0&Prime;]<div id=\"metaslider-id-3592\" style=\"width: 100%;\" class=\"ml-slider-3-108-0 metaslider metaslider-flex metaslider-3592 ml-slider has-carousel-mode ms-theme-default nav-hidden\" role=\"region\" aria-label=\"Galeries\" data-height=\"300\" data-width=\"300\">\n    <div id=\"metaslider_container_3592\">\n        <div id=\"metaslider_3592\">\n            <ul class='slides'>\n                <li style=\"display: none; width: 100%;\" class=\"slide-3623 ms-image \" aria-roledescription=\"slide\" data-date=\"2026-04-17 12:05:39\" data-filename=\"WhatsApp-Image-2024-10-05-a-11.32.50_8b8549ce-e1728125400868-300x300.jpg\" data-slide-type=\"image\"><img fetchpriority=\"high\" fetchpriority=\"high\" decoding=\"async\" src=\"https:\/\/archivesdusenegal.gouv.sn\/wp-content\/uploads\/2026\/04\/WhatsApp-Image-2024-10-05-a-11.32.50_8b8549ce-e1728125400868-300x300.jpg\" height=\"300\" width=\"300\" alt=\"\" class=\"slider-3592 slide-3623 msDefaultImage\" title=\"WhatsApp-Image-2024-10-05-a-11.32.50_8b8549ce-e1728125400868\" \/><\/li>\n                <li style=\"display: none; width: 100%;\" class=\"slide-3624 ms-image \" aria-roledescription=\"slide\" data-date=\"2026-04-17 12:05:39\" data-filename=\"morocco-conference-on-AI_july-1-2_2025-300x300.png\" data-slide-type=\"image\"><img decoding=\"async\" src=\"https:\/\/archivesdusenegal.gouv.sn\/wp-content\/uploads\/2026\/04\/morocco-conference-on-AI_july-1-2_2025-300x300.png\" height=\"300\" width=\"300\" alt=\"\" class=\"slider-3592 slide-3624 msDefaultImage\" title=\"morocco-conference-on-AI_july-1-2_2025\" \/><\/li>\n                <li style=\"display: none; width: 100%;\" class=\"slide-3625 ms-image \" aria-roledescription=\"slide\" data-date=\"2026-04-17 12:05:39\" data-filename=\"DSC_3269-2048x1365-1-300x300.webp\" data-slide-type=\"image\"><img decoding=\"async\" src=\"https:\/\/archivesdusenegal.gouv.sn\/wp-content\/uploads\/2026\/04\/DSC_3269-2048x1365-1-300x300.webp\" height=\"300\" width=\"300\" alt=\"\" class=\"slider-3592 slide-3625 msDefaultImage\" title=\"DSC_3269-2048x1365\" \/><\/li>\n                <li style=\"display: none; width: 100%;\" class=\"slide-3626 ms-image \" aria-roledescription=\"slide\" data-date=\"2026-04-17 12:05:39\" data-filename=\"dcd8cfad3ae25e5031297741ea187369-800x450-1-300x300.jpeg\" data-slide-type=\"image\"><img loading=\"lazy\" loading=\"lazy\" decoding=\"async\" src=\"https:\/\/archivesdusenegal.gouv.sn\/wp-content\/uploads\/2026\/04\/dcd8cfad3ae25e5031297741ea187369-800x450-1-300x300.jpeg\" height=\"300\" width=\"300\" alt=\"\" class=\"slider-3592 slide-3626 msDefaultImage\" title=\"dcd8cfad3ae25e5031297741ea187369-800x450\" \/><\/li>\n                <li style=\"display: none; width: 100%;\" class=\"slide-3627 ms-image \" aria-roledescription=\"slide\" data-date=\"2026-04-17 12:05:39\" data-filename=\"1716359588424-300x300.jpg\" data-slide-type=\"image\"><img loading=\"lazy\" loading=\"lazy\" decoding=\"async\" src=\"https:\/\/archivesdusenegal.gouv.sn\/wp-content\/uploads\/2026\/04\/1716359588424-300x300.jpg\" height=\"300\" width=\"300\" alt=\"\" class=\"slider-3592 slide-3627 msDefaultImage\" title=\"1716359588424\" \/><\/li>\n                <li style=\"display: none; width: 100%;\" class=\"slide-3628 ms-image \" aria-roledescription=\"slide\" data-date=\"2026-04-17 12:05:40\" data-filename=\"668449522_122171833094917518_6406207841968973156_n-300x300.jpg\" data-slide-type=\"image\"><img loading=\"lazy\" loading=\"lazy\" decoding=\"async\" src=\"https:\/\/archivesdusenegal.gouv.sn\/wp-content\/uploads\/2026\/04\/668449522_122171833094917518_6406207841968973156_n-300x300.jpg\" height=\"300\" width=\"300\" alt=\"\" class=\"slider-3592 slide-3628 msDefaultImage\" title=\"668449522_122171833094917518_6406207841968973156_n\" \/><\/li>\n            <\/ul>\n        <\/div>\n        \n    <\/div>\n<\/div>[\/et_pb_code][\/et_pb_column][\/et_pb_row][\/et_pb_section]<\/p>\n","protected":false},"excerpt":{"rendered":"<p>Sur invitation des Archives du Maroc, la Direction des Archives du S\u00e9n\u00e9gal a pris part aux premi\u00e8res Assises nationales des Archives du Royaume Cherifien, tenues le 8 avril 2026 \u00e0 Rabat, sous le th\u00e8me : \u00ab La gouvernance des archives face aux mutations nationales et internationales \u00bb. Elle y \u00e9tait repr\u00e9sent\u00e9e par M. Cheikhou Oumar [&hellip;]<\/p>\n","protected":false},"author":3,"featured_media":0,"parent":0,"menu_order":0,"comment_status":"closed","ping_status":"closed","template":"","meta":{"_et_pb_use_builder":"on","_et_pb_old_content":"","_et_gb_content_width":"","footnotes":""},"class_list":["post-3491","page","type-page","status-publish","hentry"],"_links":{"self":[{"href":"https:\/\/archivesdusenegal.gouv.sn\/index.php?rest_route=\/wp\/v2\/pages\/3491","targetHints":{"allow":["GET"]}}],"collection":[{"href":"https:\/\/archivesdusenegal.gouv.sn\/index.php?rest_route=\/wp\/v2\/pages"}],"about":[{"href":"https:\/\/archivesdusenegal.gouv.sn\/index.php?rest_route=\/wp\/v2\/types\/page"}],"author":[{"embeddable":true,"href":"https:\/\/archivesdusenegal.gouv.sn\/index.php?rest_route=\/wp\/v2\/users\/3"}],"replies":[{"embeddable":true,"href":"https:\/\/archivesdusenegal.gouv.sn\/index.php?rest_route=%2Fwp%2Fv2%2Fcomments&post=3491"}],"version-history":[{"count":3,"href":"https:\/\/archivesdusenegal.gouv.sn\/index.php?rest_route=\/wp\/v2\/pages\/3491\/revisions"}],"predecessor-version":[{"id":3731,"href":"https:\/\/archivesdusenegal.gouv.sn\/index.php?rest_route=\/wp\/v2\/pages\/3491\/revisions\/3731"}],"wp:attachment":[{"href":"https:\/\/archivesdusenegal.gouv.sn\/index.php?rest_route=%2Fwp%2Fv2%2Fmedia&parent=3491"}],"curies":[{"name":"wp","href":"https:\/\/api.w.org\/{rel}","templated":true}]}}