{"id":3699,"date":"2026-04-18T17:49:45","date_gmt":"2026-04-18T17:49:45","guid":{"rendered":"https:\/\/archivesdusenegal.gouv.sn\/?page_id=3699"},"modified":"2026-04-18T18:04:10","modified_gmt":"2026-04-18T18:04:10","slug":"digitalisation-des-archives-national-du-senegal","status":"publish","type":"page","link":"https:\/\/archivesdusenegal.gouv.sn\/?page_id=3699","title":{"rendered":"Digitalisation des archives national du s\u00e9n\u00e9gal"},"content":{"rendered":"<p>[et_pb_section fb_built=\u00a0\u00bb1&Prime; theme_builder_area=\u00a0\u00bbpost_content\u00a0\u00bb _builder_version=\u00a0\u00bb4.22.0&Prime; _module_preset=\u00a0\u00bbdefault\u00a0\u00bb][et_pb_row _builder_version=\u00a0\u00bb4.22.0&Prime; _module_preset=\u00a0\u00bbdefault\u00a0\u00bb theme_builder_area=\u00a0\u00bbpost_content\u00a0\u00bb][et_pb_column _builder_version=\u00a0\u00bb4.22.0&Prime; _module_preset=\u00a0\u00bbdefault\u00a0\u00bb type=\u00a0\u00bb4_4&Prime; theme_builder_area=\u00a0\u00bbpost_content\u00a0\u00bb][et_pb_post_title _builder_version=\u00a0\u00bb4.22.0&Prime; _module_preset=\u00a0\u00bbdefault\u00a0\u00bb theme_builder_area=\u00a0\u00bbpost_content\u00a0\u00bb hover_enabled=\u00a0\u00bb0&Prime; sticky_enabled=\u00a0\u00bb0&Prime; meta=\u00a0\u00bboff\u00a0\u00bb title_text_color=\u00a0\u00bb#00853F\u00a0\u00bb][\/et_pb_post_title][et_pb_text _builder_version=\u00a0\u00bb4.22.0&Prime; _module_preset=\u00a0\u00bbdefault\u00a0\u00bb theme_builder_area=\u00a0\u00bbpost_content\u00a0\u00bb hover_enabled=\u00a0\u00bb0&Prime; sticky_enabled=\u00a0\u00bb0&Prime; text_font=\u00a0\u00bb|300|||||||\u00a0\u00bb text_text_color=\u00a0\u00bb#000000&Prime; text_font_size=\u00a0\u00bb17px\u00a0\u00bb text_line_height=\u00a0\u00bb1.8em\u00a0\u00bb]<\/p>\n<p>La Direction des Archives du S\u00e9n\u00e9gal a \u00e9t\u00e9 re\u00e7ue ce jeudi 16 avril 2026 au si\u00e8ge de S\u00e9n\u00e9gal Num\u00e9rique SA, dans le cadre du lancement officiel du projet de digitalisation de la gestion des archives nationales.<\/p>\n<p>Le Directeur des Archives du S\u00e9n\u00e9gal, Monsieur Mohamed Lat Sack Diop, accompagn\u00e9 de son \u00e9quipe, a \u00e9t\u00e9 accueilli par Monsieur Isidore Diouf, Directeur G\u00e9n\u00e9ral de SENUM SA, ainsi que par le Secr\u00e9taire G\u00e9n\u00e9ral Mouhamed Kabir Diop et l\u2019ensemble des \u00e9quipes techniques de la soci\u00e9t\u00e9.<\/p>\n<p>Cette rencontre, \u00e0 forte port\u00e9e strat\u00e9gique, avait pour objectif de partager une vision commune du projet, d\u2019en harmoniser la compr\u00e9hension entre les parties prenantes et de donner le coup d\u2019envoi des travaux.<\/p>\n<p>Ceux-ci s\u2019inscrivent dans le cadre du New Deal Technologique, nouvelle strat\u00e9gie num\u00e9rique de l\u2019\u00c9tat du S\u00e9n\u00e9gal, et participent pleinement \u00e0 la dynamique de modernisation et de transformation digitale de l\u2019administration publique impuls\u00e9e par les nouvelles autorit\u00e9s.<\/p>\n<p>Les travaux seront conduits au sein d\u2019un groupe de travail (Task Force) mis en place \u00e0 la Primature et pilot\u00e9 par le Secr\u00e9tariat G\u00e9n\u00e9ral du Gouvernement, avec pour mission d\u2019acc\u00e9l\u00e9rer la digitalisation des proc\u00e9dures et des services administratifs.<\/p>\n<p>[\/et_pb_text][\/et_pb_column][\/et_pb_row][et_pb_row _builder_version=\u00a0\u00bb4.22.0&Prime; _module_preset=\u00a0\u00bbdefault\u00a0\u00bb theme_builder_area=\u00a0\u00bbpost_content\u00a0\u00bb][et_pb_column _builder_version=\u00a0\u00bb4.22.0&Prime; _module_preset=\u00a0\u00bbdefault\u00a0\u00bb type=\u00a0\u00bb4_4&Prime; theme_builder_area=\u00a0\u00bbpost_content\u00a0\u00bb][et_pb_code _builder_version=\u00a0\u00bb4.22.0&Prime; _module_preset=\u00a0\u00bbdefault\u00a0\u00bb theme_builder_area=\u00a0\u00bbpost_content\u00a0\u00bb hover_enabled=\u00a0\u00bb0&Prime; sticky_enabled=\u00a0\u00bb0&Prime;][\/et_pb_code][\/et_pb_column][\/et_pb_row][\/et_pb_section]<\/p>\n","protected":false},"excerpt":{"rendered":"<p>La Direction des Archives du S\u00e9n\u00e9gal a \u00e9t\u00e9 re\u00e7ue ce jeudi 16 avril 2026 au si\u00e8ge de S\u00e9n\u00e9gal Num\u00e9rique SA, dans le cadre du lancement officiel du projet de digitalisation de la gestion des archives nationales. Le Directeur des Archives du S\u00e9n\u00e9gal, Monsieur Mohamed Lat Sack Diop, accompagn\u00e9 de son \u00e9quipe, a \u00e9t\u00e9 accueilli par [&hellip;]<\/p>\n","protected":false},"author":3,"featured_media":0,"parent":0,"menu_order":0,"comment_status":"closed","ping_status":"closed","template":"","meta":{"_et_pb_use_builder":"on","_et_pb_old_content":"<!-- wp:divi\/placeholder \/-->","_et_gb_content_width":"","footnotes":""},"class_list":["post-3699","page","type-page","status-publish","hentry"],"_links":{"self":[{"href":"https:\/\/archivesdusenegal.gouv.sn\/index.php?rest_route=\/wp\/v2\/pages\/3699","targetHints":{"allow":["GET"]}}],"collection":[{"href":"https:\/\/archivesdusenegal.gouv.sn\/index.php?rest_route=\/wp\/v2\/pages"}],"about":[{"href":"https:\/\/archivesdusenegal.gouv.sn\/index.php?rest_route=\/wp\/v2\/types\/page"}],"author":[{"embeddable":true,"href":"https:\/\/archivesdusenegal.gouv.sn\/index.php?rest_route=\/wp\/v2\/users\/3"}],"replies":[{"embeddable":true,"href":"https:\/\/archivesdusenegal.gouv.sn\/index.php?rest_route=%2Fwp%2Fv2%2Fcomments&post=3699"}],"version-history":[{"count":3,"href":"https:\/\/archivesdusenegal.gouv.sn\/index.php?rest_route=\/wp\/v2\/pages\/3699\/revisions"}],"predecessor-version":[{"id":3704,"href":"https:\/\/archivesdusenegal.gouv.sn\/index.php?rest_route=\/wp\/v2\/pages\/3699\/revisions\/3704"}],"wp:attachment":[{"href":"https:\/\/archivesdusenegal.gouv.sn\/index.php?rest_route=%2Fwp%2Fv2%2Fmedia&parent=3699"}],"curies":[{"name":"wp","href":"https:\/\/api.w.org\/{rel}","templated":true}]}}