{"id":3775,"date":"2026-05-12T11:38:03","date_gmt":"2026-05-12T11:38:03","guid":{"rendered":"https:\/\/archivesdusenegal.gouv.sn\/?page_id=3775"},"modified":"2026-05-12T12:37:05","modified_gmt":"2026-05-12T12:37:05","slug":"la-direction-des-archives-du-senegal-a-eu-lhonneur-et-le-plaisir-de-recevoir-ce-jeudi-07-mai-2026-la-visite-du-service-geologique-national-du-senegal-sgns","status":"publish","type":"page","link":"https:\/\/archivesdusenegal.gouv.sn\/?page_id=3775","title":{"rendered":"La Direction des Archives du S\u00e9n\u00e9gal a eu l\u2019honneur et le plaisir de recevoir ce jeudi 07 mai 2026 la visite du Service G\u00e9ologique National du S\u00e9n\u00e9gal (SGNS)."},"content":{"rendered":"<p>[et_pb_section fb_built=\u00a0\u00bb1&Prime; _builder_version=\u00a0\u00bb4.27.6&Prime; _module_preset=\u00a0\u00bbdefault\u00a0\u00bb global_colors_info=\u00a0\u00bb{}\u00a0\u00bb][et_pb_row _builder_version=\u00a0\u00bb4.27.6&Prime; _module_preset=\u00a0\u00bbdefault\u00a0\u00bb global_colors_info=\u00a0\u00bb{}\u00a0\u00bb][et_pb_column type=\u00a0\u00bb4_4&Prime; _builder_version=\u00a0\u00bb4.27.6&Prime; _module_preset=\u00a0\u00bbdefault\u00a0\u00bb global_colors_info=\u00a0\u00bb{}\u00a0\u00bb][et_pb_accordion _builder_version=\u00a0\u00bb4.27.6&Prime; _module_preset=\u00a0\u00bbdefault\u00a0\u00bb hover_enabled=\u00a0\u00bb0&Prime; border_width_all=\u00a0\u00bb0px\u00a0\u00bb global_colors_info=\u00a0\u00bb{}\u00a0\u00bb sticky_enabled=\u00a0\u00bb0&Prime;][et_pb_accordion_item open=\u00a0\u00bbon\u00a0\u00bb _builder_version=\u00a0\u00bb4.27.6&Prime; _module_preset=\u00a0\u00bbdefault\u00a0\u00bb body_text_color=\u00a0\u00bb#000000&Prime; hover_enabled=\u00a0\u00bb0&Prime; global_colors_info=\u00a0\u00bb{}\u00a0\u00bb title=\u00a0\u00bbVisite du Service G\u00e9ologique National du S\u00e9n\u00e9gal (SGNS) \u00e0 la Direction des Archives du S\u00e9n\u00e9gal\u00a0\u00bb open_toggle_text_color=\u00a0\u00bb#00853F\u00a0\u00bb toggle_font_size=\u00a0\u00bb18px\u00a0\u00bb sticky_enabled=\u00a0\u00bb0&Prime;]<\/p>\n<p style=\"text-align: justify;\">La Direction des Archives du S\u00e9n\u00e9gal a eu l\u2019honneur et le plaisir de recevoir ce jeudi 07 mai 2026 la visite du Service G\u00e9ologique National du S\u00e9n\u00e9gal (SGNS).<\/p>\n<p>La d\u00e9l\u00e9gation \u00e9tait conduite par Mme Rokhaya Samba Diene, Directrice g\u00e9n\u00e9rale du SGNS, accompagn\u00e9e de ses proches collaborateurs, et a \u00e9t\u00e9 re\u00e7ue par M. Mohamed Lat Sack Diop, Directeur des Archives du S\u00e9n\u00e9gal, accompagn\u00e9 lui aussi de son \u00e9quipe.<\/p>\n<p>Apr\u00e8s une pr\u00e9sentation de l\u2019historique et des missions de leurs institutions respectives, les deux \u00e9quipes ont largement \u00e9chang\u00e9 sur des questions d\u2019archives, notamment de leurs projets documentaires, de leurs chantiers d\u2019inventaire, de num\u00e9risation et de valorisation des archives en cours, et des possibilit\u00e9s de mutualisation de leurs fonds.<\/p>\n<p>Les \u00e9changes constructifs ont \u00e9galement permis de partager des exp\u00e9riences et bonnes pratiques relativement \u00e0 la gestion et \u00e0 la valorisation des fonds de l\u2019AOF, en particulier celui de l\u2019ex-BRGM, h\u00e9rit\u00e9 de l\u2019administration coloniale, et dont la tenue et la conservation sont aujourd\u2019hui assur\u00e9es par le SGNS.<\/p>\n<p>La Direction des Archives du S\u00e9n\u00e9gal remercie le Service G\u00e9ologique National du S\u00e9n\u00e9gal pour la visite et les \u00e9changes riches qui ont permis d\u2019entrevoir des perspectives de collaboration institutionnelle entre les deux structures.<\/p>\n<p>Cette dynamique de collaboration traduit enfin l\u2019ambition des deux institutions de contribuer \u00e0 une administration moderne, performante et tourn\u00e9e vers la s\u00e9curisation des documents et donn\u00e9es strat\u00e9giques de l\u2019\u00c9tat; une volont\u00e9 fortement affirm\u00e9e par le Premier Ministre Ousmane SONKO lors du dernier Conseil des Ministres<\/p>\n<p>[\/et_pb_accordion_item][\/et_pb_accordion][\/et_pb_column][\/et_pb_row][et_pb_row _builder_version=\u00a0\u00bb4.27.6&Prime; _module_preset=\u00a0\u00bbdefault\u00a0\u00bb global_colors_info=\u00a0\u00bb{}\u00a0\u00bb][et_pb_column type=\u00a0\u00bb4_4&Prime; _builder_version=\u00a0\u00bb4.27.6&Prime; _module_preset=\u00a0\u00bbdefault\u00a0\u00bb global_colors_info=\u00a0\u00bb{}\u00a0\u00bb][et_pb_gallery gallery_ids=\u00a0\u00bb3774,3772,3771,3770&Prime; _builder_version=\u00a0\u00bb4.27.6&Prime; _module_preset=\u00a0\u00bbdefault\u00a0\u00bb global_colors_info=\u00a0\u00bb{}\u00a0\u00bb][\/et_pb_gallery][\/et_pb_column][\/et_pb_row][\/et_pb_section]<\/p>\n","protected":false},"excerpt":{"rendered":"<p>La Direction des Archives du S\u00e9n\u00e9gal a eu l\u2019honneur et le plaisir de recevoir ce jeudi 07 mai 2026 la visite du Service G\u00e9ologique National du S\u00e9n\u00e9gal (SGNS). La d\u00e9l\u00e9gation \u00e9tait conduite par Mme Rokhaya Samba Diene, Directrice g\u00e9n\u00e9rale du SGNS, accompagn\u00e9e de ses proches collaborateurs, et a \u00e9t\u00e9 re\u00e7ue par M. Mohamed Lat Sack [&hellip;]<\/p>\n","protected":false},"author":3,"featured_media":0,"parent":0,"menu_order":0,"comment_status":"closed","ping_status":"closed","template":"","meta":{"_et_pb_use_builder":"on","_et_pb_old_content":"<!-- wp:divi\/placeholder \/-->","_et_gb_content_width":"","footnotes":""},"class_list":["post-3775","page","type-page","status-publish","hentry"],"_links":{"self":[{"href":"https:\/\/archivesdusenegal.gouv.sn\/index.php?rest_route=\/wp\/v2\/pages\/3775","targetHints":{"allow":["GET"]}}],"collection":[{"href":"https:\/\/archivesdusenegal.gouv.sn\/index.php?rest_route=\/wp\/v2\/pages"}],"about":[{"href":"https:\/\/archivesdusenegal.gouv.sn\/index.php?rest_route=\/wp\/v2\/types\/page"}],"author":[{"embeddable":true,"href":"https:\/\/archivesdusenegal.gouv.sn\/index.php?rest_route=\/wp\/v2\/users\/3"}],"replies":[{"embeddable":true,"href":"https:\/\/archivesdusenegal.gouv.sn\/index.php?rest_route=%2Fwp%2Fv2%2Fcomments&post=3775"}],"version-history":[{"count":6,"href":"https:\/\/archivesdusenegal.gouv.sn\/index.php?rest_route=\/wp\/v2\/pages\/3775\/revisions"}],"predecessor-version":[{"id":3789,"href":"https:\/\/archivesdusenegal.gouv.sn\/index.php?rest_route=\/wp\/v2\/pages\/3775\/revisions\/3789"}],"wp:attachment":[{"href":"https:\/\/archivesdusenegal.gouv.sn\/index.php?rest_route=%2Fwp%2Fv2%2Fmedia&parent=3775"}],"curies":[{"name":"wp","href":"https:\/\/api.w.org\/{rel}","templated":true}]}}