{"id":595,"date":"2024-06-03T10:08:59","date_gmt":"2024-06-03T10:08:59","guid":{"rendered":"https:\/\/archivesdusenegal.gouv.sn\/?page_id=595"},"modified":"2025-11-17T01:15:43","modified_gmt":"2025-11-17T01:15:43","slug":"archives","status":"publish","type":"page","link":"https:\/\/archivesdusenegal.gouv.sn\/?page_id=595","title":{"rendered":"Archives"},"content":{"rendered":"<p>[et_pb_section fb_built=\u00a0\u00bb1&Prime; disabled_on=\u00a0\u00bboff|off|off\u00a0\u00bb admin_label=\u00a0\u00bbHeader\u00a0\u00bb _builder_version=\u00a0\u00bb4.22.0&Prime; background_color=\u00a0\u00bbRGBA(0,0,0,0.55)\u00a0\u00bb background_image=\u00a0\u00bbhttp:\/\/archivesdusenegal.gouv.sn\/wp-content\/uploads\/2025\/10\/f0027904-scaled.jpg\u00a0\u00bb background_blend=\u00a0\u00bboverlay\u00a0\u00bb custom_padding=\u00a0\u00bb14px|||||\u00a0\u00bb bottom_divider_color=\u00a0\u00bb#ffffff\u00a0\u00bb bottom_divider_height=\u00a0\u00bb160px\u00a0\u00bb hover_enabled=\u00a0\u00bb0&Prime; locked=\u00a0\u00bboff\u00a0\u00bb global_colors_info=\u00a0\u00bb{}\u00a0\u00bb sticky_enabled=\u00a0\u00bb0&Prime;][et_pb_row _builder_version=\u00a0\u00bb4.22.0&Prime; global_colors_info=\u00a0\u00bb{}\u00a0\u00bb][et_pb_column type=\u00a0\u00bb4_4&Prime; _builder_version=\u00a0\u00bb4.22.0&Prime; custom_padding=\u00a0\u00bb50px||||false|false\u00a0\u00bb global_colors_info=\u00a0\u00bb{}\u00a0\u00bb][et_pb_text _builder_version=\u00a0\u00bb4.22.0&Prime; text_font=\u00a0\u00bb|300|||||||\u00a0\u00bb text_text_color=\u00a0\u00bb#FFFFFF\u00a0\u00bb text_font_size=\u00a0\u00bb16px\u00a0\u00bb text_line_height=\u00a0\u00bb1.8em\u00a0\u00bb header_font=\u00a0\u00bbPlayfair Display|700|||||||\u00a0\u00bb header_text_color=\u00a0\u00bb#FFFFFF\u00a0\u00bb header_font_size=\u00a0\u00bb60px\u00a0\u00bb header_line_height=\u00a0\u00bb1.1em\u00a0\u00bb hover_enabled=\u00a0\u00bb0&Prime; header_font_size_tablet=\u00a0\u00bb40px\u00a0\u00bb header_font_size_phone=\u00a0\u00bb30px\u00a0\u00bb header_font_size_last_edited=\u00a0\u00bbon|phone\u00a0\u00bb locked=\u00a0\u00bboff\u00a0\u00bb global_colors_info=\u00a0\u00bb{}\u00a0\u00bb sticky_enabled=\u00a0\u00bb0&Prime;]<\/p>\n<h2 style=\"text-align: center;\"><span style=\"color: #ffffff;\"><strong>SERVICE DES ARCHIVES NATIONALES<\/strong><\/span><\/h2>\n<p>[\/et_pb_text][\/et_pb_column][\/et_pb_row][\/et_pb_section][et_pb_section fb_built=\u00a0\u00bb1&Prime; _builder_version=\u00a0\u00bb4.22.0&Prime; _module_preset=\u00a0\u00bbdefault\u00a0\u00bb locked=\u00a0\u00bboff\u00a0\u00bb global_colors_info=\u00a0\u00bb{}\u00a0\u00bb][et_pb_row _builder_version=\u00a0\u00bb4.22.0&Prime; _module_preset=\u00a0\u00bbdefault\u00a0\u00bb global_colors_info=\u00a0\u00bb{}\u00a0\u00bb][et_pb_column type=\u00a0\u00bb4_4&Prime; _builder_version=\u00a0\u00bb4.22.0&Prime; _module_preset=\u00a0\u00bbdefault\u00a0\u00bb global_colors_info=\u00a0\u00bb{}\u00a0\u00bb][et_pb_text _builder_version=\u00a0\u00bb4.22.0&Prime; _module_preset=\u00a0\u00bbdefault\u00a0\u00bb text_font=\u00a0\u00bb|300|||||||\u00a0\u00bb text_text_color=\u00a0\u00bb#000000&Prime; text_font_size=\u00a0\u00bb16px\u00a0\u00bb text_line_height=\u00a0\u00bb1.8em\u00a0\u00bb text_orientation=\u00a0\u00bbjustified\u00a0\u00bb hover_enabled=\u00a0\u00bb0&Prime; global_colors_info=\u00a0\u00bb{}\u00a0\u00bb sticky_enabled=\u00a0\u00bb0&Prime;]<\/p>\n<p style=\"text-align: justify;\">Le service des Archives Nationales a pour r\u00f4le de collecter, inventorier, classer, conserver et communiquer l&rsquo;ensemble des documents provenant de l&rsquo;activit\u00e9 des institutions officielles et non officielles, des communaut\u00e9s sociopolitiques et religieuses, des organisations de travail, des personnes morales de droit priv\u00e9 et des particuliers ayant exist\u00e9 ou existant sur le territoire national. Il est constitu\u00e9 :<\/p>\n<p>[\/et_pb_text][\/et_pb_column][\/et_pb_row][et_pb_row column_structure=\u00a0\u00bb1_2,1_2&Prime; _builder_version=\u00a0\u00bb4.22.0&Prime; _module_preset=\u00a0\u00bbdefault\u00a0\u00bb global_colors_info=\u00a0\u00bb{}\u00a0\u00bb][et_pb_column type=\u00a0\u00bb1_2&Prime; _builder_version=\u00a0\u00bb4.22.0&Prime; _module_preset=\u00a0\u00bbdefault\u00a0\u00bb global_colors_info=\u00a0\u00bb{}\u00a0\u00bb][et_pb_text _builder_version=\u00a0\u00bb4.22.0&Prime; _module_preset=\u00a0\u00bbdefault\u00a0\u00bb text_font=\u00a0\u00bb|300|||||||\u00a0\u00bb text_text_color=\u00a0\u00bb#000000&Prime; text_font_size=\u00a0\u00bb16px\u00a0\u00bb text_line_height=\u00a0\u00bb1.8em\u00a0\u00bb text_orientation=\u00a0\u00bbjustified\u00a0\u00bb hover_enabled=\u00a0\u00bb0&Prime; global_colors_info=\u00a0\u00bb{}\u00a0\u00bb sticky_enabled=\u00a0\u00bb0&Prime; background_layout=\u00a0\u00bbdark\u00a0\u00bb]<\/p>\n<ul>\n<li style=\"text-align: justify;\">d\u2019une <span style=\"color: #339966;\"><strong>Division des Archives Historiques<\/strong><\/span> ,charg\u00e9e :<\/li>\n<\/ul>\n<p style=\"padding-left: 40px; text-align: justify;\">&#8211; de la collecte et de la gestion des archives historiques<\/p>\n<p style=\"padding-left: 40px; text-align: justify;\">&#8211; de l\u2019acquisition d\u2019archives priv\u00e9es reconnues d\u2019int\u00e9r\u00eat historique<\/p>\n<ul style=\"text-align: justify;\">\n<li>d\u2019une <strong><span style=\"color: #339966;\">Division des Archives Contemporaines<\/span>,<\/strong> charg\u00e9e :<\/li>\n<\/ul>\n<p style=\"padding-left: 40px; text-align: justify;\">&#8211; de la r\u00e9ception ou de la collecte des archives interm\u00e9diaires conform\u00e9ment \u00e0 l\u2019article 40 du pr\u00e9sent d\u00e9cret de la coordination de l\u2019activit\u00e9 des missions d\u2019archives au sein des d\u00e9partements minist\u00e9riels et des collectivit\u00e9s locales, des \u00e9tablissements publics, des soci\u00e9t\u00e9s nationales, des soci\u00e9t\u00e9s \u00e0 participation publique soumises au contr\u00f4le de l\u2019Etat, des organismes priv\u00e9s charg\u00e9s de la gestion d\u2019un service public ou investis d\u2019une mission de service public et des officiers publics et minist\u00e9riels.<\/p>\n<p>[\/et_pb_text][et_pb_text _builder_version=\u00a0\u00bb4.22.0&Prime; _module_preset=\u00a0\u00bbdefault\u00a0\u00bb text_font=\u00a0\u00bb|300|||||||\u00a0\u00bb text_text_color=\u00a0\u00bb#000000&Prime; text_font_size=\u00a0\u00bb16px\u00a0\u00bb text_line_height=\u00a0\u00bb1.8em\u00a0\u00bb text_orientation=\u00a0\u00bbjustified\u00a0\u00bb custom_margin=\u00a0\u00bb69px||-3px||false|false\u00a0\u00bb custom_padding=\u00a0\u00bb0px|0px|22px||false|false\u00a0\u00bb hover_enabled=\u00a0\u00bb0&Prime; global_colors_info=\u00a0\u00bb{}\u00a0\u00bb sticky_enabled=\u00a0\u00bb0&Prime;]<\/p>\n<ul>\n<li style=\"text-align: justify;\">d\u2019une <span style=\"color: #339966;\"><strong>Division des Dossiers du Personnel et des actes r\u00e9glementaires charg\u00e9e<\/strong><\/span> :<\/li>\n<\/ul>\n<p style=\"padding-left: 40px; text-align: justify;\">&#8211; de la gestion des dossiers des agents retrait\u00e9s, d\u00e9c\u00e9d\u00e9s, d\u00e9missionnaires ou licenci\u00e9s de la Fonction Publique.<\/p>\n<p style=\"padding-left: 40px; text-align: justify;\">&#8211; de la gestion des dossiers du personnel de l\u2019assistance technique<\/p>\n<p style=\"padding-left: 40px; text-align: justify;\">&#8211; de la gestion des collections d\u2019actes r\u00e9glementaires<\/p>\n<ul style=\"text-align: justify;\">\n<li>d\u2019une <span style=\"color: #339966;\"><strong>Division des Archives Orales et Audiovisuelles<\/strong><\/span> ,charg\u00e9e :<\/li>\n<\/ul>\n<p style=\"padding-left: 40px; text-align: justify;\">&#8211; de la r\u00e9ception ou de la collecte des archives interm\u00e9diaires conform\u00e9ment \u00e0 l\u2019article 40 du pr\u00e9sent d\u00e9cret de la coordination de l\u2019activit\u00e9 des missions d\u2019archives au sein des d\u00e9partements minist\u00e9riels et des collectivit\u00e9s locales, des \u00e9tablissements publics, des soci\u00e9t\u00e9s nationales, des soci\u00e9t\u00e9s \u00e0 participation publique soumises au contr\u00f4le de l\u2019Etat, des organismes priv\u00e9s charg\u00e9s de la gestion d\u2019un service public ou investis d\u2019une mission de service public et des officiers publics et minist\u00e9riels.<\/p>\n<p>[\/et_pb_text][\/et_pb_column][et_pb_column type=\u00a0\u00bb1_2&Prime; _builder_version=\u00a0\u00bb4.22.0&Prime; _module_preset=\u00a0\u00bbdefault\u00a0\u00bb global_colors_info=\u00a0\u00bb{}\u00a0\u00bb][et_pb_image src=\u00a0\u00bbhttp:\/\/archivesdusenegal.gouv.sn\/wp-content\/uploads\/2025\/10\/DSC_0673-scaled.jpg\u00a0\u00bb title_text=\u00a0\u00bbDSC_0673&Prime; _builder_version=\u00a0\u00bb4.22.0&Prime; _module_preset=\u00a0\u00bbdefault\u00a0\u00bb height=\u00a0\u00bb544px\u00a0\u00bb max_height=\u00a0\u00bb1000px\u00a0\u00bb custom_margin=\u00a0\u00bb32px||||false|false\u00a0\u00bb global_colors_info=\u00a0\u00bb{}\u00a0\u00bb][\/et_pb_image][et_pb_image src=\u00a0\u00bbhttp:\/\/archivesdusenegal.gouv.sn\/wp-content\/uploads\/2025\/10\/Archives-7-scaled.jpg\u00a0\u00bb title_text=\u00a0\u00bbArchives 7&Prime; _builder_version=\u00a0\u00bb4.22.0&Prime; _module_preset=\u00a0\u00bbdefault\u00a0\u00bb height=\u00a0\u00bb540px\u00a0\u00bb global_colors_info=\u00a0\u00bb{}\u00a0\u00bb][\/et_pb_image][\/et_pb_column][\/et_pb_row][\/et_pb_section]<\/p>\n","protected":false},"excerpt":{"rendered":"<p>SERVICE DES ARCHIVES NATIONALESLe service des Archives Nationales a pour r\u00f4le de collecter, inventorier, classer, conserver et communiquer l&rsquo;ensemble des documents provenant de l&rsquo;activit\u00e9 des institutions officielles et non officielles, des communaut\u00e9s sociopolitiques et religieuses, des organisations de travail, des personnes morales de droit priv\u00e9 et des particuliers ayant exist\u00e9 ou existant sur le territoire [&hellip;]<\/p>\n","protected":false},"author":3,"featured_media":0,"parent":0,"menu_order":0,"comment_status":"closed","ping_status":"closed","template":"","meta":{"_et_pb_use_builder":"on","_et_pb_old_content":"","_et_gb_content_width":"","footnotes":""},"class_list":["post-595","page","type-page","status-publish","hentry"],"_links":{"self":[{"href":"https:\/\/archivesdusenegal.gouv.sn\/index.php?rest_route=\/wp\/v2\/pages\/595","targetHints":{"allow":["GET"]}}],"collection":[{"href":"https:\/\/archivesdusenegal.gouv.sn\/index.php?rest_route=\/wp\/v2\/pages"}],"about":[{"href":"https:\/\/archivesdusenegal.gouv.sn\/index.php?rest_route=\/wp\/v2\/types\/page"}],"author":[{"embeddable":true,"href":"https:\/\/archivesdusenegal.gouv.sn\/index.php?rest_route=\/wp\/v2\/users\/3"}],"replies":[{"embeddable":true,"href":"https:\/\/archivesdusenegal.gouv.sn\/index.php?rest_route=%2Fwp%2Fv2%2Fcomments&post=595"}],"version-history":[{"count":26,"href":"https:\/\/archivesdusenegal.gouv.sn\/index.php?rest_route=\/wp\/v2\/pages\/595\/revisions"}],"predecessor-version":[{"id":2676,"href":"https:\/\/archivesdusenegal.gouv.sn\/index.php?rest_route=\/wp\/v2\/pages\/595\/revisions\/2676"}],"wp:attachment":[{"href":"https:\/\/archivesdusenegal.gouv.sn\/index.php?rest_route=%2Fwp%2Fv2%2Fmedia&parent=595"}],"curies":[{"name":"wp","href":"https:\/\/api.w.org\/{rel}","templated":true}]}}