{"id":597,"date":"2024-06-03T10:10:50","date_gmt":"2024-06-03T10:10:50","guid":{"rendered":"https:\/\/archivesdusenegal.gouv.sn\/?page_id=597"},"modified":"2025-11-17T12:52:00","modified_gmt":"2025-11-17T12:52:00","slug":"centre-de-documentation","status":"publish","type":"page","link":"https:\/\/archivesdusenegal.gouv.sn\/?page_id=597","title":{"rendered":"Centre de Documentation"},"content":{"rendered":"<p>[et_pb_section fb_built=\u00a0\u00bb1&Prime; admin_label=\u00a0\u00bbHeader\u00a0\u00bb _builder_version=\u00a0\u00bb4.22.0&Prime; background_color=\u00a0\u00bbrgba(0,0,0,0.55)\u00a0\u00bb background_image=\u00a0\u00bbhttp:\/\/archivesdusenegal.gouv.sn\/wp-content\/uploads\/2025\/10\/Documentation1-scaled.jpg\u00a0\u00bb background_blend=\u00a0\u00bboverlay\u00a0\u00bb bottom_divider_color=\u00a0\u00bb#ffffff\u00a0\u00bb bottom_divider_height=\u00a0\u00bb160px\u00a0\u00bb locked=\u00a0\u00bboff\u00a0\u00bb global_colors_info=\u00a0\u00bb{}\u00a0\u00bb][et_pb_row _builder_version=\u00a0\u00bb4.22.0&Prime; global_colors_info=\u00a0\u00bb{}\u00a0\u00bb][et_pb_column type=\u00a0\u00bb4_4&Prime; _builder_version=\u00a0\u00bb4.16&Prime; custom_padding=\u00a0\u00bb50px||||false|false\u00a0\u00bb global_colors_info=\u00a0\u00bb{}\u00a0\u00bb][et_pb_text _builder_version=\u00a0\u00bb4.22.0&Prime; text_font=\u00a0\u00bb||||||||\u00a0\u00bb text_text_color=\u00a0\u00bb#FFFFFF\u00a0\u00bb text_font_size=\u00a0\u00bb16px\u00a0\u00bb text_line_height=\u00a0\u00bb1.8em\u00a0\u00bb header_font=\u00a0\u00bb||||||||\u00a0\u00bb header_text_color=\u00a0\u00bb#FFFFFF\u00a0\u00bb header_font_size=\u00a0\u00bb60px\u00a0\u00bb header_line_height=\u00a0\u00bb1.1em\u00a0\u00bb header_font_size_tablet=\u00a0\u00bb40px\u00a0\u00bb header_font_size_phone=\u00a0\u00bb30px\u00a0\u00bb header_font_size_last_edited=\u00a0\u00bbon|phone\u00a0\u00bb locked=\u00a0\u00bboff\u00a0\u00bb global_colors_info=\u00a0\u00bb{}\u00a0\u00bb]<\/p>\n<h3 style=\"text-align: center;\"><span style=\"color: #ffffff;\"><strong>LE CENTRE DE DOCUMENTATION ADMINISTRATIVE ET JURIDIQUE  <\/strong><\/span><\/h3>\n<p style=\"text-align: center;\">Le centre de documentation est charg\u00e9 de rassembler la documentation concernant principalement le S\u00e9n\u00e9gal, de la traiter en vue de la mettre \u00e0 la disposition des usagers.<\/p>\n<p>[\/et_pb_text][\/et_pb_column][\/et_pb_row][\/et_pb_section][et_pb_section fb_built=\u00a0\u00bb1&Prime; _builder_version=\u00a0\u00bb4.22.0&Prime; _module_preset=\u00a0\u00bbdefault\u00a0\u00bb locked=\u00a0\u00bboff\u00a0\u00bb global_colors_info=\u00a0\u00bb{}\u00a0\u00bb][et_pb_row column_structure=\u00a0\u00bb1_2,1_2&Prime; _builder_version=\u00a0\u00bb4.22.0&Prime; _module_preset=\u00a0\u00bbdefault\u00a0\u00bb global_colors_info=\u00a0\u00bb{}\u00a0\u00bb][et_pb_column type=\u00a0\u00bb1_2&Prime; _builder_version=\u00a0\u00bb4.22.0&Prime; _module_preset=\u00a0\u00bbdefault\u00a0\u00bb global_colors_info=\u00a0\u00bb{}\u00a0\u00bb][et_pb_text _builder_version=\u00a0\u00bb4.22.0&Prime; _module_preset=\u00a0\u00bbdefault\u00a0\u00bb text_font=\u00a0\u00bb|300|||||||\u00a0\u00bb text_text_color=\u00a0\u00bb#000000&Prime; text_font_size=\u00a0\u00bb16px\u00a0\u00bb text_line_height=\u00a0\u00bb1.8em\u00a0\u00bb ol_font=\u00a0\u00bb|300|||||||\u00a0\u00bb ol_font_size=\u00a0\u00bb16px\u00a0\u00bb ol_line_height=\u00a0\u00bb1.8em\u00a0\u00bb width=\u00a0\u00bb106.5%\u00a0\u00bb min_height=\u00a0\u00bb1010.8px\u00a0\u00bb custom_margin=\u00a0\u00bb50px|-30px||||\u00a0\u00bb custom_padding=\u00a0\u00bb0px|0px||||\u00a0\u00bb global_colors_info=\u00a0\u00bb{}\u00a0\u00bb]<\/p>\n<p style=\"text-align: justify;\"><span style=\"font-weight: 400;\">Le centre de documentation a \u00e9t\u00e9 cr\u00e9\u00e9 en <span style=\"color: #339966;\">1962<\/span> pour r\u00e9pondre aux besoins d\u2019information de l\u2019administration et du citoyen. Il est charg\u00e9 de <span style=\"color: #339966;\">rep\u00e9rer, collecter, traiter et diffuser l\u2019information<\/span> relative \u00e0 la vie \u00e9conomique, sociale et culturelle du S\u00e9n\u00e9gal et compte une division des dossiers th\u00e9matiques et une division des bases de donn\u00e9es et publications.<\/span><\/p>\n<p style=\"text-align: justify;\"><span style=\"font-weight: 400;\">La collection du Centre de documentation est compos\u00e9e de dossiers documentaires (1200 environ) qui sont essentiellement constitu\u00e9s de textes l\u00e9gislatifs et r\u00e9glementaires, de coupures de presse, d\u2019interviews, de discours, de conf\u00e9rence de personnalit\u00e9s, de rapports et de tout autre support pr\u00e9sentant une information scientifique ou technique.<\/span><\/p>\n<p style=\"text-align: justify;\"><span style=\"font-weight: 400;\">Lesdits dossiers documentaires sont r\u00e9partis en <span style=\"color: #339966;\">dossiers th\u00e9matiques<\/span> et <span style=\"color: #339966;\">dossiers de personnalit\u00e9s<\/span>. Les dossiers th\u00e9matiques concernent la vie administrative, politique et sociale du S\u00e9n\u00e9gal et les dossiers sur les personnalit\u00e9s renferment les informations des hommes et femmes qui ont eu \u00e0 marquer l\u2019histoire du S\u00e9n\u00e9gal ou du monde dans tous les domaines (politique, administratif, religieux, culturel\u2026).<\/span><\/p>\n<p style=\"text-align: justify;\"><span style=\"font-weight: 400;\">Tout en ayant un caract\u00e8re g\u00e9n\u00e9ral, le Centre a une vocation administrative et juridique. Il a entre autres, comme objectifs de\u00a0:<\/span><\/p>\n<ul style=\"text-align: justify;\">\n<li style=\"font-weight: 400;\" aria-level=\"1\"><span style=\"font-weight: 400;\">Ma\u00eetriser le flot documentaire administratif\u00a0;<\/span><\/li>\n<li style=\"font-weight: 400;\" aria-level=\"1\"><span style=\"font-weight: 400;\">\u00catre un pr\u00e9cieux auxiliaire de l\u2019administration en lui fournissant de fa\u00e7on m\u00e9thodique et rapide l\u2019information n\u00e9cessaire\u00a0;<\/span><\/li>\n<li style=\"font-weight: 400;\" aria-level=\"1\"><span style=\"font-weight: 400;\">\u00catre au service des citoyens.<\/span><\/li>\n<\/ul>\n<p style=\"text-align: justify;\"><span style=\"color: #000000;\"> <span style=\"font-weight: 400;\">Le Centre de documentation compl\u00e8te harmonieusement la mission des Archives en communiquant sans restriction les dossiers th\u00e9matiques et les dossiers de personnalit\u00e9. D\u2019ailleurs, la recherche y est enti\u00e8rement automatis\u00e9e.\u00a0<\/span><\/span><\/p>\n<p>&nbsp;<\/p>\n<p>[\/et_pb_text][\/et_pb_column][et_pb_column type=\u00a0\u00bb1_2&Prime; _builder_version=\u00a0\u00bb4.22.0&Prime; _module_preset=\u00a0\u00bbdefault\u00a0\u00bb global_colors_info=\u00a0\u00bb{}\u00a0\u00bb][et_pb_text _builder_version=\u00a0\u00bb4.22.0&Prime; _module_preset=\u00a0\u00bbdefault\u00a0\u00bb global_colors_info=\u00a0\u00bb{}\u00a0\u00bb][\/et_pb_text][et_pb_image src=\u00a0\u00bbhttp:\/\/archivesdusenegal.gouv.sn\/wp-content\/uploads\/2025\/10\/Documentation1-scaled.jpg\u00a0\u00bb title_text=\u00a0\u00bbDocumentation1&Prime; _builder_version=\u00a0\u00bb4.22.0&Prime; _module_preset=\u00a0\u00bbdefault\u00a0\u00bb height=\u00a0\u00bb338px\u00a0\u00bb hover_enabled=\u00a0\u00bb0&Prime; global_colors_info=\u00a0\u00bb{}\u00a0\u00bb sticky_enabled=\u00a0\u00bb0&Prime;][\/et_pb_image][et_pb_text _builder_version=\u00a0\u00bb4.22.0&Prime; _module_preset=\u00a0\u00bbdefault\u00a0\u00bb text_font=\u00a0\u00bb|300|||||||\u00a0\u00bb text_text_color=\u00a0\u00bb#000000&Prime; text_font_size=\u00a0\u00bb16px\u00a0\u00bb text_line_height=\u00a0\u00bb1.8em\u00a0\u00bb global_colors_info=\u00a0\u00bb{}\u00a0\u00bb]<\/p>\n<p style=\"text-align: justify;\"><span style=\"font-weight: 400;\"><\/span><\/p>\n<p style=\"text-align: justify;\"><span style=\"font-weight: 400;\"><\/span><\/p>\n<p style=\"text-align: justify;\"><span style=\"font-weight: 400;\"><\/span><\/p>\n<p style=\"text-align: justify;\"><span style=\"font-weight: 400;\">Il g\u00e8re aussi la collection des circulaires de 1960 \u00e0 nos jours qui fait l\u2019objet d\u2019une impl\u00e9mentation en base de donn\u00e9<\/span><\/p>\n<p style=\"text-align: justify;\"><span style=\"font-weight: 400;\">S\u2019agissant des produits documentaires, il publie le <span style=\"color: #339966;\">r\u00e9pertoire des circulaires<\/span> jusqu\u2019en 2001 et le <span style=\"color: #339966;\">r\u00e9pertoire permanent du Gouvernement<\/span> du S\u00e9n\u00e9gal de 1957 \u00e0 2000. Pour ce dernier, les r\u00e9pertoires de 2001 \u00e0 2024 sont en cours d\u2019\u00e9laboration.\u00a0<\/span><\/p>\n<p style=\"text-align: justify;\"><span style=\"font-weight: 400;\">Dans un autre registre, le centre de documentation administratif et juridique abrite le point focal\u00a0: pouvoirs publics du R\u00e9seau National de l\u2019Information Scientifique et Technique du S\u00e9n\u00e9gal (RNIST).<\/span><\/p>\n<p>[\/et_pb_text][\/et_pb_column][\/et_pb_row][\/et_pb_section]<\/p>\n","protected":false},"excerpt":{"rendered":"<p>LE CENTRE DE DOCUMENTATION ADMINISTRATIVE ET JURIDIQUE Le centre de documentation est charg\u00e9 de rassembler la documentation concernant principalement le S\u00e9n\u00e9gal, de la traiter en vue de la mettre \u00e0 la disposition des usagers.Le centre de documentation a \u00e9t\u00e9 cr\u00e9\u00e9 en 1962 pour r\u00e9pondre aux besoins d\u2019information de l\u2019administration et du citoyen. Il est charg\u00e9 [&hellip;]<\/p>\n","protected":false},"author":3,"featured_media":0,"parent":0,"menu_order":0,"comment_status":"closed","ping_status":"closed","template":"","meta":{"_et_pb_use_builder":"on","_et_pb_old_content":"","_et_gb_content_width":"","footnotes":""},"class_list":["post-597","page","type-page","status-publish","hentry"],"_links":{"self":[{"href":"https:\/\/archivesdusenegal.gouv.sn\/index.php?rest_route=\/wp\/v2\/pages\/597","targetHints":{"allow":["GET"]}}],"collection":[{"href":"https:\/\/archivesdusenegal.gouv.sn\/index.php?rest_route=\/wp\/v2\/pages"}],"about":[{"href":"https:\/\/archivesdusenegal.gouv.sn\/index.php?rest_route=\/wp\/v2\/types\/page"}],"author":[{"embeddable":true,"href":"https:\/\/archivesdusenegal.gouv.sn\/index.php?rest_route=\/wp\/v2\/users\/3"}],"replies":[{"embeddable":true,"href":"https:\/\/archivesdusenegal.gouv.sn\/index.php?rest_route=%2Fwp%2Fv2%2Fcomments&post=597"}],"version-history":[{"count":20,"href":"https:\/\/archivesdusenegal.gouv.sn\/index.php?rest_route=\/wp\/v2\/pages\/597\/revisions"}],"predecessor-version":[{"id":2698,"href":"https:\/\/archivesdusenegal.gouv.sn\/index.php?rest_route=\/wp\/v2\/pages\/597\/revisions\/2698"}],"wp:attachment":[{"href":"https:\/\/archivesdusenegal.gouv.sn\/index.php?rest_route=%2Fwp%2Fv2%2Fmedia&parent=597"}],"curies":[{"name":"wp","href":"https:\/\/api.w.org\/{rel}","templated":true}]}}