{"id":650,"date":"2024-06-03T16:47:58","date_gmt":"2024-06-03T16:47:58","guid":{"rendered":"https:\/\/archivesdusenegal.gouv.sn\/?page_id=650"},"modified":"2025-11-17T10:29:12","modified_gmt":"2025-11-17T10:29:12","slug":"mission","status":"publish","type":"page","link":"https:\/\/archivesdusenegal.gouv.sn\/?page_id=650","title":{"rendered":"Mission"},"content":{"rendered":"<p>[et_pb_section fb_built=\u00a0\u00bb1&Prime; admin_label=\u00a0\u00bbHeader\u00a0\u00bb _builder_version=\u00a0\u00bb4.22.0&Prime; background_color=\u00a0\u00bbrgba(137,137,137,0.55)\u00a0\u00bb background_image=\u00a0\u00bbhttp:\/\/archivesdusenegal.gouv.sn\/wp-content\/uploads\/2025\/10\/DSC_1046-scaled.jpg\u00a0\u00bb background_blend=\u00a0\u00bboverlay\u00a0\u00bb custom_padding=\u00a0\u00bb6px||48px|||\u00a0\u00bb bottom_divider_color=\u00a0\u00bb#ffffff\u00a0\u00bb bottom_divider_height=\u00a0\u00bb160px\u00a0\u00bb locked=\u00a0\u00bboff\u00a0\u00bb global_colors_info=\u00a0\u00bb{}\u00a0\u00bb][et_pb_row _builder_version=\u00a0\u00bb4.22.0&Prime; custom_padding=\u00a0\u00bb||6px|||\u00a0\u00bb global_colors_info=\u00a0\u00bb{}\u00a0\u00bb][et_pb_column type=\u00a0\u00bb4_4&Prime; _builder_version=\u00a0\u00bb4.16&Prime; custom_padding=\u00a0\u00bb50px||||false|false\u00a0\u00bb global_colors_info=\u00a0\u00bb{}\u00a0\u00bb][et_pb_text _builder_version=\u00a0\u00bb4.22.0&Prime; text_font=\u00a0\u00bbPoppins||||||||\u00a0\u00bb text_text_color=\u00a0\u00bb#FFFFFF\u00a0\u00bb text_font_size=\u00a0\u00bb16px\u00a0\u00bb text_line_height=\u00a0\u00bb1.8em\u00a0\u00bb header_font=\u00a0\u00bbPlayfair Display|700|||||||\u00a0\u00bb header_text_color=\u00a0\u00bb#FFFFFF\u00a0\u00bb header_font_size=\u00a0\u00bb60px\u00a0\u00bb header_line_height=\u00a0\u00bb1.1em\u00a0\u00bb custom_margin=\u00a0\u00bb||18px|||\u00a0\u00bb custom_padding=\u00a0\u00bb0px|||||\u00a0\u00bb header_font_size_tablet=\u00a0\u00bb40px\u00a0\u00bb header_font_size_phone=\u00a0\u00bb30px\u00a0\u00bb header_font_size_last_edited=\u00a0\u00bbon|phone\u00a0\u00bb locked=\u00a0\u00bboff\u00a0\u00bb global_colors_info=\u00a0\u00bb{}\u00a0\u00bb]<\/p>\n<h2 style=\"text-align: center;\"><span style=\"color: #ffffff;\"><strong<\/strong><\/span><\/h2>\n<p style=\"text-align: center;\">[\/et_pb_text][\/et_pb_column][\/et_pb_row][\/et_pb_section][et_pb_section fb_built=\u00a0\u00bb1&Prime; _builder_version=\u00a0\u00bb4.22.0&Prime; _module_preset=\u00a0\u00bbdefault\u00a0\u00bb custom_padding=\u00a0\u00bb14px|||||\u00a0\u00bb global_colors_info=\u00a0\u00bb{}\u00a0\u00bb][et_pb_row _builder_version=\u00a0\u00bb4.22.0&Prime; _module_preset=\u00a0\u00bbdefault\u00a0\u00bb background_color=\u00a0\u00bb#FFFFFF\u00a0\u00bb max_width=\u00a0\u00bb1200px\u00a0\u00bb custom_margin=\u00a0\u00bb-35px|auto||auto||\u00a0\u00bb custom_padding=\u00a0\u00bb|30px||30px|false|true\u00a0\u00bb border_radii=\u00a0\u00bbon|5px|5px|5px|5px\u00a0\u00bb box_shadow_style=\u00a0\u00bbpreset1&Prime; box_shadow_spread=\u00a0\u00bb-9px\u00a0\u00bb global_colors_info=\u00a0\u00bb{}\u00a0\u00bb][et_pb_column type=\u00a0\u00bb4_4&Prime; _builder_version=\u00a0\u00bb4.22.0&Prime; _module_preset=\u00a0\u00bbdefault\u00a0\u00bb global_colors_info=\u00a0\u00bb{}\u00a0\u00bb][et_pb_post_title meta=\u00a0\u00bboff\u00a0\u00bb _builder_version=\u00a0\u00bb4.22.0&Prime; _module_preset=\u00a0\u00bbdefault\u00a0\u00bb title_text_align=\u00a0\u00bbcenter\u00a0\u00bb title_text_color=\u00a0\u00bb#00853F\u00a0\u00bb title_font_size=\u00a0\u00bb32px\u00a0\u00bb title_line_height=\u00a0\u00bb1.1em\u00a0\u00bb hover_enabled=\u00a0\u00bb0&Prime; meta_text_shadow_style=\u00a0\u00bbpreset2&Prime; text_shadow_style=\u00a0\u00bbpreset1&Prime; global_colors_info=\u00a0\u00bb{}\u00a0\u00bb sticky_enabled=\u00a0\u00bb0&Prime;][\/et_pb_post_title][et_pb_text _builder_version=\u00a0\u00bb4.22.0&Prime; _module_preset=\u00a0\u00bbdefault\u00a0\u00bb text_font=\u00a0\u00bb|300|||||||\u00a0\u00bb text_font_size=\u00a0\u00bb16px\u00a0\u00bb text_line_height=\u00a0\u00bb1.8em\u00a0\u00bb global_colors_info=\u00a0\u00bb{}\u00a0\u00bb]<\/p>\n<p style=\"text-align: justify;\"><span style=\"color: #000000;\">Cr\u00e9\u00e9 par l\u2019arr\u00eat\u00e9 n\u00b0 959 du 1er juillet 1913, le service des Archives a \u00e9t\u00e9 \u00e9rig\u00e9 en direction par le d\u00e9cret n\u00b0 77-621 du 21 juillet 1977, sous le nom de Direction des Archives du S\u00e9n\u00e9gal. C\u2019est l\u2019organe de l\u2019Etat comp\u00e9tent pour toutes les questions d\u2019archives. <\/span><\/p>\n<p style=\"text-align: justify;\"><span style=\"color: #000000;\">La Direction des Archives du S\u00e9n\u00e9gal rel\u00e8ve du Secr\u00e9tariat G\u00e9n\u00e9ral du Gouvernement qui est rattach\u00e9 \u00e0 la Primature.<\/span><\/p>\n<p style=\"text-align: justify;\"><span style=\"color: #000000;\">R\u00e9ceptacle d\u2019une grande partie de la production documentaire de l\u2019Etat dont elle constitue la m\u00e9moire, la Direction des Archives du S\u00e9n\u00e9gal comprend outre les archives proprement dites,une biblioth\u00e8que historique, administrative et juridique et un centre de documentation administrative et juridique. Il s\u2019agit d\u2019un v\u00e9ritable \u00a0complexe documentaire au service de l\u2019Administration, du citoyen et de la recherche en sciences humaines et sociales.<\/span><\/p>\n<p>[\/et_pb_text][et_pb_text _builder_version=\u00a0\u00bb4.22.0&Prime; _module_preset=\u00a0\u00bbdefault\u00a0\u00bb text_font=\u00a0\u00bb|300|||||||\u00a0\u00bb text_font_size=\u00a0\u00bb16px\u00a0\u00bb text_line_height=\u00a0\u00bb1.8em\u00a0\u00bb global_colors_info=\u00a0\u00bb{}\u00a0\u00bb]<\/p>\n<p style=\"text-align: justify;\"><span style=\"color: #000000;\">La Direction des Archives du S\u00e9n\u00e9gal est charg\u00e9e de la gestion des Archives nationales (archives centrales de l\u2019Etat) et des services r\u00e9gionaux d\u2019archives. Elle contr\u00f4le les archives des collectivit\u00e9s locales, \u00e9tablissements publics, soci\u00e9t\u00e9s nationales et soci\u00e9t\u00e9s \u00e0 participation publique. Elle g\u00e8re les d\u00e9p\u00f4ts de pr\u00e9 archivage pr\u00e9vus \u00e0 l\u2019article 11 de la loi 2006-19 du 30 juin 2006, relative aux archives et aux documents administratifs.\u00a0 Elle a pour mission\u00a0:<\/span><\/p>\n<p>[\/et_pb_text][et_pb_text _builder_version=\u00a0\u00bb4.22.0&Prime; _module_preset=\u00a0\u00bbdefault\u00a0\u00bb text_font=\u00a0\u00bb|300|||||||\u00a0\u00bb text_font_size=\u00a0\u00bb16px\u00a0\u00bb text_line_height=\u00a0\u00bb1.8em\u00a0\u00bb header_font=\u00a0\u00bb|300|||||||\u00a0\u00bb header_font_size=\u00a0\u00bb25px\u00a0\u00bb global_colors_info=\u00a0\u00bb{}\u00a0\u00bb]<\/p>\n<ul>\n<li style=\"list-style-type: none;\">\n<ul>\n<li style=\"list-style-type: none;\">\n<ul>\n<li style=\"text-align: justify;\"><span style=\"color: #000000;\">L\u2019assistance des structures et le contr\u00f4le des archives publiques d\u00e9tenues par les minist\u00e8res, services, ainsi que le contr\u00f4le des archives d\u00e9tenues par les collectivit\u00e9s locales, les \u00e9tablissements publics, les soci\u00e9t\u00e9s nationales, les soci\u00e9t\u00e9s \u00e0 participation publique soumises au contr\u00f4le de l\u2019Etat, les organismes priv\u00e9s charg\u00e9s de la gestion d\u2019un service public ou investis d\u2019une mission de service public et les officiers publics et minist\u00e9riels ;\u00a0<\/span><\/li>\n<li><span style=\"color: #000000;\">La conservation des archives publiques et leur gestion \u00e0 des fins administratives, scientifiques et personnelles ;<\/span><\/li>\n<li><span style=\"color: #000000;\">La mise des archives publiques \u00e0 la disposition des utilisateurs dans les limites des d\u00e9lais de communication fix\u00e9s, en tenant compte des int\u00e9r\u00eats de l\u2019Etat et des collectivit\u00e9s locales,\u00a0 ainsi que du respect de la vie priv\u00e9e des citoyens et de l\u2019honneur des familles ;<\/span><\/li>\n<li><span style=\"color: #000000;\">La sauvegarde et le contr\u00f4le des archives priv\u00e9es.\u00a0<\/span><\/li>\n<\/ul>\n<\/li>\n<\/ul>\n<\/li>\n<\/ul>\n<p>[\/et_pb_text][\/et_pb_column][\/et_pb_row][\/et_pb_section]<\/p>\n","protected":false},"excerpt":{"rendered":"","protected":false},"author":3,"featured_media":0,"parent":0,"menu_order":0,"comment_status":"closed","ping_status":"closed","template":"","meta":{"_et_pb_use_builder":"on","_et_pb_old_content":"","_et_gb_content_width":"","footnotes":""},"class_list":["post-650","page","type-page","status-publish","hentry"],"_links":{"self":[{"href":"https:\/\/archivesdusenegal.gouv.sn\/index.php?rest_route=\/wp\/v2\/pages\/650","targetHints":{"allow":["GET"]}}],"collection":[{"href":"https:\/\/archivesdusenegal.gouv.sn\/index.php?rest_route=\/wp\/v2\/pages"}],"about":[{"href":"https:\/\/archivesdusenegal.gouv.sn\/index.php?rest_route=\/wp\/v2\/types\/page"}],"author":[{"embeddable":true,"href":"https:\/\/archivesdusenegal.gouv.sn\/index.php?rest_route=\/wp\/v2\/users\/3"}],"replies":[{"embeddable":true,"href":"https:\/\/archivesdusenegal.gouv.sn\/index.php?rest_route=%2Fwp%2Fv2%2Fcomments&post=650"}],"version-history":[{"count":15,"href":"https:\/\/archivesdusenegal.gouv.sn\/index.php?rest_route=\/wp\/v2\/pages\/650\/revisions"}],"predecessor-version":[{"id":2683,"href":"https:\/\/archivesdusenegal.gouv.sn\/index.php?rest_route=\/wp\/v2\/pages\/650\/revisions\/2683"}],"wp:attachment":[{"href":"https:\/\/archivesdusenegal.gouv.sn\/index.php?rest_route=%2Fwp%2Fv2%2Fmedia&parent=650"}],"curies":[{"name":"wp","href":"https:\/\/api.w.org\/{rel}","templated":true}]}}