{"id":685,"date":"2024-06-03T19:46:36","date_gmt":"2024-06-03T19:46:36","guid":{"rendered":"https:\/\/archivesdusenegal.gouv.sn\/?page_id=685"},"modified":"2025-11-16T22:52:19","modified_gmt":"2025-11-16T22:52:19","slug":"aof-afrique-occidental-francaise","status":"publish","type":"page","link":"https:\/\/archivesdusenegal.gouv.sn\/?page_id=685","title":{"rendered":"AOF (Afrique Occidentale Fran\u00e7aise)"},"content":{"rendered":"[et_pb_section admin_label=\u00a0\u00bbsection\u00a0\u00bb]\n\t\t\t[et_pb_row admin_label=\u00a0\u00bbrow\u00a0\u00bb]\n\t\t\t\t[et_pb_column type=\u00a0\u00bb4_4&Prime;][et_pb_text admin_label=\u00a0\u00bbText\u00a0\u00bb]\n<table id=\"tablepress-2\" class=\"tablepress tablepress-id-2\">\n<thead>\n<tr class=\"row-1\">\n\t<th class=\"column-1\"><span style=\"color:#FFFFFF;\"><strong>S\u00e9rie<\/strong><\/span><\/th><th class=\"column-2\"><span style=\"color:#FFFFFF;\"><strong>Sous S\u00e9rie<\/strong><\/span><\/th>\n<\/tr>\n<\/thead>\n<tbody class=\"row-striping row-hover\">\n<tr class=\"row-2\">\n\t<td class=\"column-1\">A- ACTES OFFICIELS<\/td><td class=\"column-2\">1A-Ordres, arr\u00eates et d\u00e9cisions du Gouvernement du S\u00e9n\u00e9gal, puis du Gouvernement g\u00e9n\u00e9ral de l'AOF<br \/>\n2A-Ordres,d\u00e9cisions et circulaires du commandant de Gor\u00e9e<br \/>\n3A-Circulaires du Gouvernement G\u00e9n\u00e9ral de l'AOF<br \/>\n4A-Actes officiels m\u00e9tropolitains<br \/>\n5A-Ordres de missions du Gouverneur G\u00e9n\u00e9ral de l'AOF<br \/>\n6A-Circulaires avions du Gouvernement g\u00e9n\u00e9ral de l'AOF<\/td>\n<\/tr>\n<tr class=\"row-3\">\n\t<td class=\"column-1\">B- CORRESPONDANCE GENERALE<\/td><td class=\"column-2\">1B-Correspondances du ministre re\u00e7u par le Gouvernement du S\u00e9n\u00e9gal<br \/>\n2B-Correspondance du Gouvernement du S\u00e9n\u00e9gal adress\u00e9 au ministre<br \/>\n3B-Correspondance du Gouvernement du S\u00e9n\u00e9gal adress\u00e9e \u00e0 toute personne autre que le ministre<br \/>\n4B-Correspondance adress\u00e9e par le commandant de Gor\u00e9e<br \/>\n5B-Correspondance du contr\u00f4leur ou Inspecteur colonial et du Directeur des Affaires ext\u00e9rieures<br \/>\n6B-Correspondance re\u00e7u par le commandant de Gor\u00e9e<br \/>\n7B-Correspondance re\u00e7u par le Contr\u00f4leur ou Inspecteur colonial<br \/>\n8B-Correspondance arriv\u00e9e et d\u00e9part du Gouvernement g\u00e9n\u00e9ral de l'AOF depuis 1895<\/td>\n<\/tr>\n<tr class=\"row-4\">\n\t<td class=\"column-1\">C- PERSONNEL<\/td><td class=\"column-2\">1C-Dossier de personnel<br \/>\n2C-Statut de personnel<br \/>\n3C-Distinction honorifiques<br \/>\n4-Assistance technique<br \/>\n5C-Affaires contentieux<\/td>\n<\/tr>\n<tr class=\"row-5\">\n\t<td class=\"column-1\">D- AFFAIRES MILITAIRES<\/td><td class=\"column-2\">1D-Op\u00e9ration militaire<br \/>\n2D-P\u00e9riodes de guerre<br \/>\n3D-Justice militaire<br \/>\n4D-Personnel  militaire<br \/>\n5D-Organisation militaire, g\u00e9n\u00e9ralit\u00e9s<br \/>\n6D-Finances et mat\u00e9riel<br \/>\n7D-Gendarmerie et garde-cercles<br \/>\n<\/td>\n<\/tr>\n<tr class=\"row-6\">\n\t<td class=\"column-1\">E- CONSEILS ET ASSEMBLEES<\/td><td class=\"column-2\">1E- G\u00e9n\u00e9ralit\u00e9s, organisation des assembl\u00e9es<br \/>\n2E-Conseil d'administration et conseil d'arrondissement de Gor\u00e9e<br \/>\n3E-Conseil d'administration et conseil priv\u00e9 du S\u00e9n\u00e9gal <br \/>\n4E-Conseil g\u00e9n\u00e9ral ou colonial, assembl\u00e9e territoire du S\u00e9n\u00e9gal<br \/>\n5E-Conseil du contentieux<br \/>\n6E-Conseil du gouvernement de l'A.O.F<br \/>\n7E \u00e0 14E-Conseil d'administration des territoires de l'A.O.F<br \/>\n15E \u00e0 21E-Assembl\u00e9e des territoires de l'A.O.F<br \/>\n22E-Grand Conseil de l'AOF<\/td>\n<\/tr>\n<tr class=\"row-7\">\n\t<td class=\"column-1\">F- AFFAIRES ETRANGERES <\/td><td class=\"column-2\">F-AFFAIRES ETRANGERES<\/td>\n<\/tr>\n<tr class=\"row-8\">\n\t<td class=\"column-1\">G- POLITIQUES ET ADMINISTRATION GENERALE<\/td><td class=\"column-2\">1G-Etudes g\u00e9n\u00e9rales ,monographies, th\u00e8ses <br \/>\n2G-Rapports p\u00e9riodiques des gouvernements ,administrateurs et chefs de services depuis 1895<br \/>\n3G-Institutions municipales<br \/>\n3G1-G\u00e9n\u00e9ralit\u00e9s<br \/>\n3G2-Commune de Dakar<br \/>\n3G3-Commune de Saint-Louis<br \/>\n4G-Missions d'inspections des colonies<br \/>\n5G-Cote d'Ivoire ,affaires politiques, administratives et musulmanes<br \/>\n6G-Gabon et AEF<br \/>\n7G \u00e0 11G-Affaires administratives et musulmanes des territoires de l'A.O.F<br \/>\n12G-Afrique du nord et Sahara<br \/>\n13G-S\u00e9n\u00e9gal ,affaires politiques, administratives et musulmanes<br \/>\n14G-Togo, affaires politiques ,administratives et musulmanes<br \/>\n15G-Soudan, affaires politiques, administratives et musulmanes<br \/>\n16G-Cameroun,affaires politiques, administratives et musulmanes<br \/>\n17G-AOF,affaires politiques ,g\u00e9n\u00e9ralit\u00e9s<br \/>\n18G-AOF,affaires administratives, g\u00e9n\u00e9ralit\u00e9s<br \/>\n19G-AOF, affaires musulmanes ,g\u00e9n\u00e9ralit\u00e9s<br \/>\n20G-Elections<br \/>\n21G-Police et suret\u00e9<br \/>\n22G-D\u00e9nombrements ,g\u00e9n\u00e9ralit\u00e9s et strat\u00e9giques<br \/>\n23G-Etat civil<\/td>\n<\/tr>\n<tr class=\"row-9\">\n\t<td class=\"column-1\">H- SANTE<\/td><td class=\"column-2\">1H-Sant\u00e9<br \/>\n2H-Assistance<\/td>\n<\/tr>\n<tr class=\"row-10\">\n\t<td class=\"column-1\">J- ENSEIGNEMENT (avant 1920)<\/td><td class=\"column-2\">Enseignement (avant 1920)<\/td>\n<\/tr>\n<tr class=\"row-11\">\n\t<td class=\"column-1\">K-ESCLAVAGE ET TRAVAIL    <\/td><td class=\"column-2\"><\/td>\n<\/tr>\n<tr class=\"row-12\">\n\t<td class=\"column-1\">K-TRAVAIL ET MAIN- D'\u0152UVRE <\/td><td class=\"column-2\">1K-<br \/>\n2K-<\/td>\n<\/tr>\n<tr class=\"row-13\">\n\t<td class=\"column-1\">L-DOMAINE<\/td><td class=\"column-2\">L-DOMAINE<\/td>\n<\/tr>\n<tr class=\"row-14\">\n\t<td class=\"column-1\">M-JUSTICE<\/td><td class=\"column-2\">1M-Correspondances d\u00e9part du procureur g\u00e9n\u00e9ral 1925-1954<br \/>\n2M-Parquet g\u00e9n\u00e9ral : correspondances adress\u00e9es au procureur g\u00e9n\u00e9ral  et dossiers d'affaire en jugement 1916-1951<br \/>\n3M-Service judiciaire, 1864-1947<br \/>\n4M-Cours d'assistance de Gor\u00e9e, 1875-1918<br \/>\n5M-Tribunal de premi\u00e8re instance Gor\u00e9e-Dakar, 1832-1956<\/td>\n<\/tr>\n<tr class=\"row-15\">\n\t<td class=\"column-1\">N-DOUANES<\/td><td class=\"column-2\">N-DOUANES<\/td>\n<\/tr>\n<tr class=\"row-16\">\n\t<td class=\"column-1\">O-TRANSPORTS, ROUTES ET PONDS<\/td><td class=\"column-2\">O-TRANSPORTS, ROUTES ET PONDS<\/td>\n<\/tr>\n<tr class=\"row-17\">\n\t<td class=\"column-1\">P-TRAVAUX PUBLICS<\/td><td class=\"column-2\">1P-G\u00e9n\u00e9ralit\u00e9s<br \/>\n2P-Ports et rades<br \/>\n3P-Mines<br \/>\n4P-Batiments et urbanisme<br \/>\n5P-Routes et ponts<br \/>\n6P-Chemins de fer<br \/>\n7P-Eaux, \u00e9lectricit\u00e9 hydraulique<br \/>\n8P-Source politique<br \/>\n9P-Rapports manifestations<\/td>\n<\/tr>\n<tr class=\"row-18\">\n\t<td class=\"column-1\">Q-AFFAIRES ECONOMIQUES<\/td><td class=\"column-2\">1Q)G\u00e9n\u00e9ralit\u00e9s, plan<br \/>\n2Q-Industrie ,artisanat.<br \/>\n3Q-Chambres de commerce, d'agriculture et d'industrie, banques.<br \/>\n4Q-Transports et communication, tourisme<br \/>\n5Q-Soci\u00e9t\u00e9 de pr\u00e9voyance S.M.P.R ,coop\u00e9ration<br \/>\n6Q-Commerce: production et commercialisation , r\u00e9glementation commerciale, foires et expositions.<br \/>\n7Q-Office du Niger<br \/>\n8Q-Commerce ext\u00e9rieur : accords commerciaux avec l'\u00e9tranger.<\/td>\n<\/tr>\n<tr class=\"row-19\">\n\t<td class=\"column-1\">R-AFFAIRES AGRICOLES<\/td><td class=\"column-2\">1R-Agriculture<br \/>\n2R-Elevage<br \/>\n3R-F\u00f4rets<br \/>\n4R-P\u00eache<br \/>\n<\/td>\n<\/tr>\n<tr class=\"row-20\">\n\t<td class=\"column-1\">S-NAVIGATION MARITIME ET AERIENNE<\/td><td class=\"column-2\">1S-Marine et guerre<br \/>\n2S-Marine et commerce<br \/>\n3S-M\u00e9t\u00e9orologie<br \/>\n4S-Aviation militaire<br \/>\n5S-aviation civile<\/td>\n<\/tr>\n<tr class=\"row-21\">\n\t<td class=\"column-1\">T-FINANCES<\/td><td class=\"column-2\">1T-Budget<br \/>\n2T-Tr\u00e9sor<br \/>\n3T-Contr\u00f4le financier<br \/>\n4T-Comptabilit\u00e9 mati\u00e9re<\/td>\n<\/tr>\n<\/tbody>\n<\/table>\n<!-- #tablepress-2 from cache -->\n[\/et_pb_text][\/et_pb_column]\n\t\t\t[\/et_pb_row]\n\t\t[\/et_pb_section]","protected":false},"excerpt":{"rendered":"\n<table id=\"tablepress-2-no-2\" class=\"tablepress tablepress-id-2\">\n<thead>\n<tr class=\"row-1\">\n\t<th class=\"column-1\"><span style=\"color:#FFFFFF;\"><strong>S\u00e9rie<\/strong><\/span><\/th><th class=\"column-2\"><span style=\"color:#FFFFFF;\"><strong>Sous S\u00e9rie<\/strong><\/span><\/th>\n<\/tr>\n<\/thead>\n<tbody class=\"row-striping row-hover\">\n<tr class=\"row-2\">\n\t<td class=\"column-1\">A- ACTES OFFICIELS<\/td><td class=\"column-2\">1A-Ordres, arr\u00eates et d\u00e9cisions du Gouvernement du S\u00e9n\u00e9gal, puis du Gouvernement g\u00e9n\u00e9ral de l'AOF<br \/>\n2A-Ordres,d\u00e9cisions et circulaires du commandant de Gor\u00e9e<br \/>\n3A-Circulaires du Gouvernement G\u00e9n\u00e9ral de l'AOF<br \/>\n4A-Actes officiels m\u00e9tropolitains<br \/>\n5A-Ordres de missions du Gouverneur G\u00e9n\u00e9ral de l'AOF<br \/>\n6A-Circulaires avions du Gouvernement g\u00e9n\u00e9ral de l'AOF<\/td>\n<\/tr>\n<tr class=\"row-3\">\n\t<td class=\"column-1\">B- CORRESPONDANCE GENERALE<\/td><td class=\"column-2\">1B-Correspondances du ministre re\u00e7u par le Gouvernement du S\u00e9n\u00e9gal<br \/>\n2B-Correspondance du Gouvernement du S\u00e9n\u00e9gal adress\u00e9 au ministre<br \/>\n3B-Correspondance du Gouvernement du S\u00e9n\u00e9gal adress\u00e9e \u00e0 toute personne autre que le ministre<br \/>\n4B-Correspondance adress\u00e9e par le commandant de Gor\u00e9e<br \/>\n5B-Correspondance du contr\u00f4leur ou Inspecteur colonial et du Directeur des Affaires ext\u00e9rieures<br \/>\n6B-Correspondance re\u00e7u par le commandant de Gor\u00e9e<br \/>\n7B-Correspondance re\u00e7u par le Contr\u00f4leur ou Inspecteur colonial<br \/>\n8B-Correspondance arriv\u00e9e et d\u00e9part du Gouvernement g\u00e9n\u00e9ral de l'AOF depuis 1895<\/td>\n<\/tr>\n<tr class=\"row-4\">\n\t<td class=\"column-1\">C- PERSONNEL<\/td><td class=\"column-2\">1C-Dossier de personnel<br \/>\n2C-Statut de personnel<br \/>\n3C-Distinction honorifiques<br \/>\n4-Assistance technique<br \/>\n5C-Affaires contentieux<\/td>\n<\/tr>\n<tr class=\"row-5\">\n\t<td class=\"column-1\">D- AFFAIRES MILITAIRES<\/td><td class=\"column-2\">1D-Op\u00e9ration militaire<br \/>\n2D-P\u00e9riodes de guerre<br \/>\n3D-Justice militaire<br \/>\n4D-Personnel  militaire<br \/>\n5D-Organisation militaire, g\u00e9n\u00e9ralit\u00e9s<br \/>\n6D-Finances et mat\u00e9riel<br \/>\n7D-Gendarmerie et garde-cercles<br \/>\n<\/td>\n<\/tr>\n<tr class=\"row-6\">\n\t<td class=\"column-1\">E- CONSEILS ET ASSEMBLEES<\/td><td class=\"column-2\">1E- G\u00e9n\u00e9ralit\u00e9s, organisation des assembl\u00e9es<br \/>\n2E-Conseil d'administration et conseil d'arrondissement de Gor\u00e9e<br \/>\n3E-Conseil d'administration et conseil priv\u00e9 du S\u00e9n\u00e9gal <br \/>\n4E-Conseil g\u00e9n\u00e9ral ou colonial, assembl\u00e9e territoire du S\u00e9n\u00e9gal<br \/>\n5E-Conseil du contentieux<br \/>\n6E-Conseil du gouvernement de l'A.O.F<br \/>\n7E \u00e0 14E-Conseil d'administration des territoires de l'A.O.F<br \/>\n15E \u00e0 21E-Assembl\u00e9e des territoires de l'A.O.F<br \/>\n22E-Grand Conseil de l'AOF<\/td>\n<\/tr>\n<tr class=\"row-7\">\n\t<td class=\"column-1\">F- AFFAIRES ETRANGERES <\/td><td class=\"column-2\">F-AFFAIRES ETRANGERES<\/td>\n<\/tr>\n<tr class=\"row-8\">\n\t<td class=\"column-1\">G- POLITIQUES ET ADMINISTRATION GENERALE<\/td><td class=\"column-2\">1G-Etudes g\u00e9n\u00e9rales ,monographies, th\u00e8ses <br \/>\n2G-Rapports p\u00e9riodiques des gouvernements ,administrateurs et chefs de services depuis 1895<br \/>\n3G-Institutions municipales<br \/>\n3G1-G\u00e9n\u00e9ralit\u00e9s<br \/>\n3G2-Commune de Dakar<br \/>\n3G3-Commune de Saint-Louis<br \/>\n4G-Missions d'inspections des colonies<br \/>\n5G-Cote d'Ivoire ,affaires politiques, administratives et musulmanes<br \/>\n6G-Gabon et AEF<br \/>\n7G \u00e0 11G-Affaires administratives et musulmanes des territoires de l'A.O.F<br \/>\n12G-Afrique du nord et Sahara<br \/>\n13G-S\u00e9n\u00e9gal ,affaires politiques, administratives et musulmanes<br \/>\n14G-Togo, affaires politiques ,administratives et musulmanes<br \/>\n15G-Soudan, affaires politiques, administratives et musulmanes<br \/>\n16G-Cameroun,affaires politiques, administratives et musulmanes<br \/>\n17G-AOF,affaires politiques ,g\u00e9n\u00e9ralit\u00e9s<br \/>\n18G-AOF,affaires administratives, g\u00e9n\u00e9ralit\u00e9s<br \/>\n19G-AOF, affaires musulmanes ,g\u00e9n\u00e9ralit\u00e9s<br \/>\n20G-Elections<br \/>\n21G-Police et suret\u00e9<br \/>\n22G-D\u00e9nombrements ,g\u00e9n\u00e9ralit\u00e9s et strat\u00e9giques<br \/>\n23G-Etat civil<\/td>\n<\/tr>\n<tr class=\"row-9\">\n\t<td class=\"column-1\">H- SANTE<\/td><td class=\"column-2\">1H-Sant\u00e9<br \/>\n2H-Assistance<\/td>\n<\/tr>\n<tr class=\"row-10\">\n\t<td class=\"column-1\">J- ENSEIGNEMENT (avant 1920)<\/td><td class=\"column-2\">Enseignement (avant 1920)<\/td>\n<\/tr>\n<tr class=\"row-11\">\n\t<td class=\"column-1\">K-ESCLAVAGE ET TRAVAIL    <\/td><td class=\"column-2\"><\/td>\n<\/tr>\n<tr class=\"row-12\">\n\t<td class=\"column-1\">K-TRAVAIL ET MAIN- D'\u0152UVRE <\/td><td class=\"column-2\">1K-<br \/>\n2K-<\/td>\n<\/tr>\n<tr class=\"row-13\">\n\t<td class=\"column-1\">L-DOMAINE<\/td><td class=\"column-2\">L-DOMAINE<\/td>\n<\/tr>\n<tr class=\"row-14\">\n\t<td class=\"column-1\">M-JUSTICE<\/td><td class=\"column-2\">1M-Correspondances d\u00e9part du procureur g\u00e9n\u00e9ral 1925-1954<br \/>\n2M-Parquet g\u00e9n\u00e9ral : correspondances adress\u00e9es au procureur g\u00e9n\u00e9ral  et dossiers d'affaire en jugement 1916-1951<br \/>\n3M-Service judiciaire, 1864-1947<br \/>\n4M-Cours d'assistance de Gor\u00e9e, 1875-1918<br \/>\n5M-Tribunal de premi\u00e8re instance Gor\u00e9e-Dakar, 1832-1956<\/td>\n<\/tr>\n<tr class=\"row-15\">\n\t<td class=\"column-1\">N-DOUANES<\/td><td class=\"column-2\">N-DOUANES<\/td>\n<\/tr>\n<tr class=\"row-16\">\n\t<td class=\"column-1\">O-TRANSPORTS, ROUTES ET PONDS<\/td><td class=\"column-2\">O-TRANSPORTS, ROUTES ET PONDS<\/td>\n<\/tr>\n<tr class=\"row-17\">\n\t<td class=\"column-1\">P-TRAVAUX PUBLICS<\/td><td class=\"column-2\">1P-G\u00e9n\u00e9ralit\u00e9s<br \/>\n2P-Ports et rades<br \/>\n3P-Mines<br \/>\n4P-Batiments et urbanisme<br \/>\n5P-Routes et ponts<br \/>\n6P-Chemins de fer<br \/>\n7P-Eaux, \u00e9lectricit\u00e9 hydraulique<br \/>\n8P-Source politique<br \/>\n9P-Rapports manifestations<\/td>\n<\/tr>\n<tr class=\"row-18\">\n\t<td class=\"column-1\">Q-AFFAIRES ECONOMIQUES<\/td><td class=\"column-2\">1Q)G\u00e9n\u00e9ralit\u00e9s, plan<br \/>\n2Q-Industrie ,artisanat.<br \/>\n3Q-Chambres de commerce, d'agriculture et d'industrie, banques.<br \/>\n4Q-Transports et communication, tourisme<br \/>\n5Q-Soci\u00e9t\u00e9 de pr\u00e9voyance S.M.P.R ,coop\u00e9ration<br \/>\n6Q-Commerce: production et commercialisation , r\u00e9glementation commerciale, foires et expositions.<br \/>\n7Q-Office du Niger<br \/>\n8Q-Commerce ext\u00e9rieur : accords commerciaux avec l'\u00e9tranger.<\/td>\n<\/tr>\n<tr class=\"row-19\">\n\t<td class=\"column-1\">R-AFFAIRES AGRICOLES<\/td><td class=\"column-2\">1R-Agriculture<br \/>\n2R-Elevage<br \/>\n3R-F\u00f4rets<br \/>\n4R-P\u00eache<br \/>\n<\/td>\n<\/tr>\n<tr class=\"row-20\">\n\t<td class=\"column-1\">S-NAVIGATION MARITIME ET AERIENNE<\/td><td class=\"column-2\">1S-Marine et guerre<br \/>\n2S-Marine et commerce<br \/>\n3S-M\u00e9t\u00e9orologie<br \/>\n4S-Aviation militaire<br \/>\n5S-aviation civile<\/td>\n<\/tr>\n<tr class=\"row-21\">\n\t<td class=\"column-1\">T-FINANCES<\/td><td class=\"column-2\">1T-Budget<br \/>\n2T-Tr\u00e9sor<br \/>\n3T-Contr\u00f4le financier<br \/>\n4T-Comptabilit\u00e9 mati\u00e9re<\/td>\n<\/tr>\n<\/tbody>\n<\/table>\n\n","protected":false},"author":3,"featured_media":0,"parent":0,"menu_order":0,"comment_status":"closed","ping_status":"closed","template":"","meta":{"_et_pb_use_builder":"on","_et_pb_old_content":"<!-- wp:shortcode -->\n[table id=2 \/]\n<!-- \/wp:shortcode -->","_et_gb_content_width":"","footnotes":""},"class_list":["post-685","page","type-page","status-publish","hentry"],"_links":{"self":[{"href":"https:\/\/archivesdusenegal.gouv.sn\/index.php?rest_route=\/wp\/v2\/pages\/685","targetHints":{"allow":["GET"]}}],"collection":[{"href":"https:\/\/archivesdusenegal.gouv.sn\/index.php?rest_route=\/wp\/v2\/pages"}],"about":[{"href":"https:\/\/archivesdusenegal.gouv.sn\/index.php?rest_route=\/wp\/v2\/types\/page"}],"author":[{"embeddable":true,"href":"https:\/\/archivesdusenegal.gouv.sn\/index.php?rest_route=\/wp\/v2\/users\/3"}],"replies":[{"embeddable":true,"href":"https:\/\/archivesdusenegal.gouv.sn\/index.php?rest_route=%2Fwp%2Fv2%2Fcomments&post=685"}],"version-history":[{"count":27,"href":"https:\/\/archivesdusenegal.gouv.sn\/index.php?rest_route=\/wp\/v2\/pages\/685\/revisions"}],"predecessor-version":[{"id":2628,"href":"https:\/\/archivesdusenegal.gouv.sn\/index.php?rest_route=\/wp\/v2\/pages\/685\/revisions\/2628"}],"wp:attachment":[{"href":"https:\/\/archivesdusenegal.gouv.sn\/index.php?rest_route=%2Fwp%2Fv2%2Fmedia&parent=685"}],"curies":[{"name":"wp","href":"https:\/\/api.w.org\/{rel}","templated":true}]}}