{"id":761,"date":"2024-06-10T09:40:37","date_gmt":"2024-06-10T09:40:37","guid":{"rendered":"https:\/\/archivesdusenegal.gouv.sn\/?page_id=761"},"modified":"2025-11-16T18:39:35","modified_gmt":"2025-11-16T18:39:35","slug":"region-de-dakar","status":"publish","type":"page","link":"https:\/\/archivesdusenegal.gouv.sn\/?page_id=761","title":{"rendered":"R\u00e9gion de Dakar"},"content":{"rendered":"<p>[et_pb_section fb_built=\u00a0\u00bb1&Prime; custom_padding_last_edited=\u00a0\u00bbon|phone\u00a0\u00bb admin_label=\u00a0\u00bbHeader\u00a0\u00bb _builder_version=\u00a0\u00bb4.22.0&Prime; _module_preset=\u00a0\u00bb9f97f4d0-146a-4c3c-8d74-084854d5c783&Prime; background_enable_color=\u00a0\u00bboff\u00a0\u00bb background_color_gradient_direction=\u00a0\u00bb73deg\u00a0\u00bb background_color_gradient_stops=\u00a0\u00bb#000000 41%|rgba(0,0,0,0.3) 60%\u00a0\u00bb background_image=\u00a0\u00bbhttp:\/\/archivesdusenegal.gouv.sn\/wp-content\/uploads\/2025\/07\/Dakar.jpg\u00a0\u00bb custom_padding=\u00a0\u00bb3vw||16px||false|false\u00a0\u00bb custom_padding_tablet=\u00a0\u00bb20vw||0px||false|false\u00a0\u00bb custom_padding_phone=\u00a0\u00bb20vw||0px||false|false\u00a0\u00bb global_colors_info=\u00a0\u00bb{}\u00a0\u00bb][et_pb_row _builder_version=\u00a0\u00bb4.25.2&Prime; _module_preset=\u00a0\u00bb711e1c36-a54e-423c-be1b-b2dd447201f1&Prime; custom_margin=\u00a0\u00bb14px|auto|33px|auto||\u00a0\u00bb custom_padding=\u00a0\u00bb||32px|||\u00a0\u00bb global_colors_info=\u00a0\u00bb{}\u00a0\u00bb][et_pb_column type=\u00a0\u00bb4_4&Prime; _builder_version=\u00a0\u00bb4.25.2&Prime; _module_preset=\u00a0\u00bbdefault\u00a0\u00bb global_colors_info=\u00a0\u00bb{}\u00a0\u00bb][et_pb_heading title=\u00a0\u00bbSERVICE REGIONAL DES ARCHIVES DE DAKAR (SRAD)\u00a0\u00bb _builder_version=\u00a0\u00bb4.22.0&Prime; _module_preset=\u00a0\u00bbe1f419ce-7e16-4bc7-bdea-2e894a7f2a77&Prime; title_text_color=\u00a0\u00bb#FFFFFF\u00a0\u00bb title_font_size=\u00a0\u00bb19px\u00a0\u00bb max_width=\u00a0\u00bb1080px\u00a0\u00bb module_alignment=\u00a0\u00bbcenter\u00a0\u00bb global_colors_info=\u00a0\u00bb{}\u00a0\u00bb][\/et_pb_heading][\/et_pb_column][\/et_pb_row][\/et_pb_section][et_pb_section fb_built=\u00a0\u00bb1&Prime; _builder_version=\u00a0\u00bb4.22.0&Prime; _module_preset=\u00a0\u00bbdefault\u00a0\u00bb background_image=\u00a0\u00bbhttp:\/\/archivesdusenegal.gouv.sn\/wp-content\/uploads\/2024\/05\/seafood-restaurant-22.png\u00a0\u00bb background_size=\u00a0\u00bbinitial\u00a0\u00bb background_position=\u00a0\u00bbbottom_left\u00a0\u00bb background_horizontal_offset=\u00a0\u00bb-43%\u00a0\u00bb global_colors_info=\u00a0\u00bb{}\u00a0\u00bb][et_pb_row column_structure=\u00a0\u00bb1_2,1_2&Prime; _builder_version=\u00a0\u00bb4.22.0&Prime; _module_preset=\u00a0\u00bbdefault\u00a0\u00bb global_colors_info=\u00a0\u00bb{}\u00a0\u00bb][et_pb_column type=\u00a0\u00bb1_2&Prime; _builder_version=\u00a0\u00bb4.22.0&Prime; _module_preset=\u00a0\u00bbdefault\u00a0\u00bb global_colors_info=\u00a0\u00bb{}\u00a0\u00bb][et_pb_text _builder_version=\u00a0\u00bb4.22.0&Prime; _module_preset=\u00a0\u00bb07b3c521-fd43-41f8-bd4f-fdfd05974062&Prime; text_font=\u00a0\u00bbInter|600||on|||||\u00a0\u00bb text_text_color=\u00a0\u00bb#00853F\u00a0\u00bb max_width=\u00a0\u00bb625px\u00a0\u00bb min_height=\u00a0\u00bb56.8px\u00a0\u00bb custom_margin=\u00a0\u00bb||-44px|||\u00a0\u00bb custom_padding=\u00a0\u00bb|||10px|false|false\u00a0\u00bb border_width_left=\u00a0\u00bb3px\u00a0\u00bb border_color_left=\u00a0\u00bb#00853F\u00a0\u00bb global_colors_info=\u00a0\u00bb{}\u00a0\u00bb]<\/p>\n<p style=\"text-align: justify;\">Pr\u00e9sentation\u00a0<\/p>\n<p>[\/et_pb_text][et_pb_text _builder_version=\u00a0\u00bb4.22.0&Prime; _module_preset=\u00a0\u00bb07b3c521-fd43-41f8-bd4f-fdfd05974062&Prime; text_font=\u00a0\u00bb|300|||||||\u00a0\u00bb text_text_color=\u00a0\u00bb#000000&Prime; text_font_size=\u00a0\u00bb15px\u00a0\u00bb max_width=\u00a0\u00bb625px\u00a0\u00bb min_height=\u00a0\u00bb408px\u00a0\u00bb custom_padding=\u00a0\u00bb0px|||||\u00a0\u00bb hover_enabled=\u00a0\u00bb0&Prime; global_colors_info=\u00a0\u00bb{}\u00a0\u00bb sticky_enabled=\u00a0\u00bb0&Prime;]<\/p>\n<p><strong>\u00a0<\/strong><\/p>\n<p style=\"text-align: justify;\">Les archives publiques jouent un r\u00f4le essentiel dans l\u2019administration, car elles garantissent la transparence, la redevabilit\u00e9 et la pr\u00e9servation de la m\u00e9moire des d\u00e9cisions publiques.<\/p>\n<p>Le Service r\u00e9gional des Archives de Dakar a \u00e9t\u00e9 cr\u00e9\u00e9 \u00e0 la suite du Comit\u00e9 r\u00e9gional de d\u00e9veloppement (CRD) sur les archives du 18 mars 1982, par arr\u00eat\u00e9 du Gouverneur du Cap-Vert n\u00b0147\/GCV\/AA du 13 avril 1982, dans le cadre de la d\u00e9centralisation, afin de mieux r\u00e9pondre aux besoins des services d\u00e9concentr\u00e9s et des citoyens de la r\u00e9gion.<\/p>\n<p><strong>Adresse \/ Localisation :<\/strong> Le Service r\u00e9gional des Archives de Dakar est log\u00e9 au 1\u1d49\u02b3 \u00e9tage de la Pr\u00e9fecture de Dakar, sise \u00e0 la Place de l\u2019Ind\u00e9pendance<\/p>\n<p>[\/et_pb_text][\/et_pb_column][et_pb_column type=\u00a0\u00bb1_2&Prime; _builder_version=\u00a0\u00bb4.22.0&Prime; _module_preset=\u00a0\u00bbdefault\u00a0\u00bb global_colors_info=\u00a0\u00bb{}\u00a0\u00bb][et_pb_image src=\u00a0\u00bbhttp:\/\/archivesdusenegal.gouv.sn\/wp-content\/uploads\/2025\/07\/dakar-005-1.jpg\u00a0\u00bb title_text=\u00a0\u00bbdakar-005 (1)\u00a0\u00bb _builder_version=\u00a0\u00bb4.22.0&Prime; _module_preset=\u00a0\u00bbdefault\u00a0\u00bb border_radii=\u00a0\u00bbon|10px|10px|10px|10px\u00a0\u00bb global_colors_info=\u00a0\u00bb{}\u00a0\u00bb][\/et_pb_image][\/et_pb_column][\/et_pb_row][et_pb_row _builder_version=\u00a0\u00bb4.22.0&Prime; _module_preset=\u00a0\u00bbdefault\u00a0\u00bb global_colors_info=\u00a0\u00bb{}\u00a0\u00bb][et_pb_column type=\u00a0\u00bb4_4&Prime; _builder_version=\u00a0\u00bb4.22.0&Prime; _module_preset=\u00a0\u00bbdefault\u00a0\u00bb global_colors_info=\u00a0\u00bb{}\u00a0\u00bb][et_pb_text _builder_version=\u00a0\u00bb4.22.0&Prime; _module_preset=\u00a0\u00bbdefault\u00a0\u00bb text_font=\u00a0\u00bb|300|||||||\u00a0\u00bb text_text_color=\u00a0\u00bb#000000&Prime; text_font_size=\u00a0\u00bb16px\u00a0\u00bb text_line_height=\u00a0\u00bb1.8em\u00a0\u00bb hover_enabled=\u00a0\u00bb0&Prime; global_colors_info=\u00a0\u00bb{}\u00a0\u00bb sticky_enabled=\u00a0\u00bb0&Prime;]<\/p>\n<p><span style=\"color: #008000;\"><strong>MISSION PRINCIPALE DU SRAD<\/strong><\/span><\/p>\n<p>Conform\u00e9ment \u00e0 l\u2019article 13 du d\u00e9cret n\u00b02006-596 du 10 juillet 2006, ce service remplit, dans la r\u00e9gion, les m\u00eames fonctions que les Archives nationales au niveau central.<\/p>\n<p>Le Service r\u00e9gional a pour missions :<\/p>\n<ul>\n<li>La collecte et la gestion des archives publiques de la r\u00e9gion, du d\u00e9partement et des communes d\u2019arrondissement ;<\/li>\n<li>La conservation et la pr\u00e9servation des documents importants ;<\/li>\n<li>Le classement et la communication des archives ;<\/li>\n<li>La valorisation des archives.<\/li>\n<\/ul>\n<p>Le profil des usagers du Service r\u00e9gional des Archives de Dakar est tr\u00e8s vari\u00e9. On y retrouve notamment :<\/p>\n<ul>\n<li>Le personnel de commandement, pour la consultation des textes l\u00e9gislatifs et r\u00e9glementaires ;<\/li>\n<li>Les \u00e9l\u00e8ves, dans le cadre de leurs expos\u00e9s scolaires ;<\/li>\n<li>Les universitaires nationaux et \u00e9trangers ;<\/li>\n<li>Les citoyens s\u00e9n\u00e9galais \u00e0 la recherche d\u2019actes pour faire valoir leurs droits, notamment fonciers.<\/li>\n<\/ul>\n<p>Le Service r\u00e9gional des Archives de Dakar travaille en \u00e9troite collaboration avec l\u2019ensemble des services d\u00e9concentr\u00e9s de l\u2019\u00c9tat pour une gestion efficace des archives r\u00e9gionales.<\/p>\n<p>&nbsp;<\/p>\n<p><span style=\"color: #008000;\"><strong>FONDS D\u2019ARCHIVES<\/strong><\/span><\/p>\n<p>Le Service r\u00e9gional des Archives de Dakar conserve :<\/p>\n<ul>\n<li>Les archives de l\u2019ancienne Circonscription de Dakar et D\u00e9pendances (1924-1946) ;<\/li>\n<li>Les archives de l\u2019ancienne D\u00e9l\u00e9gation de Dakar (1946-1958) ;<\/li>\n<li>Les archives de l\u2019ancienne R\u00e9gion du Cap-Vert (1958-1984) ;<\/li>\n<li>Les archives de la R\u00e9gion de Dakar (depuis 1984).<\/li>\n<\/ul>\n<p>Un inventaire partiel, portant sur environ <strong>932 dossiers<\/strong>, donne la r\u00e9partition suivante :<\/p>\n<p>&nbsp;<\/p>\n<p><strong>S\u00e9rie A<\/strong><\/p>\n<ul>\n<li>191 dossiers : correspondances g\u00e9n\u00e9rales (d\u00e9part) de l\u2019administration coloniale (118) et du S\u00e9n\u00e9gal ind\u00e9pendant (73).<br \/><em>Dates extr\u00eames : 1949-1970.<\/em><\/li>\n<\/ul>\n<p><strong>S\u00e9rie B\u00a0: Correspondances et divers<\/strong><\/p>\n<ul>\n<li>231 dossiers : indig\u00e9nat, statut fran\u00e7ais, inspection de colonie, syndicats, hospices de vieillards, drapeaux et embl\u00e8mes, agents d\u2019affaires, \u00e9crivains publics, pharmacie, travaux, inondations, Port de Dakar, consulats, protection sociale, code de la nationalit\u00e9 fran\u00e7aise, secours et subventions, m\u00e9tis, autochtones abandonn\u00e9s, sinistr\u00e9s, Assembl\u00e9e territoriale, sapeurs-pompiers, photographies, presse, coop\u00e9ratives, tombola, loterie, d\u00e9linquance, hygi\u00e8ne, radio, justice, enseignement, sant\u00e9, banque, voyage du G\u00e9n\u00e9ral de Gaulle, Union nationale des Laob\u00e9s, F\u00e9d\u00e9ration du Mali, f\u00eate de l\u2019ind\u00e9pendance, municipalit\u00e9, \u00e9clairage public, plan directeur du Cap-Vert.<br \/><em>Dates extr\u00eames : 1934-1969.<\/em><\/li>\n<\/ul>\n<p><strong>S\u00e9rie C\u00a0: Affaires domaniales<\/strong><\/p>\n<ul>\n<li>274 dossiers<em><br \/>Dates extr\u00eames : 1935-1966.<\/em><\/li>\n<\/ul>\n<p><strong>S\u00e9rie D\u00a0: Administration g\u00e9n\u00e9rale<\/strong><\/p>\n<ul>\n<li>115 dossiers, r\u00e9partis en sous-s\u00e9ries :<\/li>\n<li><strong>1D <\/strong>(45 dossiers) : permis de conduire, associations, prisons, \u00e9migration, prostitution, circulation, manifestations culturelles et religieuses, justice, cartes d\u2019identit\u00e9 et visas d\u2019entr\u00e9e.<br \/><em>1922-1971.<\/em><\/li>\n<li><strong>2D <\/strong>(13 dossiers) : naturalisation.<br \/><em>1939-1962.<\/em><\/li>\n<li><strong>3D <\/strong>(35 dossiers) : demandes de permis de d\u00e9tention d\u2019armes \u00e0 feu et autorisations d\u2019importation de munitions.<\/li>\n<\/ul>\n<p><em>1949-1960.<\/em><\/p>\n<ul>\n<li><strong>4D <\/strong>(39 dossiers) : h\u00f4tels, restaurants, bars, dancing, caf\u00e9s, d\u00e9bits de boissons.<br \/><em>1925-1967.<\/em><\/li>\n<li><strong>5D <\/strong>(23 dossiers) : renseignements g\u00e9n\u00e9raux.<br \/><em>1945-1967.<\/em><\/li>\n<\/ul>\n<p><strong>Autres s\u00e9ries<\/strong><\/p>\n<ul>\n<li><strong>S\u00e9rie E (<\/strong>37 dossiers)\u00a0: Affaires militaires (1940-1969)<\/li>\n<li><strong>S\u00e9rie F <\/strong>(24 dossiers)\u00a0: \u00c9lections (1951-1957)<\/li>\n<li><strong>S\u00e9rie G <\/strong>(22 dossiers<strong>)<\/strong> : Avis de d\u00e9c\u00e8s europ\u00e9ens et indig\u00e8nes, recensement, \u00e9tat civil, mariages, transferts de restes mortels (1946-1969)<\/li>\n<li><strong>S\u00e9rie H <\/strong>(14 dossiers)\u00a0: Enseignement (1947-1973)<\/li>\n<li><strong>S\u00e9rie I <\/strong>(24 dossiers)\u00a0: Affaires coutumi\u00e8res, collectivit\u00e9 l\u00e9bou, c\u00e9r\u00e9monies musulmanes, catholiques et protestantes (1939-1968)<\/li>\n<\/ul>\n<p>Le fonds du Service r\u00e9gional des Archives de Dakar est estim\u00e9 \u00e0 99 m\u00e8tres lin\u00e9aires, conserv\u00e9s dans un local de 20 m\u00b2.<\/p>\n<p>Le travail d\u2019inventaire et de r\u00e9gularisation se poursuit, ce qui rend difficile l\u2019estimation exacte du volume lin\u00e9aire total.<\/p>\n<p><span style=\"color: #008000;\"><strong>ACTIVIT\u00c9S ET R\u00c9ALISATIONS<\/strong><\/span><\/p>\n<p>Sur invitation du Gouverneur de la R\u00e9gion de Dakar, le Chef du Service r\u00e9gional des Archives de Dakar participe aux diff\u00e9rentes r\u00e9unions du Comit\u00e9 r\u00e9gional de d\u00e9veloppement (CRD).<\/p>\n<p>Le Service r\u00e9gional des Archives dispose d\u2019instruments de recherche, notamment :<\/p>\n<ul>\n<li><strong>La s\u00e9rie 5D<\/strong>, enti\u00e8rement num\u00e9ris\u00e9e. Elle constitue une source incontournable pour l\u2019histoire du S\u00e9n\u00e9gal.<\/li>\n<li><strong>La s\u00e9rie C\u00a0: <\/strong>Affaires domaniales, enti\u00e8rement num\u00e9ris\u00e9e.<\/li>\n<li><strong>Les dossiers des associations <\/strong>(1997-2023), num\u00e9ris\u00e9s.<\/li>\n<\/ul>\n<p>Parmi les documents les plus consult\u00e9s, la s\u00e9rie C (affaires domaniales) arrive en t\u00eate en raison des probl\u00e9matiques fonci\u00e8res et des successions \u00e0 Dakar. S\u2019y ajoutent les nombreuses demandes d\u2019assistance formul\u00e9es par les chefs de service.<\/p>\n<p><span style=\"color: #008000;\"><strong>PARTENAIRES INSTITUTIONNELS OU TECHNIQUES<\/strong><\/span><\/p>\n<p>Le Service r\u00e9gional collabore \u00e9troitement avec la DSCOS (Direction de la Surveillance et du Contr\u00f4le de l\u2019Occupation du Sol).<\/p>\n<p>&nbsp;<\/p>\n<p>[\/et_pb_text][\/et_pb_column][\/et_pb_row][\/et_pb_section]<\/p>\n","protected":false},"excerpt":{"rendered":"<p>Pr\u00e9sentation\u00a0\u00a0 Les archives publiques jouent un r\u00f4le essentiel dans l\u2019administration, car elles garantissent la transparence, la redevabilit\u00e9 et la pr\u00e9servation de la m\u00e9moire des d\u00e9cisions publiques. Le Service r\u00e9gional des Archives de Dakar a \u00e9t\u00e9 cr\u00e9\u00e9 \u00e0 la suite du Comit\u00e9 r\u00e9gional de d\u00e9veloppement (CRD) sur les archives du 18 mars 1982, par arr\u00eat\u00e9 du [&hellip;]<\/p>\n","protected":false},"author":3,"featured_media":0,"parent":0,"menu_order":0,"comment_status":"closed","ping_status":"closed","template":"","meta":{"_et_pb_use_builder":"on","_et_pb_old_content":"<!-- wp:divi\/placeholder \/-->","_et_gb_content_width":"","footnotes":""},"class_list":["post-761","page","type-page","status-publish","hentry"],"_links":{"self":[{"href":"https:\/\/archivesdusenegal.gouv.sn\/index.php?rest_route=\/wp\/v2\/pages\/761","targetHints":{"allow":["GET"]}}],"collection":[{"href":"https:\/\/archivesdusenegal.gouv.sn\/index.php?rest_route=\/wp\/v2\/pages"}],"about":[{"href":"https:\/\/archivesdusenegal.gouv.sn\/index.php?rest_route=\/wp\/v2\/types\/page"}],"author":[{"embeddable":true,"href":"https:\/\/archivesdusenegal.gouv.sn\/index.php?rest_route=\/wp\/v2\/users\/3"}],"replies":[{"embeddable":true,"href":"https:\/\/archivesdusenegal.gouv.sn\/index.php?rest_route=%2Fwp%2Fv2%2Fcomments&post=761"}],"version-history":[{"count":18,"href":"https:\/\/archivesdusenegal.gouv.sn\/index.php?rest_route=\/wp\/v2\/pages\/761\/revisions"}],"predecessor-version":[{"id":2712,"href":"https:\/\/archivesdusenegal.gouv.sn\/index.php?rest_route=\/wp\/v2\/pages\/761\/revisions\/2712"}],"wp:attachment":[{"href":"https:\/\/archivesdusenegal.gouv.sn\/index.php?rest_route=%2Fwp%2Fv2%2Fmedia&parent=761"}],"curies":[{"name":"wp","href":"https:\/\/api.w.org\/{rel}","templated":true}]}}