{"id":763,"date":"2024-06-10T09:41:45","date_gmt":"2024-06-10T09:41:45","guid":{"rendered":"https:\/\/archivesdusenegal.gouv.sn\/?page_id=763"},"modified":"2025-11-16T18:41:47","modified_gmt":"2025-11-16T18:41:47","slug":"region-de-thies","status":"publish","type":"page","link":"https:\/\/archivesdusenegal.gouv.sn\/?page_id=763","title":{"rendered":"R\u00e9gion de Thi\u00e8s"},"content":{"rendered":"<p>[et_pb_section fb_built=\u00a0\u00bb1&Prime; custom_padding_last_edited=\u00a0\u00bbon|phone\u00a0\u00bb admin_label=\u00a0\u00bbHeader\u00a0\u00bb _builder_version=\u00a0\u00bb4.22.0&Prime; _module_preset=\u00a0\u00bb9f97f4d0-146a-4c3c-8d74-084854d5c783&Prime; background_enable_color=\u00a0\u00bboff\u00a0\u00bb background_color_gradient_direction=\u00a0\u00bb73deg\u00a0\u00bb background_color_gradient_stops=\u00a0\u00bb#000000 52%|rgba(0,0,0,0.3) 79%\u00a0\u00bb background_image=\u00a0\u00bbhttp:\/\/archivesdusenegal.gouv.sn\/wp-content\/uploads\/2025\/07\/Thies-chemin-de-fer.jpg\u00a0\u00bb background_size=\u00a0\u00bbinitial\u00a0\u00bb background_position=\u00a0\u00bbcenter_right\u00a0\u00bb custom_padding=\u00a0\u00bb3vw||16px||false|false\u00a0\u00bb custom_padding_tablet=\u00a0\u00bb20vw||0px||false|false\u00a0\u00bb custom_padding_phone=\u00a0\u00bb20vw||0px||false|false\u00a0\u00bb global_colors_info=\u00a0\u00bb{}\u00a0\u00bb][et_pb_row _builder_version=\u00a0\u00bb4.25.2&Prime; _module_preset=\u00a0\u00bb711e1c36-a54e-423c-be1b-b2dd447201f1&Prime; custom_margin=\u00a0\u00bb14px|auto|33px|auto||\u00a0\u00bb custom_padding=\u00a0\u00bb||32px|||\u00a0\u00bb global_colors_info=\u00a0\u00bb{}\u00a0\u00bb][et_pb_column type=\u00a0\u00bb4_4&Prime; _builder_version=\u00a0\u00bb4.25.2&Prime; _module_preset=\u00a0\u00bbdefault\u00a0\u00bb global_colors_info=\u00a0\u00bb{}\u00a0\u00bb][et_pb_heading title=\u00a0\u00bbSERVICE REGIONAL DES ARCHIVES DE THIES (SRAT)\u00a0\u00bb _builder_version=\u00a0\u00bb4.22.0&Prime; _module_preset=\u00a0\u00bbe1f419ce-7e16-4bc7-bdea-2e894a7f2a77&Prime; title_text_color=\u00a0\u00bb#FFFFFF\u00a0\u00bb title_font_size=\u00a0\u00bb19px\u00a0\u00bb max_width=\u00a0\u00bb1080px\u00a0\u00bb module_alignment=\u00a0\u00bbcenter\u00a0\u00bb global_colors_info=\u00a0\u00bb{}\u00a0\u00bb][\/et_pb_heading][\/et_pb_column][\/et_pb_row][\/et_pb_section][et_pb_section fb_built=\u00a0\u00bb1&Prime; _builder_version=\u00a0\u00bb4.22.0&Prime; _module_preset=\u00a0\u00bbdefault\u00a0\u00bb background_image=\u00a0\u00bbhttp:\/\/archivesdusenegal.gouv.sn\/wp-content\/uploads\/2024\/05\/seafood-restaurant-22.png\u00a0\u00bb background_size=\u00a0\u00bbinitial\u00a0\u00bb background_position=\u00a0\u00bbbottom_left\u00a0\u00bb background_horizontal_offset=\u00a0\u00bb-43%\u00a0\u00bb width=\u00a0\u00bb100%\u00a0\u00bb custom_padding=\u00a0\u00bb37px|0px||||\u00a0\u00bb global_colors_info=\u00a0\u00bb{}\u00a0\u00bb][et_pb_row column_structure=\u00a0\u00bb1_2,1_2&Prime; _builder_version=\u00a0\u00bb4.22.0&Prime; _module_preset=\u00a0\u00bbdefault\u00a0\u00bb global_colors_info=\u00a0\u00bb{}\u00a0\u00bb][et_pb_column type=\u00a0\u00bb1_2&Prime; _builder_version=\u00a0\u00bb4.22.0&Prime; _module_preset=\u00a0\u00bbdefault\u00a0\u00bb global_colors_info=\u00a0\u00bb{}\u00a0\u00bb][et_pb_text _builder_version=\u00a0\u00bb4.22.0&Prime; _module_preset=\u00a0\u00bb07b3c521-fd43-41f8-bd4f-fdfd05974062&Prime; text_font=\u00a0\u00bbInter|600||on|||||\u00a0\u00bb text_text_color=\u00a0\u00bb#00853F\u00a0\u00bb max_width=\u00a0\u00bb625px\u00a0\u00bb custom_margin=\u00a0\u00bb||12px|||\u00a0\u00bb custom_padding=\u00a0\u00bb|||10px|false|false\u00a0\u00bb border_width_left=\u00a0\u00bb3px\u00a0\u00bb border_color_left=\u00a0\u00bb#00853F\u00a0\u00bb global_colors_info=\u00a0\u00bb{}\u00a0\u00bb]<\/p>\n<p style=\"text-align: justify;\">Pr\u00e9sentation\u00a0<\/p>\n<p>[\/et_pb_text][et_pb_text _builder_version=\u00a0\u00bb4.22.0&Prime; _module_preset=\u00a0\u00bb07b3c521-fd43-41f8-bd4f-fdfd05974062&Prime; text_font=\u00a0\u00bb|300|||||||\u00a0\u00bb text_text_color=\u00a0\u00bb#000000&Prime; text_line_height=\u00a0\u00bb180.8%\u00a0\u00bb max_width=\u00a0\u00bb625px\u00a0\u00bb min_height=\u00a0\u00bb1600.2px\u00a0\u00bb custom_padding=\u00a0\u00bb0px|||||\u00a0\u00bb global_colors_info=\u00a0\u00bb{}\u00a0\u00bb]<\/p>\n<p><strong>\u00a0<\/strong>La r\u00e9gion de Thi\u00e8s s\u2019est toujours illustr\u00e9e \u00e0 l\u2019avant-garde des r\u00e9formes administratives depuis 1960. Elle regroupe l\u2019ensemble des services d\u00e9concentr\u00e9s de l\u2019\u00c9tat. Dans ce contexte, un archivage rigoureux constitue un outil indispensable pour une gestion optimale de l\u2019information, facilitant la recherche et la consultation rapides des documents n\u00e9cessaires au fonctionnement quotidien de l\u2019administration publique.<\/p>\n<p>L\u2019existence d\u2019un Service r\u00e9gional des Archives contribue ainsi pleinement \u00e0 l\u2019efficacit\u00e9 administrative. Les archives conservent la m\u00e9moire de la r\u00e9gion, de son histoire, de ses politiques publiques et de la vie des populations. Elles jouent un r\u00f4le essentiel dans l\u2019information du public, en favorisant la transparence et la bonne gouvernance.<\/p>\n<p>C\u2019est dans ce contexte de prise de conscience des enjeux documentaires pour l\u2019administration et ses usagers que la Direction des Archives nationales a envoy\u00e9 une mission d\u2019archives pour traiter les documents en souffrance. \u00c0 la faveur de la promulgation de la loi n\u00b081-02 du 2 f\u00e9vrier 1981 sur les archives (aujourd\u2019hui abrog\u00e9e) et de la continuit\u00e9 de cette mission, le Service r\u00e9gional des Archives de Thi\u00e8s a \u00e9t\u00e9 officiellement cr\u00e9\u00e9 en 1984.<\/p>\n<p><strong>Adresse \/ Localisation :<\/strong> Enceinte de la Gouvernance de Thi\u00e8s, Avenue Lat Dior \u2013 Escale Sud, Thi\u00e8s.<\/p>\n<p><span style=\"color: #008000;\"><strong>MISSIONS PRINCIPALES<\/strong><\/span><\/p>\n<ul>\n<li>La collecte : Le service est charg\u00e9 de recueillir les archives publiques produites par les services d\u00e9concentr\u00e9s, les collectivit\u00e9s territoriales et les projets de l\u2019\u00c9tat.<\/li>\n<li>Le traitement : Il consiste \u00e0 trier, classer et d\u00e9crire les documents collect\u00e9s afin de les rendre consultables.<\/li>\n<li>La conservation : Le service assure la pr\u00e9servation physique des archives dans des locaux adapt\u00e9s, garantissant des conditions optimales (temp\u00e9rature, humidit\u00e9, conditionnement et restauration si n\u00e9cessaire).<\/li>\n<li>La communication et la valorisation<strong> :<\/strong><\/li>\n<\/ul>\n<p>Les archives sont mises \u00e0 la disposition du public, dans le respect des d\u00e9lais l\u00e9gaux de communicabilit\u00e9, pour des recherches administratives, historiques ou scientifiques.<br \/>Le service participe \u00e9galement \u00e0 la diffusion culturelle et \u00e0 la mise en valeur du patrimoine documentaire par des expositions, ateliers p\u00e9dagogiques, conf\u00e9rences et publications, contribuant \u00e0 la transmission de la m\u00e9moire collective.<\/p>\n<ul>\n<li>Le contr\u00f4le et le conseil :<br \/>Le service accompagne les services producteurs d\u2019archives en leur apportant un appui technique pour une meilleure gestion de leurs documents.<\/li>\n<\/ul>\n<p>&nbsp;<\/p>\n<p>&nbsp;<\/p>\n<p>&nbsp;<\/p>\n<p>[\/et_pb_text][\/et_pb_column][et_pb_column type=\u00a0\u00bb1_2&Prime; _builder_version=\u00a0\u00bb4.22.0&Prime; _module_preset=\u00a0\u00bbdefault\u00a0\u00bb global_colors_info=\u00a0\u00bb{}\u00a0\u00bb][et_pb_image src=\u00a0\u00bbhttp:\/\/archivesdusenegal.gouv.sn\/wp-content\/uploads\/2025\/07\/Thies-3.jpg\u00a0\u00bb title_text=\u00a0\u00bbThies (3)\u00a0\u00bb _builder_version=\u00a0\u00bb4.22.0&Prime; _module_preset=\u00a0\u00bbdefault\u00a0\u00bb min_height=\u00a0\u00bb349px\u00a0\u00bb hover_enabled=\u00a0\u00bb0&Prime; border_radii=\u00a0\u00bbon|10px|10px|10px|10px\u00a0\u00bb global_colors_info=\u00a0\u00bb{}\u00a0\u00bb force_fullwidth=\u00a0\u00bbon\u00a0\u00bb sticky_enabled=\u00a0\u00bb0&Prime;][\/et_pb_image][et_pb_text _builder_version=\u00a0\u00bb4.22.0&Prime; _module_preset=\u00a0\u00bbdefault\u00a0\u00bb text_font=\u00a0\u00bb|300|||||||\u00a0\u00bb text_text_color=\u00a0\u00bb#000000&Prime; text_font_size=\u00a0\u00bb16px\u00a0\u00bb text_line_height=\u00a0\u00bb1.8em\u00a0\u00bb global_colors_info=\u00a0\u00bb{}\u00a0\u00bb]<\/p>\n<p><span style=\"color: #008000;\"><strong>CONTENU DU FONDS D\u2019ARCHIVES<\/strong><\/span><\/p>\n<p>Les documents conserv\u00e9s au d\u00e9p\u00f4t et dans le bureau de l\u2019archiviste proviennent principalement des services r\u00e9gionaux et de la Gouvernance de Thi\u00e8s.<\/p>\n<p>Ils sont compos\u00e9s de :<\/p>\n<ul>\n<li>Correspondances (lettres, messages-RAC, rapports, proc\u00e8s-verbaux, comptes rendus, etc.) ;<\/li>\n<li>Tableaux statistiques ;<\/li>\n<li>Ordres de mission ;<\/li>\n<li>Arr\u00eat\u00e9s ;<\/li>\n<li>D\u00e9cisions ;<\/li>\n<li><\/li>\n<\/ul>\n<p>Collections conserv\u00e9es :<\/p>\n<ul>\n<li>Journal officiel de la R\u00e9publique du S\u00e9n\u00e9gal : 1960 \u2013 2020<\/li>\n<li>Journal <em>Le Soleil<\/em> : 2003 \u2013 2025<\/li>\n<\/ul>\n<p>Le volume des archives conserv\u00e9es au SRAT est estim\u00e9 \u00e0 54 m\u00e8tres lin\u00e9aires.<\/p>\n<p><span style=\"color: #008000;\"><strong>ACTIVIT\u00c9S ET R\u00c9ALISATIONS<\/strong><\/span><\/p>\n<p>Le centre d\u2019int\u00e9r\u00eat principal pour l\u2019administration porte sur la consultation du Journal officiel, notamment pour des sujets tels que :<\/p>\n<ul>\n<li>La Constitution ;<\/li>\n<li>Les r\u00e9unions publiques ;<\/li>\n<li>Le parcours du b\u00e9tail ;<\/li>\n<li>Les cong\u00e9s et permissions ;<\/li>\n<li>Les \u00e9lections ;<\/li>\n<li>Les statuts particuliers des corps de la fonction publique ;<\/li>\n<li>La passation de service ;<\/li>\n<li>L\u2019ordre de pr\u00e9s\u00e9ance, etc.<\/li>\n<\/ul>\n<p>Les enseignants utilisent fr\u00e9quemment le service pour pr\u00e9parer leurs le\u00e7ons. Leurs sujets de recherche, comme ceux des \u00e9l\u00e8ves, concernent notamment :<\/p>\n<ul>\n<li>Le Code \u00e9lectoral ;<\/li>\n<li>Les attributions des autorit\u00e9s administratives et politiques (Maire, Pr\u00e9fet, Gouverneur) ;<\/li>\n<li>Les donn\u00e9es g\u00e9ographiques et historiques de la r\u00e9gion.<\/li>\n<\/ul>\n<p>Les citoyens, quant \u00e0 eux, consultent les archives pour des pr\u00e9occupa- tions diverses : fonds de garantie automobile, listes des gouverneurs, coop\u00e9ratives d\u2019habitat, chemin de fer, entre autres.<\/p>\n<p>Le journal Le Soleil constitue \u00e9galement une source tr\u00e8s consult\u00e9e, notamment pour :<\/p>\n<ul>\n<li>Les offres d\u2019emploi ;<\/li>\n<li>Les concours ;<\/li>\n<li>Les compositions des nouveaux gouvernements.<\/li>\n<\/ul>\n<p>Enfin, les documents d\u2019archives communicables sont demand\u00e9s par les \u00e9tudiants et les chercheurs particuli\u00e8rement.<\/p>\n<p>&nbsp;<\/p>\n<p>[\/et_pb_text][\/et_pb_column][\/et_pb_row][\/et_pb_section]<\/p>\n","protected":false},"excerpt":{"rendered":"<p>Pr\u00e9sentation\u00a0\u00a0La r\u00e9gion de Thi\u00e8s s\u2019est toujours illustr\u00e9e \u00e0 l\u2019avant-garde des r\u00e9formes administratives depuis 1960. Elle regroupe l\u2019ensemble des services d\u00e9concentr\u00e9s de l\u2019\u00c9tat. Dans ce contexte, un archivage rigoureux constitue un outil indispensable pour une gestion optimale de l\u2019information, facilitant la recherche et la consultation rapides des documents n\u00e9cessaires au fonctionnement quotidien de l\u2019administration publique. L\u2019existence [&hellip;]<\/p>\n","protected":false},"author":3,"featured_media":0,"parent":0,"menu_order":0,"comment_status":"closed","ping_status":"closed","template":"","meta":{"_et_pb_use_builder":"on","_et_pb_old_content":"<!-- wp:divi\/placeholder \/-->","_et_gb_content_width":"","footnotes":""},"class_list":["post-763","page","type-page","status-publish","hentry"],"_links":{"self":[{"href":"https:\/\/archivesdusenegal.gouv.sn\/index.php?rest_route=\/wp\/v2\/pages\/763","targetHints":{"allow":["GET"]}}],"collection":[{"href":"https:\/\/archivesdusenegal.gouv.sn\/index.php?rest_route=\/wp\/v2\/pages"}],"about":[{"href":"https:\/\/archivesdusenegal.gouv.sn\/index.php?rest_route=\/wp\/v2\/types\/page"}],"author":[{"embeddable":true,"href":"https:\/\/archivesdusenegal.gouv.sn\/index.php?rest_route=\/wp\/v2\/users\/3"}],"replies":[{"embeddable":true,"href":"https:\/\/archivesdusenegal.gouv.sn\/index.php?rest_route=%2Fwp%2Fv2%2Fcomments&post=763"}],"version-history":[{"count":13,"href":"https:\/\/archivesdusenegal.gouv.sn\/index.php?rest_route=\/wp\/v2\/pages\/763\/revisions"}],"predecessor-version":[{"id":2582,"href":"https:\/\/archivesdusenegal.gouv.sn\/index.php?rest_route=\/wp\/v2\/pages\/763\/revisions\/2582"}],"wp:attachment":[{"href":"https:\/\/archivesdusenegal.gouv.sn\/index.php?rest_route=%2Fwp%2Fv2%2Fmedia&parent=763"}],"curies":[{"name":"wp","href":"https:\/\/api.w.org\/{rel}","templated":true}]}}