{"id":767,"date":"2024-06-10T09:45:31","date_gmt":"2024-06-10T09:45:31","guid":{"rendered":"https:\/\/archivesdusenegal.gouv.sn\/?page_id=767"},"modified":"2025-11-16T18:55:10","modified_gmt":"2025-11-16T18:55:10","slug":"region-de-kaolack","status":"publish","type":"page","link":"https:\/\/archivesdusenegal.gouv.sn\/?page_id=767","title":{"rendered":"R\u00e9gion de Kaolack"},"content":{"rendered":"<p>[et_pb_section fb_built=\u00a0\u00bb1&Prime; custom_padding_last_edited=\u00a0\u00bbon|phone\u00a0\u00bb admin_label=\u00a0\u00bbHeader\u00a0\u00bb _builder_version=\u00a0\u00bb4.22.0&Prime; _module_preset=\u00a0\u00bb9f97f4d0-146a-4c3c-8d74-084854d5c783&Prime; background_enable_color=\u00a0\u00bboff\u00a0\u00bb background_color_gradient_direction=\u00a0\u00bb73deg\u00a0\u00bb background_color_gradient_stops=\u00a0\u00bb#000000 52%|rgba(0,0,0,0.3) 79%\u00a0\u00bb background_image=\u00a0\u00bbhttp:\/\/archivesdusenegal.gouv.sn\/wp-content\/uploads\/2025\/07\/Kaolack.jpg\u00a0\u00bb background_position=\u00a0\u00bbcenter_right\u00a0\u00bb custom_padding=\u00a0\u00bb3vw||16px||false|false\u00a0\u00bb custom_padding_tablet=\u00a0\u00bb20vw||0px||false|false\u00a0\u00bb custom_padding_phone=\u00a0\u00bb20vw||0px||false|false\u00a0\u00bb global_colors_info=\u00a0\u00bb{}\u00a0\u00bb][et_pb_row _builder_version=\u00a0\u00bb4.25.2&Prime; _module_preset=\u00a0\u00bb711e1c36-a54e-423c-be1b-b2dd447201f1&Prime; custom_margin=\u00a0\u00bb14px|auto|33px|auto||\u00a0\u00bb custom_padding=\u00a0\u00bb||32px|||\u00a0\u00bb global_colors_info=\u00a0\u00bb{}\u00a0\u00bb][et_pb_column type=\u00a0\u00bb4_4&Prime; _builder_version=\u00a0\u00bb4.25.2&Prime; _module_preset=\u00a0\u00bbdefault\u00a0\u00bb global_colors_info=\u00a0\u00bb{}\u00a0\u00bb][et_pb_heading title=\u00a0\u00bbSERVICE REGIONAL DES ARCHIVES DE KAOLACK (SRAS)\u00a0\u00bb _builder_version=\u00a0\u00bb4.22.0&Prime; _module_preset=\u00a0\u00bbe1f419ce-7e16-4bc7-bdea-2e894a7f2a77&Prime; title_text_color=\u00a0\u00bb#FFFFFF\u00a0\u00bb title_font_size=\u00a0\u00bb19px\u00a0\u00bb max_width=\u00a0\u00bb1080px\u00a0\u00bb module_alignment=\u00a0\u00bbcenter\u00a0\u00bb global_colors_info=\u00a0\u00bb{}\u00a0\u00bb][\/et_pb_heading][\/et_pb_column][\/et_pb_row][\/et_pb_section][et_pb_section fb_built=\u00a0\u00bb1&Prime; _builder_version=\u00a0\u00bb4.22.0&Prime; _module_preset=\u00a0\u00bbdefault\u00a0\u00bb background_image=\u00a0\u00bbhttp:\/\/archivesdusenegal.gouv.sn\/wp-content\/uploads\/2024\/05\/seafood-restaurant-22.png\u00a0\u00bb background_size=\u00a0\u00bbinitial\u00a0\u00bb background_position=\u00a0\u00bbbottom_left\u00a0\u00bb background_horizontal_offset=\u00a0\u00bb-43%\u00a0\u00bb custom_padding=\u00a0\u00bb37px|||||\u00a0\u00bb global_colors_info=\u00a0\u00bb{}\u00a0\u00bb][et_pb_row column_structure=\u00a0\u00bb1_2,1_2&Prime; _builder_version=\u00a0\u00bb4.22.0&Prime; _module_preset=\u00a0\u00bbdefault\u00a0\u00bb global_colors_info=\u00a0\u00bb{}\u00a0\u00bb][et_pb_column type=\u00a0\u00bb1_2&Prime; _builder_version=\u00a0\u00bb4.22.0&Prime; _module_preset=\u00a0\u00bbdefault\u00a0\u00bb global_colors_info=\u00a0\u00bb{}\u00a0\u00bb][et_pb_text _builder_version=\u00a0\u00bb4.22.0&Prime; _module_preset=\u00a0\u00bb07b3c521-fd43-41f8-bd4f-fdfd05974062&Prime; text_font=\u00a0\u00bbInter|600||on|||||\u00a0\u00bb text_text_color=\u00a0\u00bb#00853F\u00a0\u00bb max_width=\u00a0\u00bb625px\u00a0\u00bb custom_margin=\u00a0\u00bb||12px|||\u00a0\u00bb custom_padding=\u00a0\u00bb|||10px|false|false\u00a0\u00bb border_width_left=\u00a0\u00bb3px\u00a0\u00bb border_color_left=\u00a0\u00bb#00853F\u00a0\u00bb global_colors_info=\u00a0\u00bb{}\u00a0\u00bb]<\/p>\n<p style=\"text-align: justify;\">Pr\u00e9sentation\u00a0<\/p>\n<p>[\/et_pb_text][et_pb_text _builder_version=\u00a0\u00bb4.22.0&Prime; _module_preset=\u00a0\u00bb07b3c521-fd43-41f8-bd4f-fdfd05974062&Prime; max_width=\u00a0\u00bb625px\u00a0\u00bb hover_enabled=\u00a0\u00bb0&Prime; global_colors_info=\u00a0\u00bb{}\u00a0\u00bb text_font=\u00a0\u00bb|300|||||||\u00a0\u00bb text_text_color=\u00a0\u00bb#000000&Prime; sticky_enabled=\u00a0\u00bb0&Prime;]<\/p>\n<div class=\"et_pb_module et_pb_text et_pb_text_8  et_pb_text_align_left et_pb_bg_layout_light\">\n<div class=\"et_pb_text_inner\">\n<p>Le d\u00e9cret n\u00b02006-596 portant organisation et fonctionnement de la Direction des Archives du S\u00e9n\u00e9gal d\u00e9finit le r\u00f4le des archives dans l\u2019administration. Ainsi, le Service r\u00e9gional des Archives remplit, dans la r\u00e9gion, les m\u00eames fonctions que celles exerc\u00e9es au niveau national par les Archives nationales, conform\u00e9ment \u00e0 l\u2019article 7 du d\u00e9cret pr\u00e9cit\u00e9 \u00e0 savoir :<\/p>\n<p>Le Service r\u00e9gional des Archives contr\u00f4le les archives des collectivit\u00e9s locales, des \u00e9tablissements publics, des soci\u00e9t\u00e9s \u00e0 participation publique soumises au contr\u00f4le de l\u2019\u00c9tat, des organismes priv\u00e9s charg\u00e9s de la gestion d\u2019un service public ou investis d\u2019une mission de service public, ainsi que celles des officiers publics et minist\u00e9riels.<\/p>\n<p>A travers le Chef du service r\u00e9gional des archives, le service joue en outre le r\u00f4le de conseil aupr\u00e8s des autorit\u00e9s administratives, sur toutes les questions relatives aux archives (classement, conservation et \u00e9tablissement d\u2019instrument de recherche etc.)<\/p>\n<p>Le Service r\u00e9gional des Archives de Kaolack a \u00e9t\u00e9 cr\u00e9\u00e9 en <strong>1984<\/strong>.<br \/><strong>Adresse\/Localisation\u00a0: <\/strong>il est situ\u00e9 dans l\u2019enceinte de l\u2019ancienne Gouvernance de la r\u00e9gion de Kaolack, au centre-ville, face \u00e0 la Mairie de Kaolack et au quartier L\u00e9ona.<\/p>\n<p><span style=\"color: #008000;\"><strong>MISSIONS DU SRAK<\/strong><\/span><\/p>\n<p>Les missions du Service r\u00e9gional des Archives de Kaolack se d\u00e9clinent en deux volets : les activit\u00e9s archivistiques et les activit\u00e9s administratives.<\/p>\n<ol>\n<li><strong> Activit\u00e9s archivistiques<\/strong><\/li>\n<\/ol>\n<p>Les principales missions du Service r\u00e9gional des Archives consiste \u00e0 :<\/p>\n<ul>\n<li>Collecter, classer, conserver et communiquer les documents produits par les autorit\u00e9s administratives et locales de la r\u00e9gion ;<\/li>\n<li>Accompagner les autorit\u00e9s dans la prise de d\u00e9cisions administratives n\u00e9cessitant la consultation de lois, d\u00e9crets ou arr\u00eat\u00e9s, en leur fournissant la documentation appropri\u00e9e.<\/li>\n<\/ul>\n<p><em>Exemple : pour prendre certaines d\u00e9cisions ou r\u00e9diger des actes administratifs, les autorit\u00e9s r\u00e9gionales ou locales sollicitent fr\u00e9quemment le Service r\u00e9gional des Archives.<\/em><\/p>\n<ol start=\"2\">\n<li><strong> Activit\u00e9s administratives<\/strong><\/li>\n<\/ol>\n<p>Elles concernent principalement :<\/p>\n<ul>\n<li>La participation du Chef de Service aux diff\u00e9rents Comit\u00e9s r\u00e9gionaux de d\u00e9veloppement (CRD) et aux r\u00e9unions organis\u00e9es au niveau r\u00e9gional ;<\/li>\n<li>La repr\u00e9sentation de la Direction des Archives du S\u00e9n\u00e9gal lors d\u2019activit\u00e9s administratives et socio-culturelles dans la r\u00e9gion.<\/li>\n<\/ul>\n<p>&nbsp;<\/p>\n<p>&nbsp;<\/p>\n<p><strong>\u00a0<\/strong><\/p>\n<p style=\"text-align: justify;\">\n<\/div>\n<\/div>\n<p>[\/et_pb_text][\/et_pb_column][et_pb_column type=\u00a0\u00bb1_2&Prime; _builder_version=\u00a0\u00bb4.22.0&Prime; _module_preset=\u00a0\u00bbdefault\u00a0\u00bb global_colors_info=\u00a0\u00bb{}\u00a0\u00bb][et_pb_image src=\u00a0\u00bbhttp:\/\/archivesdusenegal.gouv.sn\/wp-content\/uploads\/2025\/07\/Capture-de\u0301cran-2025-07-10-a\u0300-10.44.25.png\u00a0\u00bb title_text=\u00a0\u00bbCapture d\u2019e\u0301cran 2025-07-10 a\u0300 10.44.25&Prime; _builder_version=\u00a0\u00bb4.22.0&Prime; _module_preset=\u00a0\u00bbdefault\u00a0\u00bb border_radii=\u00a0\u00bbon|10px|10px|10px|10px\u00a0\u00bb global_colors_info=\u00a0\u00bb{}\u00a0\u00bb][\/et_pb_image][et_pb_text _builder_version=\u00a0\u00bb4.22.0&Prime; _module_preset=\u00a0\u00bb07b3c521-fd43-41f8-bd4f-fdfd05974062&Prime; text_text_color=\u00a0\u00bb#000000&Prime; text_font_size=\u00a0\u00bb15px\u00a0\u00bb max_width=\u00a0\u00bb625px\u00a0\u00bb hover_enabled=\u00a0\u00bb0&Prime; global_colors_info=\u00a0\u00bb{}\u00a0\u00bb sticky_enabled=\u00a0\u00bb0&Prime; text_font=\u00a0\u00bb|300|||||||\u00a0\u00bb]<\/p>\n<p><span style=\"color: #008000;\"><strong>FONDS D\u2019ARCHIVES<\/strong><\/span><\/p>\n<p><span style=\"color: #000000;\">C\u2019est \u00e0 ce niveau qu\u2019il faut regretter les dispositions de l\u2019ancienne loi sur les archives\u00a0: la loi 81-02 du 02 f\u00e9vrier 1981, qui ont \u00e9t\u00e9 \u00e0 l\u2019origine du transfert \u00e0 la Direction des Archives du S\u00e9n\u00e9gal des archives ant\u00e9rieures \u00e0 1958.<\/span><\/p>\n<p><span style=\"color: #000000;\">C\u2019est pour cette raison que le fonds conserv\u00e9 au Service r\u00e9gional des Archives de Kaolack est limit\u00e9.<\/span><\/p>\n<p><span style=\"color: #000000;\">Le fonds est constitu\u00e9 principalement :<\/span><\/p>\n<ul>\n<li><span style=\"color: #000000;\">D\u2019une collection du Journal officiel, couvrant la p\u00e9riode 1887 \u2013 2008 ;<\/span><\/li>\n<li><span style=\"color: #000000;\">D\u2019un versement r\u00e9cent provenant :<\/span><\/li>\n<\/ul>\n<ul>\n<ul>\n<li><span style=\"color: #000000;\">De la Gouvernance,<\/span><\/li>\n<li><span style=\"color: #000000;\">Du Contr\u00f4le r\u00e9gional des finances,<\/span><\/li>\n<li><span style=\"color: #000000;\">Du Service r\u00e9gional des march\u00e9s publics.<\/span><\/li>\n<\/ul>\n<\/ul>\n<p><span style=\"color: #000000;\">Le fonds total repr\u00e9sente <strong>5 m\u00e8tres lin\u00e9aires<\/strong>.<\/span><\/p>\n<p><span style=\"color: #008000;\"><strong>PARTENAIRES INSTITUTIONNELS OU TECHNIQUES<\/strong><\/span><\/p>\n<p><span style=\"color: #000000;\">Les partenaires du Service r\u00e9gional des Archives de Kaolack sont principalement :<\/span><\/p>\n<ul>\n<li><span style=\"color: #000000;\">La Gouvernance de Kaolack ;<\/span><\/li>\n<li><span style=\"color: #000000;\">La Pr\u00e9fecture ;<\/span><\/li>\n<li><span style=\"color: #000000;\">Les Services r\u00e9gionaux ;<\/span><\/li>\n<li><span style=\"color: #000000;\">La Mairie de Kaolack ;<\/span><\/li>\n<li><span style=\"color: #000000;\">Le Conseil d\u00e9partemental ;<\/span><\/li>\n<li><span style=\"color: #000000;\">La Chambre de commerce et d\u2019industrie ;<\/span><\/li>\n<li><span style=\"color: #000000;\">La Chambre des m\u00e9tiers de Kaolack.<\/span><\/li>\n<\/ul>\n<p><span style=\"color: #000000;\">\u00a0<\/span><\/p>\n<p>[\/et_pb_text][\/et_pb_column][\/et_pb_row][\/et_pb_section]<\/p>\n","protected":false},"excerpt":{"rendered":"<p>Pr\u00e9sentation\u00a0 Le d\u00e9cret n\u00b02006-596 portant organisation et fonctionnement de la Direction des Archives du S\u00e9n\u00e9gal d\u00e9finit le r\u00f4le des archives dans l\u2019administration. Ainsi, le Service r\u00e9gional des Archives remplit, dans la r\u00e9gion, les m\u00eames fonctions que celles exerc\u00e9es au niveau national par les Archives nationales, conform\u00e9ment \u00e0 l\u2019article 7 du d\u00e9cret pr\u00e9cit\u00e9 \u00e0 savoir : [&hellip;]<\/p>\n","protected":false},"author":3,"featured_media":0,"parent":0,"menu_order":0,"comment_status":"closed","ping_status":"closed","template":"","meta":{"_et_pb_use_builder":"on","_et_pb_old_content":"<!-- wp:divi\/placeholder \/-->","_et_gb_content_width":"","footnotes":""},"class_list":["post-767","page","type-page","status-publish","hentry"],"_links":{"self":[{"href":"https:\/\/archivesdusenegal.gouv.sn\/index.php?rest_route=\/wp\/v2\/pages\/767","targetHints":{"allow":["GET"]}}],"collection":[{"href":"https:\/\/archivesdusenegal.gouv.sn\/index.php?rest_route=\/wp\/v2\/pages"}],"about":[{"href":"https:\/\/archivesdusenegal.gouv.sn\/index.php?rest_route=\/wp\/v2\/types\/page"}],"author":[{"embeddable":true,"href":"https:\/\/archivesdusenegal.gouv.sn\/index.php?rest_route=\/wp\/v2\/users\/3"}],"replies":[{"embeddable":true,"href":"https:\/\/archivesdusenegal.gouv.sn\/index.php?rest_route=%2Fwp%2Fv2%2Fcomments&post=767"}],"version-history":[{"count":14,"href":"https:\/\/archivesdusenegal.gouv.sn\/index.php?rest_route=\/wp\/v2\/pages\/767\/revisions"}],"predecessor-version":[{"id":2583,"href":"https:\/\/archivesdusenegal.gouv.sn\/index.php?rest_route=\/wp\/v2\/pages\/767\/revisions\/2583"}],"wp:attachment":[{"href":"https:\/\/archivesdusenegal.gouv.sn\/index.php?rest_route=%2Fwp%2Fv2%2Fmedia&parent=767"}],"curies":[{"name":"wp","href":"https:\/\/api.w.org\/{rel}","templated":true}]}}