{"id":771,"date":"2024-06-10T09:46:22","date_gmt":"2024-06-10T09:46:22","guid":{"rendered":"https:\/\/archivesdusenegal.gouv.sn\/?page_id=771"},"modified":"2025-11-16T19:34:55","modified_gmt":"2025-11-16T19:34:55","slug":"region-de-saint-louis","status":"publish","type":"page","link":"https:\/\/archivesdusenegal.gouv.sn\/?page_id=771","title":{"rendered":"R\u00e9gion de Saint Louis"},"content":{"rendered":"<p>[et_pb_section fb_built=\u00a0\u00bb1&Prime; custom_padding_last_edited=\u00a0\u00bbon|phone\u00a0\u00bb admin_label=\u00a0\u00bbHeader\u00a0\u00bb _builder_version=\u00a0\u00bb4.22.0&Prime; _module_preset=\u00a0\u00bb9f97f4d0-146a-4c3c-8d74-084854d5c783&Prime; background_enable_color=\u00a0\u00bboff\u00a0\u00bb background_color_gradient_direction=\u00a0\u00bb73deg\u00a0\u00bb background_color_gradient_stops=\u00a0\u00bb#000000 52%|rgba(0,0,0,0.3) 79%\u00a0\u00bb background_image=\u00a0\u00bbhttp:\/\/archivesdusenegal.gouv.sn\/wp-content\/uploads\/2025\/07\/saint-louis.png\u00a0\u00bb background_size=\u00a0\u00bbinitial\u00a0\u00bb background_position=\u00a0\u00bbcenter_right\u00a0\u00bb custom_padding=\u00a0\u00bb3vw||16px||false|false\u00a0\u00bb custom_padding_tablet=\u00a0\u00bb20vw||0px||false|false\u00a0\u00bb custom_padding_phone=\u00a0\u00bb20vw||0px||false|false\u00a0\u00bb global_colors_info=\u00a0\u00bb{}\u00a0\u00bb][et_pb_row _builder_version=\u00a0\u00bb4.25.2&Prime; _module_preset=\u00a0\u00bb711e1c36-a54e-423c-be1b-b2dd447201f1&Prime; custom_margin=\u00a0\u00bb14px|auto|33px|auto||\u00a0\u00bb custom_padding=\u00a0\u00bb||32px|||\u00a0\u00bb global_colors_info=\u00a0\u00bb{}\u00a0\u00bb][et_pb_column type=\u00a0\u00bb4_4&Prime; _builder_version=\u00a0\u00bb4.25.2&Prime; _module_preset=\u00a0\u00bbdefault\u00a0\u00bb global_colors_info=\u00a0\u00bb{}\u00a0\u00bb][et_pb_heading title=\u00a0\u00bbLE SERVICE REGIONAL DES ARCHIVES DE SAINT-LOUIS (SRAS)     \u00a0\u00bb _builder_version=\u00a0\u00bb4.22.0&Prime; _module_preset=\u00a0\u00bbe1f419ce-7e16-4bc7-bdea-2e894a7f2a77&Prime; title_text_color=\u00a0\u00bb#FFFFFF\u00a0\u00bb title_font_size=\u00a0\u00bb19px\u00a0\u00bb max_width=\u00a0\u00bb1080px\u00a0\u00bb module_alignment=\u00a0\u00bbcenter\u00a0\u00bb global_colors_info=\u00a0\u00bb{}\u00a0\u00bb][\/et_pb_heading][\/et_pb_column][\/et_pb_row][\/et_pb_section][et_pb_section fb_built=\u00a0\u00bb1&Prime; _builder_version=\u00a0\u00bb4.22.0&Prime; _module_preset=\u00a0\u00bbdefault\u00a0\u00bb background_image=\u00a0\u00bbhttp:\/\/archivesdusenegal.gouv.sn\/wp-content\/uploads\/2024\/05\/seafood-restaurant-22.png\u00a0\u00bb background_size=\u00a0\u00bbinitial\u00a0\u00bb background_position=\u00a0\u00bbbottom_left\u00a0\u00bb background_horizontal_offset=\u00a0\u00bb-43%\u00a0\u00bb custom_padding=\u00a0\u00bb37px|||||\u00a0\u00bb global_colors_info=\u00a0\u00bb{}\u00a0\u00bb width=\u00a0\u00bb100%\u00a0\u00bb][et_pb_row column_structure=\u00a0\u00bb1_2,1_2&Prime; _builder_version=\u00a0\u00bb4.22.0&Prime; _module_preset=\u00a0\u00bbdefault\u00a0\u00bb global_colors_info=\u00a0\u00bb{}\u00a0\u00bb][et_pb_column type=\u00a0\u00bb1_2&Prime; _builder_version=\u00a0\u00bb4.22.0&Prime; _module_preset=\u00a0\u00bbdefault\u00a0\u00bb global_colors_info=\u00a0\u00bb{}\u00a0\u00bb][et_pb_text _builder_version=\u00a0\u00bb4.22.0&Prime; _module_preset=\u00a0\u00bb07b3c521-fd43-41f8-bd4f-fdfd05974062&Prime; text_font=\u00a0\u00bbInter|600||on|||||\u00a0\u00bb text_text_color=\u00a0\u00bb#00853F\u00a0\u00bb max_width=\u00a0\u00bb625px\u00a0\u00bb custom_margin=\u00a0\u00bb||12px|||\u00a0\u00bb custom_padding=\u00a0\u00bb|||10px|false|false\u00a0\u00bb border_width_left=\u00a0\u00bb3px\u00a0\u00bb border_color_left=\u00a0\u00bb#00853F\u00a0\u00bb global_colors_info=\u00a0\u00bb{}\u00a0\u00bb]<\/p>\n<p style=\"text-align: justify;\">Pr\u00e9sentation\u00a0<\/p>\n<p>[\/et_pb_text][et_pb_text _builder_version=\u00a0\u00bb4.22.0&Prime; _module_preset=\u00a0\u00bb07b3c521-fd43-41f8-bd4f-fdfd05974062&Prime; max_width=\u00a0\u00bb625px\u00a0\u00bb hover_enabled=\u00a0\u00bb0&Prime; global_colors_info=\u00a0\u00bb{}\u00a0\u00bb text_font=\u00a0\u00bb|300|||||||\u00a0\u00bb text_text_color=\u00a0\u00bb#000000&Prime; sticky_enabled=\u00a0\u00bb0&Prime;]<\/p>\n<div class=\"et_pb_module et_pb_text et_pb_text_8  et_pb_text_align_left et_pb_bg_layout_light\">\n<div class=\"et_pb_text_inner\">\n<p>L\u2019article 1 de la loi 2006-19 du 30 juin 2006 relative aux archives et aux documents administratifs d\u00e9finit les archives comme suit\u00a0: \u00ab\u00a0Les archives sont constitu\u00e9es par l\u2019ensemble des documents, quels qu\u2019en soient la nature, la date, la forme ou le support mat\u00e9riel, produits ou re\u00e7us par une personne physique ou morale dans le cadre de son activit\u00e9 publique ou priv\u00e9e.<\/p>\n<p>Les archives sont soit publiques, soit priv\u00e9es.<\/p>\n<p>Selon leur mode d\u2019utilisation on distingue : Les archives courantes ; les archives interm\u00e9diaires et les archives historiques.<\/p>\n<p>Ainsi d\u00e9finies, on voit que, contrairement aux id\u00e9es re\u00e7ues, les archives ne sont donc pas uniquement les vieux documents que certains pr\u00e9f\u00e8rent qualifier de \u00ab\u00a0poussi\u00e9reux et crasseux\u00a0\u00bb. L\u2019autre constat qui \u00e9mane de cette d\u00e9finition, est que les documents publics, eux-m\u00eames, sont des archives. Toutes les stations qui composent l\u2019administration publique fonctionnent gr\u00e2ce \u00e0 la circulation verticale et horizontale de l\u2019information sous forme de documents quels qu\u2019en soient la date, le format, le support ou la nature diplomatique. Ce qui pose la probl\u00e9matique de la fonction ou des fonctions des archives dans l\u2019administration publique. Les archives rel\u00e8vent du domaine de la souverainet\u00e9 nationale\u00a0: Un Etat suppose l\u2019existence d\u2019un territoire bien d\u00e9limit\u00e9 par des fronti\u00e8res reconnues au niveau international\u00a0; les archives nous montrent les diff\u00e9rentes bornes fronti\u00e8res qui nous s\u00e9parent de nos voisins. Gr\u00e2ces \u00e0 ces preuves, les ressources \u00e9nerg\u00e9tiques que nous partageons avec nos voisins mauritaniens n\u2019ont pas \u00e9t\u00e9 sources de tension.<\/p>\n<p>Un Etat, pour exister, a besoin de d\u00e9mocratie et de transparence\u00a0; Les propositions faites par l\u2019ex\u00e9cutif (le Pr\u00e9sident et son Gouvernement) se transforment \u00e0 des archives l\u00e9gislatives apr\u00e8s approbation des d\u00e9put\u00e9s du Peuple et sont ex\u00e9cut\u00e9es sous l\u2019\u0153il vigilant des autorit\u00e9s judiciaires. M\u00eame devant le juge, les premiers t\u00e9moins appel\u00e9s devant la barre sont les archives\u00a0: les archives ont une valeur probatoire\u00a0!<\/p>\n<p>A l\u2019h\u00f4pital, malgr\u00e9 la mobilit\u00e9 du personnel sanitaire de garde, les archives hospitali\u00e8res permettent le suivi.<\/p>\n<p>La boulimie fonci\u00e8re reste frein\u00e9e par les archives fonci\u00e8res et domaniales qui permettent \u00e0 chaque propri\u00e9taire de pouvoir brandir ses propri\u00e9t\u00e9s.<\/p>\n<p>Les archives de l\u2019\u00e9tat-civil garantissent \u00e0 chaque citoyen son identit\u00e9 et sa citoyennet\u00e9. Il y a d\u2019autres fonctions comme celles de la M\u00e9moire\u00a0: L\u2019Etat, pour exister, a besoin de son histoire comme source d\u2019inspiration et de rep\u00e8re. Ne dit-on pas d\u2019ailleurs et \u00e0 juste raison\u00a0: \u00ab\u00a0Un peuple sans archives est un peuple amn\u00e9sique\u00a0\u00bb.<\/p>\n<p>Le g\u00e9nie personnel des citoyens est \u00e9galement prot\u00e9g\u00e9 par la propri\u00e9t\u00e9 intellectuelle (l\u2019art, l\u2019\u00e9criture, etc.). Il y a les archives culturelles, religieuses (le Culte) et les archives sportives. Ces archives sont celles qui titillent la fibre patriotique du citoyen, son dernier rempart contre l\u2019influence \u00e9trang\u00e8re\u00a0; Ou encore celles qui r\u00e9concilient l\u2019humain avec son dieu ou avec ses anc\u00eatres.<\/p>\n<p>Quand toutes ces archives fonctionnent correctement, l\u2019Etat joue pleinement son r\u00f4le de Garant des droits et des libert\u00e9s des citoyens. \u00a0Quand des citoyens sont libres et \u00e9gaux devant la Loi, ils deviennent performants et r\u00e9publicains. En r\u00e9sum\u00e9, le r\u00f4le des archives dans l\u2019administration publique est \u00e0 la fois la souverainet\u00e9, la m\u00e9moire, la d\u00e9mocratie et transparence (tra\u00e7abilit\u00e9 et bonne gouvernance), la justice et le d\u00e9veloppement. C\u2019est ce qui faisait dire \u00e0 ce c\u00e9l\u00e8bre homme d\u2019Etat\u00a0: \u00ab Donnez-moi de bonnes archives et je vous ferais une bonne administration\u00a0\u00bb.<\/p>\n<p><strong>\u00a0<\/strong><\/p>\n<p>Cr\u00e9e en 1982, le Service r\u00e9gional des Archives de Saint-Louis (SRA) est l\u2019un des cinq SRA que compte actuellement le S\u00e9n\u00e9gal. Il faut le rappeler, jusqu\u2019en janvier 1981, le S\u00e9n\u00e9gal ne disposait pas ni de loi sur les archives ni de service r\u00e9gional d\u2019archives. Notre pays s\u2019inspirait de la loi fran\u00e7aise de 1979 sur les archives. Il a fallu attendre le 2 f\u00e9vrier 1981 pour que la loi n\u00b0 81-02 du 02 f\u00e9vrier 1981 r\u00e8gle d\u00e9finitivement ce probl\u00e8me. Ce sont cette loi et le d\u00e9cret 81-430 du 15 avril 1981 qui ont cr\u00e9\u00e9 officiellement les services r\u00e9gionaux d\u2019archives et ont d\u00e9fini leurs missions. Mais c\u2019est en 1982, que furent ouverts les premiers services r\u00e9gionaux d\u2019archives dans sept (7) r\u00e9gions : Cap-Vert, R\u00e9gion du Fleuve, Thi\u00e8s, S\u00e9n\u00e9gal oriental, Casamance, Diourbel et Louga. La seule r\u00e9gion qui restait sans service d\u2019archives \u00e0 l\u2019\u00e9poque, \u00e9tait celle de Sine-Saloum faute de candidat (professionnel issu de cette localit\u00e9 qui optait pour y aller. La Direction ne voulait pas user de la force). Deux raisons ont pr\u00e9sid\u00e9 \u00e0 la cr\u00e9ation de ces services r\u00e9gionaux d\u2019archives :<\/p>\n<ul>\n<li>La premi\u00e8re est expliqu\u00e9e dans la circulaire du minist\u00e8re de l\u2019Int\u00e9rieur n\u00b01759\/M.INT\/D.A.G.A. T du 13 Mars 1981. Cette circulaire cite les rapports de corps de contr\u00f4le, notamment de l\u2019Inspection G\u00e9n\u00e9rale d\u2019Etat et les visites inopin\u00e9es dans les services d\u00e9concentr\u00e9s de l\u2019Etat dans les r\u00e9gions par les agents de la Direction des Archives nationales. Il ressortait que les Archives, dans les circonscriptions administratives, exception faite pour Dakar, ne b\u00e9n\u00e9ficiaient d\u2019aucune organisation. Par cons\u00e9quent il \u00e9tait demand\u00e9 aux gouverneurs de r\u00e9gion, en application \u00e0 la nouvelle loi sur les archives, de prendre les mesures qui s\u2019imposaient pour la mise sur pied d\u2019une cellule d\u2019archives.<\/li>\n<li>La deuxi\u00e8me raison \u00e9tait de rapprocher l\u2019administration des administr\u00e9s.<\/li>\n<\/ul>\n<p>Ce service a \u00e9t\u00e9 dirig\u00e9, d\u00e8s son ouverture par Madame Marie B. Diagne de 1982 \u00e0 1983, puis par Monsieur Ngor S\u00e8ne de 1983 au 16 Mars 2015 et par Monsieur Mohamed Lamine Kane du 16 mars 2015 \u00e0 nos jours.<\/p>\n<p><strong>Adresse\/localisation<\/strong><\/p>\n<p>Le Service R\u00e9gional des Archives de Saint-Louis se trouve \u00e0 la Gouvernance de Saint-Louis, au 1<sup>er<\/sup> \u00e9tage, pr\u00e8s du Cabinet du Gouverneur. Place Baya (ex-Faidherbe). E-mail\u00a0:<a href=\"mailto:Archives-de-SaintLouisndar@outlook.fr\">Archives-de-SaintLouisndar@outlook.fr<\/a> Tel\u00a0:77.133.10.72<\/p>\n<\/div>\n<\/div>\n<p>[\/et_pb_text][\/et_pb_column][et_pb_column type=\u00a0\u00bb1_2&Prime; _builder_version=\u00a0\u00bb4.22.0&Prime; _module_preset=\u00a0\u00bbdefault\u00a0\u00bb global_colors_info=\u00a0\u00bb{}\u00a0\u00bb][et_pb_image src=\u00a0\u00bbhttp:\/\/archivesdusenegal.gouv.sn\/wp-content\/uploads\/2025\/07\/Saint-Louis-1.jpg\u00a0\u00bb title_text=\u00a0\u00bbSaint Louis (1)\u00a0\u00bb _builder_version=\u00a0\u00bb4.22.0&Prime; _module_preset=\u00a0\u00bbdefault\u00a0\u00bb min_height=\u00a0\u00bb349px\u00a0\u00bb hover_enabled=\u00a0\u00bb0&Prime; border_radii=\u00a0\u00bbon|10px|10px|10px|10px\u00a0\u00bb global_colors_info=\u00a0\u00bb{}\u00a0\u00bb sticky_enabled=\u00a0\u00bb0&Prime;][\/et_pb_image][et_pb_text _builder_version=\u00a0\u00bb4.22.0&Prime; _module_preset=\u00a0\u00bbdefault\u00a0\u00bb hover_enabled=\u00a0\u00bb0&Prime; sticky_enabled=\u00a0\u00bb0&Prime; text_text_color=\u00a0\u00bb#000000&Prime; text_font_size=\u00a0\u00bb16px\u00a0\u00bb text_line_height=\u00a0\u00bb1.8em\u00a0\u00bb text_font=\u00a0\u00bb|300|||||||\u00a0\u00bb]<\/p>\n<p><span style=\"color: #008000;\"><strong>MISSIONS PRINCIPALES<\/strong><\/span><\/p>\n<p>Les Services r\u00e9gionaux d\u2019archives ou Archives r\u00e9gionales sont annonc\u00e9s par la loi 2006-19 du 30 juin 2006<a href=\"#_ftn1\" name=\"_ftnref1\"><sup>[1]<\/sup><\/a>, notamment \u00e0 ses articles 8 et 14, mais c\u2019est effectivement le chapitre 3 du d\u00e9cret 2006-596<a href=\"#_ftn2\" name=\"_ftnref2\"><sup>[2]<\/sup><\/a> du 10 juillet 2006 notamment \u00e0 ses articles 12 et 13, qui d\u00e9finit les missions des services r\u00e9gionaux d\u2019archives.<\/p>\n<p>Les Archives r\u00e9gionales sont charg\u00e9es de conserver et d\u2019exploiter :<\/p>\n<ul>\n<li>Les documents re\u00e7us ou \u00e9labor\u00e9s par les administrations, assembl\u00e9es, tribunaux, \u00e9tablissements, soci\u00e9t\u00e9s et organismes mentionn\u00e9s \u00e0 l\u2019article 2 de la loi 81-02 du 02 f\u00e9vrier 1981 fonctionnant ou ayant fonctionn\u00e9 depuis 1958 sur le territoire de la r\u00e9gion\u00a0;<\/li>\n<li>Les documents publics provenant des officiers publics et minist\u00e9riels exer\u00e7ant ou ayant exerc\u00e9 depuis 1958 sur le territoire de la r\u00e9gion ;<\/li>\n<li>Les documents qui leur sont donn\u00e9s, l\u00e9gu\u00e9s, vendus ou confi\u00e9s en d\u00e9p\u00f4t ;<\/li>\n<li>Les documents provenant des services et \u00e9tablissements des d\u00e9partements et des arrondissements de la r\u00e9gion ;<\/li>\n<li>D\u2019une fa\u00e7on g\u00e9n\u00e9rale, tous les documents qu\u2019un texte de loi leur attribue.<\/li>\n<li>Les Archives r\u00e9gionales remplissent, dans la r\u00e9gion les m\u00eames fonctions que les Archives nationales, telles que d\u00e9finies \u00e0 l\u2019article 9 ; autrement dit, elles ont pour r\u00f4le de collecter, d\u2019inventorier, de classer, de conserver et communiquer l\u2019ensemble des \u00e9crits et documents provenant de l\u2019activit\u00e9 des institutions officielles et non officielles de communaut\u00e9s sociopolitiques et religieuses, des organisations de travail, des personnes morales de droit priv\u00e9 et des particuliers ayant exist\u00e9 ou existant sur le territoire r\u00e9gional.<\/li>\n<li>Evidemment, \u00e0 ces missions, il faut y ajouter la valorisation du patrimoine documentaire. La raison d\u2019\u00eatre de la Semaine Internationale des Archives (SIA) recommand\u00e9e par l\u2019ICA \u00e0 ses membres c\u2019est la visibilit\u00e9 de la fonction et des professionnels d\u2019archives.<\/li>\n<\/ul>\n<p>Le responsable du Service des Archives R\u00e9gionales porte le titre de chef du Service r\u00e9gional des Archives. Il repr\u00e9sente dans la r\u00e9gion, le directeur des Archives du S\u00e9n\u00e9gal. A ce titre, il est la seule habilit\u00e9 \u00e0 d\u00e9livrer un visa de destruction de documents administratifs et d\u2019archives publiques<\/p>\n<p>&nbsp;<\/p>\n<p><a href=\"#_ftnref1\" name=\"_ftn1\"><\/a><\/p>\n<p><a href=\"#_ftnref2\" name=\"_ftn2\"><\/a><\/p>\n<p>[\/et_pb_text][et_pb_image src=\u00a0\u00bbhttp:\/\/archivesdusenegal.gouv.sn\/wp-content\/uploads\/2025\/07\/SAINT-lOUIS-2.jpg\u00a0\u00bb _builder_version=\u00a0\u00bb4.22.0&Prime; _module_preset=\u00a0\u00bbdefault\u00a0\u00bb title_text=\u00a0\u00bbSAINT-lOUIS-2&Prime; hover_enabled=\u00a0\u00bb0&Prime; sticky_enabled=\u00a0\u00bb0&Prime; custom_margin=\u00a0\u00bb-93px|||||\u00a0\u00bb][\/et_pb_image][et_pb_text _builder_version=\u00a0\u00bb4.22.0&Prime; _module_preset=\u00a0\u00bbdefault\u00a0\u00bb hover_enabled=\u00a0\u00bb0&Prime; sticky_enabled=\u00a0\u00bb0&Prime;]<\/p>\n<p><span style=\"color: #008000;\"><strong>PARTENAIRES INSTITUTIONNELS OU TECHNIQUES<\/strong><\/span><\/p>\n<p>Le Service r\u00e9gional collabore \u00e9troitement avec\u00a0:<\/p>\n<ul>\n<li>Le Centre de Documentation et des Archives (CDA) de l\u2019OMVS<\/li>\n<li>Le Centre de Recherche et de Documentation du S\u00e9n\u00e9gal (CRDS) ex IFAN de Saint-Louis.<\/li>\n<\/ul>\n<p><strong>FONDS D\u2019ARCHIVES<\/strong><\/p>\n<p>Dans sa composition, le Service R\u00e9gional des Archives de Saint-Louis \u00e9pouse l\u2019ossature de la Direction des Archives du S\u00e9n\u00e9gal. On y trouve trois fonds documentaires :<\/p>\n<ul>\n<li>Une biblioth\u00e8que ;<\/li>\n<li>Un centre de documentation ;<\/li>\n<li>Un service d\u2019archives.<\/li>\n<\/ul>\n<p>Conform\u00e9ment \u00e0 l\u2019article 12 du d\u00e9cret pr\u00e9cit\u00e9, la p\u00e9riode de comp\u00e9tence couvre les documents produits depuis 1958. Toutefois, certaines archives ant\u00e9rieures subsistent, car les missions de 1981 charg\u00e9es de rapatrier \u00e0 Dakar les documents ant\u00e9rieurs \u00e0 1958 n\u2019ont pu tout r\u00e9cup\u00e9rer.<\/p>\n<p>Le SRA de Saint-Louis conserve notamment :<\/p>\n<ul>\n<li>Une partie du fonds du Tribunal musulman, comprenant cent soixante-dix-huit (178) dossiers dont les dates extr\u00eames sont comprises entre 1850 et 1974. C\u2019est un fonds confi\u00e9, appartenant au Tribunal de Grande Instance de Saint-Louis qui est la seule habilit\u00e9 \u00e0 d\u00e9livrer les autorisations de consultation.<\/li>\n<li>Six documents \u00e9lectroniques (CD-ROM) portant sur :<\/li>\n<\/ul>\n<ul>\n<ul>\n<li>Le Plan de sauvegarde de l\u2019\u00eele de Saint-Louis,<\/li>\n<li>La f\u00eate annuelle de l\u2019ind\u00e9pendance,<\/li>\n<li>La d\u00e9centralisation.<\/li>\n<\/ul>\n<\/ul>\n<p>L\u2019inventaire reste non achev\u00e9, en raison du manque de personnel et de ressources destin\u00e9es aux stagiaires. Ceci explique l\u2019absence d\u2019un index, pourtant indispensable \u00e0 tout instrument de recherche complet.<\/p>\n<p><strong>PERIODES COUVERTES<\/strong><\/p>\n<ul>\n<li>Publications officielles : 1843\u20132000<\/li>\n<li>Dossiers d\u2019archives : 1872\u20132017<\/li>\n<\/ul>\n<p>[\/et_pb_text][\/et_pb_column][\/et_pb_row][et_pb_row _builder_version=\u00a0\u00bb4.22.0&Prime; _module_preset=\u00a0\u00bbdefault\u00a0\u00bb global_colors_info=\u00a0\u00bb{}\u00a0\u00bb][et_pb_column type=\u00a0\u00bb4_4&Prime; _builder_version=\u00a0\u00bb4.22.0&Prime; _module_preset=\u00a0\u00bbdefault\u00a0\u00bb global_colors_info=\u00a0\u00bb{}\u00a0\u00bb][et_pb_text _builder_version=\u00a0\u00bb4.22.0&Prime; _module_preset=\u00a0\u00bbdefault\u00a0\u00bb hover_enabled=\u00a0\u00bb0&Prime; global_colors_info=\u00a0\u00bb{}\u00a0\u00bb sticky_enabled=\u00a0\u00bb0&Prime; text_font=\u00a0\u00bb|300|||||||\u00a0\u00bb text_text_color=\u00a0\u00bb#000000&Prime; text_font_size=\u00a0\u00bb16px\u00a0\u00bb text_line_height=\u00a0\u00bb1.8em\u00a0\u00bb]<\/p>\n<div class=\"et_pb_module et_pb_text et_pb_text_8  et_pb_text_align_left et_pb_bg_layout_light\">\n<div class=\"et_pb_text_inner\">\n<p><span style=\"color: #008000;\"><strong>ACTIVITES ET REALISATIONS<\/strong><\/span><\/p>\n<ul>\n<li>2015\u00a0: Tourn\u00e9e r\u00e9gionale de travail dans les d\u00e9partements de Dagana et Podor\u00a0;<\/li>\n<li>2016\u00a0: KANE, Mohamed Lamine. L\u2019exp\u00e9rience des services r\u00e9gionaux d\u2019archives au S\u00e9n\u00e9gal apr\u00e8s trente ans d\u2019existence. Comma [en ligne]. 2016, Vol. 2015, no 1, p. 107\u2011112. DOI :10.3828\/comma.2015.1.14URL <a href=\"http:\/\/online.liverpooluniversitypress.co.uk\/doi\/abs\/10.3828\/comma.2015.1.14\">http:\/\/online.liverpooluniversitypress.co.uk\/doi\/abs\/10.3828\/comma.2015.1.14<\/a>;<\/li>\n<li>9 juin 2017\u00a0: Organisation de l\u2019exposition d\u2019archives sur l\u2019histoire de la ville de Saint-Louis\u00a0;<\/li>\n<li>Appui local, accueil et animation de l\u2019Exposition itin\u00e9rante sur \u201cL\u2019histoire du S\u00e9n\u00e9gal \u00e0 travers les archives\u201d du 9 au 12 Juin 2021 au CRDS de Saint-Louis, du 13 au 15 juin 2021 \u00e0 la Gouvernance de Thi\u00e8s. Archives du S\u00e9n\u00e9gal\u00a0;<\/li>\n<li>8 juin 2022\u00a0: Organisation de la Prestation de serment de six (6) archivistes des services publics de la r\u00e9gion de Saint-Louis\u00a0;<\/li>\n<li>5 juin 2024<strong><\/strong>: Mod\u00e9rateur de la Conf\u00e9rence anim\u00e9e par le Professeur Mbaye THIAM lors de la Semaine internationale des Archives organis\u00e9e par le Centre de documentation et des archives de l\u2019Organisation pour la mise en valeur du fleuve S\u00e9n\u00e9gal (OMVS), en collaboration avec la Biblioth\u00e8que centrale de l\u2019UGB et dont le th\u00e8me \u00e9tait \u00ab La place des archives dans les politiques publiques des \u00c9tats africains : cas du S\u00e9n\u00e9gal \u00bb\u00a0;<\/li>\n<li>2025 (Janvier-octobre)\u00a0: Vingt un (21) consultations sur place et soixante-cinq (65) demandes de recherche par t\u00e9l\u00e9phone\u00a0;<\/li>\n<li>2025 \u2013 Depuis 2015 \u00e0 nos jours, quinze (15) \u00e9tudiants (Douze de l\u2019UFR CRAC de l\u2019UGB et trois \u00e9tudiants de l\u2019EBAD, section archives) ont effectu\u00e9 leur stage sous l\u2019encadrement du chef du service r\u00e9gional des archives de Saint-Louis.<\/li>\n<li>Depuis 2015, le chef de service est le guide des visiteurs du Palais du Gouvernement qui re\u00e7oit plus de 1000 visiteurs. Il a accueilli les autorit\u00e9s suivantes\u00a0;<\/li>\n<li>Le Ministre des Finances Amadou Ba accompagn\u00e9 du Maire de Paris et de son homologue Mansour Faye en 2018\u00a0;<\/li>\n<li>En 2025, Accueil de la section Patrimoine de la Cour des Comptes\u00a0;<\/li>\n<li>En juin 2025, accueil du Ministre de Tourisme Monsieur Mountaga DIAO\u00a0;<\/li>\n<li>En Octobre 2025, Accueil de la Commission de la Culture et de la Communication de l\u2019Assembl\u00e9e nationale du S\u00e9n\u00e9gal\u00a0;<\/li>\n<li>En octobre 2025, Accueil du Programme de lancement de la phase commune m\u00e9canisme universel WAJAAL XALEYI<\/li>\n<\/ul>\n<p>&nbsp;<\/p>\n<\/div>\n<\/div>\n<p>[\/et_pb_text][\/et_pb_column][\/et_pb_row][\/et_pb_section]<\/p>\n","protected":false},"excerpt":{"rendered":"<p>Pr\u00e9sentation\u00a0 L\u2019article 1 de la loi 2006-19 du 30 juin 2006 relative aux archives et aux documents administratifs d\u00e9finit les archives comme suit\u00a0: \u00ab\u00a0Les archives sont constitu\u00e9es par l\u2019ensemble des documents, quels qu\u2019en soient la nature, la date, la forme ou le support mat\u00e9riel, produits ou re\u00e7us par une personne physique ou morale dans le [&hellip;]<\/p>\n","protected":false},"author":3,"featured_media":0,"parent":0,"menu_order":0,"comment_status":"closed","ping_status":"closed","template":"","meta":{"_et_pb_use_builder":"on","_et_pb_old_content":"<!-- wp:divi\/placeholder \/-->","_et_gb_content_width":"","footnotes":""},"class_list":["post-771","page","type-page","status-publish","hentry"],"_links":{"self":[{"href":"https:\/\/archivesdusenegal.gouv.sn\/index.php?rest_route=\/wp\/v2\/pages\/771","targetHints":{"allow":["GET"]}}],"collection":[{"href":"https:\/\/archivesdusenegal.gouv.sn\/index.php?rest_route=\/wp\/v2\/pages"}],"about":[{"href":"https:\/\/archivesdusenegal.gouv.sn\/index.php?rest_route=\/wp\/v2\/types\/page"}],"author":[{"embeddable":true,"href":"https:\/\/archivesdusenegal.gouv.sn\/index.php?rest_route=\/wp\/v2\/users\/3"}],"replies":[{"embeddable":true,"href":"https:\/\/archivesdusenegal.gouv.sn\/index.php?rest_route=%2Fwp%2Fv2%2Fcomments&post=771"}],"version-history":[{"count":11,"href":"https:\/\/archivesdusenegal.gouv.sn\/index.php?rest_route=\/wp\/v2\/pages\/771\/revisions"}],"predecessor-version":[{"id":2587,"href":"https:\/\/archivesdusenegal.gouv.sn\/index.php?rest_route=\/wp\/v2\/pages\/771\/revisions\/2587"}],"wp:attachment":[{"href":"https:\/\/archivesdusenegal.gouv.sn\/index.php?rest_route=%2Fwp%2Fv2%2Fmedia&parent=771"}],"curies":[{"name":"wp","href":"https:\/\/api.w.org\/{rel}","templated":true}]}}