{"id":945,"date":"2024-09-25T12:02:23","date_gmt":"2024-09-25T12:02:23","guid":{"rendered":"https:\/\/archivesdusenegal.gouv.sn\/?page_id=945"},"modified":"2025-11-16T14:25:58","modified_gmt":"2025-11-16T14:25:58","slug":"federation-du-mali-2","status":"publish","type":"page","link":"https:\/\/archivesdusenegal.gouv.sn\/?page_id=945","title":{"rendered":"Federation du Mali"},"content":{"rendered":"<p>[et_pb_section fb_built=\u00a0\u00bb1&Prime; _builder_version=\u00a0\u00bb4.22.0&Prime; _module_preset=\u00a0\u00bbdefault\u00a0\u00bb global_colors_info=\u00a0\u00bb{}\u00a0\u00bb][et_pb_row _builder_version=\u00a0\u00bb4.22.0&Prime; _module_preset=\u00a0\u00bbdefault\u00a0\u00bb global_colors_info=\u00a0\u00bb{}\u00a0\u00bb][et_pb_column type=\u00a0\u00bb4_4&Prime; _builder_version=\u00a0\u00bb4.22.0&Prime; _module_preset=\u00a0\u00bbdefault\u00a0\u00bb global_colors_info=\u00a0\u00bb{}\u00a0\u00bb][et_pb_accordion _builder_version=\u00a0\u00bb4.22.0&Prime; _module_preset=\u00a0\u00bbdefault\u00a0\u00bb hover_enabled=\u00a0\u00bb0&Prime; global_colors_info=\u00a0\u00bb{}\u00a0\u00bb sticky_enabled=\u00a0\u00bb0&Prime;][et_pb_accordion_item open=\u00a0\u00bbon\u00a0\u00bb open_toggle_text_color=\u00a0\u00bb#00853F\u00a0\u00bb _builder_version=\u00a0\u00bb4.22.0&Prime; _module_preset=\u00a0\u00bbdefault\u00a0\u00bb body_font=\u00a0\u00bb|300|||||||\u00a0\u00bb body_text_color=\u00a0\u00bb#000000&Prime; body_font_size=\u00a0\u00bb16px\u00a0\u00bb body_line_height=\u00a0\u00bb2em\u00a0\u00bb text_orientation=\u00a0\u00bbjustified\u00a0\u00bb hover_enabled=\u00a0\u00bb0&Prime; global_colors_info=\u00a0\u00bb{}\u00a0\u00bb toggle_font=\u00a0\u00bb||||||||\u00a0\u00bb sticky_enabled=\u00a0\u00bb0&Prime;]<\/p>\n<h2 style=\"text-align: center;\"><span style=\"color: #339966;\"><strong>\u00a0TEXTES LEGISLATIS ET R\u00c9GLEMENTAIRES<\/strong><\/span><\/h2>\n<p><strong><\/strong><\/p>\n<p><strong><\/strong><\/p>\n<p>La Direction des Archives du S\u00e9n\u00e9gal (DAS) met \u00e0 la disposition du public des actes r\u00e9glementaires produits par l\u2019administration, dans le respect des normes de communication et des restrictions li\u00e9es aux documents sensibles (secrets, vie priv\u00e9e, etc.). L\u2019acc\u00e8s est libre pour le public.<\/p>\n<p>La loi n\u00b0 2006-19 du 30 juin 2006 relative aux archives et aux documents administratifs encadre la gestion des documents publics, depuis leur cr\u00e9ation jusqu\u2019\u00e0 leur conservation d\u00e9finitive. Elle inclut notamment les actes r\u00e9glementaires, instruments essentiels du fonctionnement administratif et de l\u2019application des lois.<\/p>\n<p>Les actes r\u00e9glementaires sont des d\u00e9cisions administratives \u00e0 port\u00e9e g\u00e9n\u00e9rale et impersonnelle. Ils sont tr\u00e8s utiles, tant pour les usagers que pour l\u2019administration, car ils permettent de mettre en \u0153uvre les lois et d\u2019encadrer l\u2019administration, garantissant ainsi la l\u00e9galit\u00e9, l\u2019efficacit\u00e9 et la bonne conduite du service public.<\/p>\n<p>Ces actes permettent \u00e9galement aux agents de la fonction publique s\u00e9n\u00e9galaise de mieux comprendre leur carri\u00e8re professionnelle, en \u00e9tablissant les r\u00e8gles g\u00e9n\u00e9rales qui r\u00e9gissent leur parcours, leurs conditions de travail et leurs obligations de service public.<\/p>\n<p>Les principaux types d\u2019actes r\u00e9glementaires conserv\u00e9s \u00e0 la Direction des Archives du S\u00e9n\u00e9gal sont les suivants :<\/p>\n<h3>\ud83d\udcdc<span style=\"color: #339966;\"><strong><u>LES LOIS<\/u><\/strong><\/span><span style=\"color: #339966;\"><strong><u><\/u><\/strong><\/span><span style=\"color: #339966;\"><strong><u><\/u><\/strong><\/span><\/h3>\n<ul>\n<li>P\u00e9riode conserv\u00e9e<strong> : <em>1960 \u00e0 2018<\/em><\/strong><\/li>\n<\/ul>\n<p>La <span style=\"color: #339966;\"><strong>loi<\/strong><\/span> est une r\u00e8gle juridique adopt\u00e9e par le pouvoir l\u00e9gislatif (l\u2019Assembl\u00e9e nationale) et promulgu\u00e9e par le Pr\u00e9sident de la R\u00e9publique. Elle encadre la vie politique, \u00e9conomique et sociale du pays.<\/p>\n<p>Aux Archives du S\u00e9n\u00e9gal<strong>, <\/strong>les lois sont consultables \u00e0 travers la collection du <strong><em>Journal officiel (JO)<\/em><\/strong> de la R\u00e9publique du S\u00e9n\u00e9gal <strong>\u00a0<\/strong>conserv\u00e9e dans nos fonds (voir Ressources \u279c Journal officiel).<\/p>\n<h3>\ud83d\udcdc <span style=\"color: #339966;\"><strong><u>LES DECRETS<\/u><\/strong><\/span><\/h3>\n<ul>\n<li>P\u00e9riode conserv\u00e9e<strong> : <em>1960 \u00e0 2018<\/em><\/strong><\/li>\n<\/ul>\n<p><span style=\"color: #339966;\"><strong>Un d\u00e9cret<\/strong><\/span> est un acte administratif \u00e0 port\u00e9e r\u00e9glementaire, pris par une autorit\u00e9 ex\u00e9cutive (le Pr\u00e9sident de la R\u00e9publique ou le Premier ministre) pour appliquer la loi, organiser les services de l\u2019\u00c9tat ou fixer des normes d\u2019administration. En effet, il peut servir \u00e0 attribuer des comp\u00e9tences, cr\u00e9er ou organiser des structures, r\u00e9partir des services publics ou fixer des normes d\u2019application.<\/p>\n<p>Centralis\u00e9s \u00e0 la Primature, ils sont ensuite vers\u00e9s aux Archives nationales pour conservation permanente.<\/p>\n<h3>\ud83d\udcdc <span style=\"color: #339966;\"><strong><u>LES ARRETES ET DECISIONS<\/u><\/strong><\/span><\/h3>\n<ul>\n<li>P\u00e9riode conserv\u00e9e : <em><strong>1960 \u00e0 2018<\/strong><\/em><\/li>\n<\/ul>\n<ul>\n<li><span style=\"color: #339966;\"><strong>Un<\/strong> <strong>arr\u00eat\u00e9<\/strong><\/span> est un acte r\u00e8glementaire pris par une autorit\u00e9 (ministre ou autre autorit\u00e9 administrative, selon le niveau de comp\u00e9tence). Il peut \u00eatre minist\u00e9riel, interminist\u00e9riel, pr\u00e9fectoral, etc., en fonction du domaine et de la juridiction concern\u00e9e. Bien que sa port\u00e9e soit moins \u00e9lev\u00e9e qu\u2019un d\u00e9cret, un arr\u00eat\u00e9 peut r\u00e9glementer l\u2019application de lois, fixer les modalit\u00e9s d\u2019organisation d\u2019un service ou d\u00e9finir les d\u00e9tails d\u2019ex\u00e9cution.<\/li>\n<li><span style=\"color: #339966;\"><strong>Une d\u00e9cision administrative<\/strong><\/span> est un acte pris par une autorit\u00e9 administrative (ministre, pr\u00e9fet, directeur d\u2019\u00e9tablissement public, etc.) dans le cadre de ses comp\u00e9tences. Elle vise \u00e0 r\u00e9gler une situation particuli\u00e8re ou \u00e0 prendre une mesure concr\u00e8te affectant une personne ou un service. Cela peut concerner des nominations, autorisations, sanctions, attributions, etc.<\/li>\n<\/ul>\n<p>Ces documents, produits par l\u2019ensemble de l\u2019administration \u00e0 l\u2019exception du Pr\u00e9sident de la R\u00e9publique et du Premier ministre, sont \u00e9galement centralis\u00e9s \u00e0 la Primature avant d\u2019\u00eatre transmis aux Archives nationales<strong>.<\/strong><\/p>\n<h3>\ud83d\udcdc<span style=\"color: #339966;\"> <strong><u>LES CIRCULAIRES<\/u><\/strong><\/span><\/h3>\n<ul>\n<li>P\u00e9riode conserv\u00e9e<strong> : <em>1936 \u00e0 2025<\/em><\/strong><\/li>\n<\/ul>\n<p><span style=\"color: #339966;\"><strong>Une circulaire<\/strong><\/span> est un acte \u00e0 caract\u00e8re unilat\u00e9ral, interne \u00e0 l\u2019administration et ne modifiant pas le principe l\u2019ordonnancement juridique, adress\u00e9 par une autorit\u00e9 administrative \u00e0 ses services pour leur indiquer la mani\u00e8re d\u2019appliquer certaines dispositions l\u00e9gislatives ou r\u00e9glementaires.<br \/>Elle vise \u00e0 assurer une interpr\u00e9tation et une application uniforme des textes r\u00e9glementaires par l\u2019ensemble des agents concern\u00e9s.<\/p>\n<p>Les Archives du S\u00e9n\u00e9gal g\u00e8re une importante collection de circulaires \u00e9manant de l\u2019administration publique s\u00e9n\u00e9galaise et qui fait l\u2019objet d\u2019une impl\u00e9mentation en base de donn\u00e9es sous Access d\u00e9nombrant quatre mille deux cent quarante-six (4246) entr\u00e9es au 20 ao\u00fbt 2025.<\/p>\n<p>Cependant, il y a lieu de noter que le d\u00e9p\u00f4t des circulaires n\u2019est plus r\u00e9gulier depuis 2000, occasionnant ainsi un ralentissement voire un arr\u00eat de l\u2019accroissement de ladite collection.<\/p>\n<p>[\/et_pb_accordion_item][\/et_pb_accordion][\/et_pb_column][\/et_pb_row][\/et_pb_section]<\/p>\n","protected":false},"excerpt":{"rendered":"<p>\u00a0TEXTES LEGISLATIS ET R\u00c9GLEMENTAIRES La Direction des Archives du S\u00e9n\u00e9gal (DAS) met \u00e0 la disposition du public des actes r\u00e9glementaires produits par l\u2019administration, dans le respect des normes de communication et des restrictions li\u00e9es aux documents sensibles (secrets, vie priv\u00e9e, etc.). L\u2019acc\u00e8s est libre pour le public. La loi n\u00b0 2006-19 du 30 juin 2006 [&hellip;]<\/p>\n","protected":false},"author":3,"featured_media":0,"parent":0,"menu_order":0,"comment_status":"closed","ping_status":"closed","template":"","meta":{"_et_pb_use_builder":"on","_et_pb_old_content":"<!-- wp:divi\/placeholder \/-->","_et_gb_content_width":"","footnotes":""},"class_list":["post-945","page","type-page","status-publish","hentry"],"_links":{"self":[{"href":"https:\/\/archivesdusenegal.gouv.sn\/index.php?rest_route=\/wp\/v2\/pages\/945","targetHints":{"allow":["GET"]}}],"collection":[{"href":"https:\/\/archivesdusenegal.gouv.sn\/index.php?rest_route=\/wp\/v2\/pages"}],"about":[{"href":"https:\/\/archivesdusenegal.gouv.sn\/index.php?rest_route=\/wp\/v2\/types\/page"}],"author":[{"embeddable":true,"href":"https:\/\/archivesdusenegal.gouv.sn\/index.php?rest_route=\/wp\/v2\/users\/3"}],"replies":[{"embeddable":true,"href":"https:\/\/archivesdusenegal.gouv.sn\/index.php?rest_route=%2Fwp%2Fv2%2Fcomments&post=945"}],"version-history":[{"count":8,"href":"https:\/\/archivesdusenegal.gouv.sn\/index.php?rest_route=\/wp\/v2\/pages\/945\/revisions"}],"predecessor-version":[{"id":2568,"href":"https:\/\/archivesdusenegal.gouv.sn\/index.php?rest_route=\/wp\/v2\/pages\/945\/revisions\/2568"}],"wp:attachment":[{"href":"https:\/\/archivesdusenegal.gouv.sn\/index.php?rest_route=%2Fwp%2Fv2%2Fmedia&parent=945"}],"curies":[{"name":"wp","href":"https:\/\/api.w.org\/{rel}","templated":true}]}}