{"id":947,"date":"2024-09-25T12:02:50","date_gmt":"2024-09-25T12:02:50","guid":{"rendered":"https:\/\/archivesdusenegal.gouv.sn\/?page_id=947"},"modified":"2025-11-16T22:55:29","modified_gmt":"2025-11-16T22:55:29","slug":"senegal-contemporain","status":"publish","type":"page","link":"https:\/\/archivesdusenegal.gouv.sn\/?page_id=947","title":{"rendered":"Senegal Contemporain"},"content":{"rendered":"<p>[et_pb_section fb_built=\u00a0\u00bb1&Prime; _builder_version=\u00a0\u00bb4.22.0&Prime; _module_preset=\u00a0\u00bbdefault\u00a0\u00bb global_colors_info=\u00a0\u00bb{}\u00a0\u00bb][et_pb_row _builder_version=\u00a0\u00bb4.22.0&Prime; _module_preset=\u00a0\u00bbdefault\u00a0\u00bb global_colors_info=\u00a0\u00bb{}\u00a0\u00bb][et_pb_column type=\u00a0\u00bb4_4&Prime; _builder_version=\u00a0\u00bb4.22.0&Prime; _module_preset=\u00a0\u00bbdefault\u00a0\u00bb global_colors_info=\u00a0\u00bb{}\u00a0\u00bb][et_pb_accordion _builder_version=\u00a0\u00bb4.22.0&Prime; _module_preset=\u00a0\u00bbdefault\u00a0\u00bb hover_enabled=\u00a0\u00bb0&Prime; global_colors_info=\u00a0\u00bb{}\u00a0\u00bb text_orientation=\u00a0\u00bbjustified\u00a0\u00bb open_toggle_text_color=\u00a0\u00bb#000000&Prime; toggle_level=\u00a0\u00bbh3&Prime; body_font=\u00a0\u00bb|300|||||||\u00a0\u00bb body_font_size=\u00a0\u00bb16px\u00a0\u00bb body_line_height=\u00a0\u00bb1.8em\u00a0\u00bb sticky_enabled=\u00a0\u00bb0&Prime;][et_pb_accordion_item title=\u00a0\u00bbLe S\u00e9n\u00e9gal contemporain\u00a0\u00bb open=\u00a0\u00bbon\u00a0\u00bb open_toggle_text_color=\u00a0\u00bb#000000&Prime; _builder_version=\u00a0\u00bb4.22.0&Prime; _module_preset=\u00a0\u00bbdefault\u00a0\u00bb body_text_color=\u00a0\u00bb#000000&Prime; global_colors_info=\u00a0\u00bb{}\u00a0\u00bb]<\/p>\n<p>Le fonds des archives du S\u00e9n\u00e9gal contemporain correspond \u00e0 l\u2019ensemble des fonds produits par l\u2019administration s\u00e9n\u00e9galaise d\u00e8s l\u2019av\u00e9nement des ind\u00e9pendances.<\/p>\n<p>Cette masse documentaire conserv\u00e9e aux Archives du S\u00e9n\u00e9gal, est subdivis\u00e9e en deux groupes\u00a0:<\/p>\n<ul>\n<li>Le premier regroupe les fonds sp\u00e9ciaux (FESMAN (1963-1967) et Chambre de Commerce de Dakar (1907-1975))<\/li>\n<li>Le deuxi\u00e8me groupe renferme les fonds des diff\u00e9rents gouvernements du S\u00e9n\u00e9gal \u00e0 savoir\u00a0:\n<ul>\n<li>Le fonds de la Vice Pr\u00e9sidence (1956-1962)<\/li>\n<li>Le fonds de la F\u00e9d\u00e9ration du Mali (1959-1963)<\/li>\n<li>Le fonds du S\u00e9n\u00e9gal ind\u00e9pendant \u00e0 partir de 1960.<\/li>\n<\/ul>\n<\/li>\n<\/ul>\n<p style=\"text-align: justify;\">\u00a0\u00a0\u00a0\u00a0\u00a0\u00a0\u00a0\u00a0\u00a0\u00a0\u00a0\u00a0\u00a0\u00a0\u00a0 L\u2019ensemble des fonds des archives du S\u00e9n\u00e9gal contemporain est clos sauf celui du S\u00e9n\u00e9gal ind\u00e9pendant qui est ouvert.<\/p>\n<p>[\/et_pb_accordion_item][\/et_pb_accordion][\/et_pb_column][\/et_pb_row][\/et_pb_section]<\/p>\n","protected":false},"excerpt":{"rendered":"<p>Le fonds des archives du S\u00e9n\u00e9gal contemporain correspond \u00e0 l\u2019ensemble des fonds produits par l\u2019administration s\u00e9n\u00e9galaise d\u00e8s l\u2019av\u00e9nement des ind\u00e9pendances. Cette masse documentaire conserv\u00e9e aux Archives du S\u00e9n\u00e9gal, est subdivis\u00e9e en deux groupes\u00a0: Le premier regroupe les fonds sp\u00e9ciaux (FESMAN (1963-1967) et Chambre de Commerce de Dakar (1907-1975)) Le deuxi\u00e8me groupe renferme les fonds des [&hellip;]<\/p>\n","protected":false},"author":3,"featured_media":0,"parent":0,"menu_order":0,"comment_status":"closed","ping_status":"closed","template":"","meta":{"_et_pb_use_builder":"on","_et_pb_old_content":"<!-- wp:divi\/placeholder \/-->","_et_gb_content_width":"","footnotes":""},"class_list":["post-947","page","type-page","status-publish","hentry"],"_links":{"self":[{"href":"https:\/\/archivesdusenegal.gouv.sn\/index.php?rest_route=\/wp\/v2\/pages\/947","targetHints":{"allow":["GET"]}}],"collection":[{"href":"https:\/\/archivesdusenegal.gouv.sn\/index.php?rest_route=\/wp\/v2\/pages"}],"about":[{"href":"https:\/\/archivesdusenegal.gouv.sn\/index.php?rest_route=\/wp\/v2\/types\/page"}],"author":[{"embeddable":true,"href":"https:\/\/archivesdusenegal.gouv.sn\/index.php?rest_route=\/wp\/v2\/users\/3"}],"replies":[{"embeddable":true,"href":"https:\/\/archivesdusenegal.gouv.sn\/index.php?rest_route=%2Fwp%2Fv2%2Fcomments&post=947"}],"version-history":[{"count":12,"href":"https:\/\/archivesdusenegal.gouv.sn\/index.php?rest_route=\/wp\/v2\/pages\/947\/revisions"}],"predecessor-version":[{"id":2629,"href":"https:\/\/archivesdusenegal.gouv.sn\/index.php?rest_route=\/wp\/v2\/pages\/947\/revisions\/2629"}],"wp:attachment":[{"href":"https:\/\/archivesdusenegal.gouv.sn\/index.php?rest_route=%2Fwp%2Fv2%2Fmedia&parent=947"}],"curies":[{"name":"wp","href":"https:\/\/api.w.org\/{rel}","templated":true}]}}